{"id":133040,"date":"2023-08-30T08:37:53","date_gmt":"2023-08-30T08:37:53","guid":{"rendered":"https:\/\/lighthouselocarno.ch\/politique-en-matiere-de-cookies-ue\/"},"modified":"2025-05-28T15:51:15","modified_gmt":"2025-05-28T15:51:15","slug":"politique-en-matiere-de-cookies-ue","status":"publish","type":"page","link":"https:\/\/lighthouselocarno.ch\/fr\/politique-en-matiere-de-cookies-ue\/","title":{"rendered":"Politique en mati\u00e8re de cookies (UE)"},"content":{"rendered":"\n<p><strong>Accessoires pour phares<\/strong><br\/><em>Derni\u00e8re mise \u00e0 jour : 1 juin 2025<\/em><\/p>\n\n<p>Le site <strong><a class=\"\" href=\"http:\/\/www.lighthouselocarno.ch\">www.lighthouselocarno.ch<\/a><\/strong> utilise des cookies et des technologies similaires pour assurer le bon fonctionnement du site, am\u00e9liorer l&rsquo;exp\u00e9rience des utilisateurs et analyser le trafic.<\/p>\n\n<p>La pr\u00e9sente politique en mati\u00e8re de cookies explique ce que sont les cookies, comment nous les utilisons et comment vous pouvez les g\u00e9rer.<\/p>\n\n<hr class=\"wp-block-separator has-alpha-channel-opacity\"\/>\n\n<h2 class=\"wp-block-heading\">1. Qu&rsquo;est-ce qu&rsquo;un cookie ?<\/h2>\n\n<p>Les <strong>cookies<\/strong> sont de petits fichiers texte qu&rsquo;un site web enregistre sur votre appareil lorsque vous le visitez. Ils sont utilis\u00e9s pour stocker des informations afin d&rsquo;am\u00e9liorer votre exp\u00e9rience de navigation (par exemple, la langue pr\u00e9f\u00e9r\u00e9e, les articles dans votre panier d&rsquo;achat). <\/p>\n\n<p>Les cookies peuvent \u00eatre :<\/p>\n\n<ul class=\"wp-block-list\">\n<li><strong>Technique<\/strong> (n\u00e9cessaire) : indispensable au fonctionnement du site<\/li>\n\n\n\n<li><strong>Analyse<\/strong>: collecte de donn\u00e9es agr\u00e9g\u00e9es sur l&rsquo;utilisation du site<\/li>\n\n\n\n<li><strong>Marketing\/profilage<\/strong>: utilis\u00e9 pour vous montrer de la publicit\u00e9 en fonction de vos centres d&rsquo;int\u00e9r\u00eat<\/li>\n<\/ul>\n\n<hr class=\"wp-block-separator has-alpha-channel-opacity\"\/>\n\n<h2 class=\"wp-block-heading\">2. Types de cookies utilis\u00e9s<\/h2>\n\n<h3 class=\"wp-block-heading\">\ud83d\udd27 Cookies techniques (n\u00e9cessaires)<\/h3>\n\n<ul class=\"wp-block-list\">\n<li>Fonctionnalit\u00e9 de base du site (panier d&rsquo;achat, connexion, choix de la langue)<\/li>\n\n\n\n<li>Ne n\u00e9cessite pas de consentement<\/li>\n<\/ul>\n\n<h3 class=\"wp-block-heading\">\ud83d\udcca Cookies analytiques (facultatif)<\/h3>\n\n<ul class=\"wp-block-list\">\n<li>Ils recueillent des informations anonymes sur le trafic, les pages visit\u00e9es et le comportement des utilisateurs.<\/li>\n\n\n\n<li>Exemples : Google Analytics (avec IP anonyme)<\/li>\n\n\n\n<li><strong>Ils n\u00e9cessitent un consentement<\/strong><\/li>\n<\/ul>\n\n<h3 class=\"wp-block-heading\">\ud83d\udce2 Cookies marketing (facultatif)<\/h3>\n\n<ul class=\"wp-block-list\">\n<li>Utilis\u00e9 par des services de remarketing tiers (par exemple Google, Meta\/Facebook)<\/li>\n\n\n\n<li>Suivi de l&rsquo;utilisateur entre diff\u00e9rents sites<\/li>\n\n\n\n<li><strong>Exiger un consentement explicite<\/strong><\/li>\n<\/ul>\n\n<hr class=\"wp-block-separator has-alpha-channel-opacity\"\/>\n\n<h2 class=\"wp-block-heading\">3. Cookies de tiers<\/h2>\n\n<p>Notre site peut inclure du contenu int\u00e9gr\u00e9 provenant de plateformes externes (par exemple Google Maps, YouTube, Meta Pixel). Ces services peuvent installer leurs propres cookies. <\/p>\n\n<p>Veuillez consulter leurs politiques respectives en mati\u00e8re de protection de la vie priv\u00e9e :<\/p>\n\n<ul class=\"wp-block-list\">\n<li><a>Google<\/a><\/li>\n\n\n\n<li><a class=\"\" href=\"https:\/\/www.facebook.com\/privacy\/policy\">Meta \/ Facebook<\/a><\/li>\n\n\n\n<li><a>YouTube<\/a><\/li>\n<\/ul>\n\n<hr class=\"wp-block-separator has-alpha-channel-opacity\"\/>\n\n<h2 class=\"wp-block-heading\">4. Gestion des cookies<\/h2>\n\n<p>Lorsque vous ouvrez le site, une <strong>banni\u00e8re de consentement<\/strong> s&rsquo;affiche, par laquelle vous pouvez<\/p>\n\n<ul class=\"wp-block-list\">\n<li>Accepter tous les cookies<\/li>\n\n\n\n<li>Personnalisez vos pr\u00e9f\u00e9rences<\/li>\n\n\n\n<li>Refuser les cookies inutiles<\/li>\n<\/ul>\n\n<p>Vous pouvez toujours modifier vos pr\u00e9f\u00e9rences en cliquant sur <strong>\u00ab G\u00e9rer les cookies \u00bb<\/strong> au bas du site.<\/p>\n\n<p>En outre, vous pouvez g\u00e9rer ou d\u00e9sactiver les cookies \u00e0 partir de votre navigateur :<\/p>\n\n<ul class=\"wp-block-list\">\n<li><a>Chrome<\/a><\/li>\n\n\n\n<li><a class=\"\" href=\"https:\/\/support.mozilla.org\/it\/kb\/Gestione%20dei%20cookie\">Firefox<\/a><\/li>\n\n\n\n<li><a class=\"\" href=\"https:\/\/support.apple.com\/it-it\/guide\/safari\/sfri11471\/mac\">Safari<\/a><\/li>\n\n\n\n<li><a class=\"\" href=\"https:\/\/support.microsoft.com\/it-it\/help\/4027947\">Bord<\/a><\/li>\n<\/ul>\n\n<hr class=\"wp-block-separator has-alpha-channel-opacity\"\/>\n\n<h2 class=\"wp-block-heading\">5. Dur\u00e9e des cookies<\/h2>\n\n<p>La dur\u00e9e des cookies peut varier :<\/p>\n\n<ul class=\"wp-block-list\">\n<li><strong>Cookies de session<\/strong>: ils sont supprim\u00e9s lorsque vous fermez le navigateur.<\/li>\n\n\n\n<li><strong>Cookies persistants<\/strong>: ils restent stock\u00e9s pendant une p\u00e9riode d\u00e9finie (par exemple, 1 jour, 6 mois, 1 an).<\/li>\n<\/ul>\n\n<hr class=\"wp-block-separator has-alpha-channel-opacity\"\/>\n\n<h2 class=\"wp-block-heading\">6. Base juridique du traitement<\/h2>\n\n<ul class=\"wp-block-list\">\n<li>Cookies techniques : <strong>int\u00e9r\u00eat l\u00e9gitime<\/strong> (fonctionnalit\u00e9s essentielles)<\/li>\n\n\n\n<li>Cookies analytiques et marketing : <strong>consentement<\/strong> (article 6, paragraphe 1, point a), du RGPD)<\/li>\n<\/ul>\n\n<hr class=\"wp-block-separator has-alpha-channel-opacity\"\/>\n\n<h2 class=\"wp-block-heading\">7. Modifications de la pr\u00e9sente politique<\/h2>\n\n<p>Light House Accessories se r\u00e9serve le droit de mettre \u00e0 jour cette politique en mati\u00e8re de cookies. Nous vous encourageons \u00e0 la consulter r\u00e9guli\u00e8rement. Les modifications prendront effet d\u00e8s leur publication sur le site.  <\/p>\n\n<hr class=\"wp-block-separator has-alpha-channel-opacity\"\/>\n\n<h3 class=\"wp-block-heading\">Contact<\/h3>\n\n<p>Si vous avez des questions concernant notre politique en mati\u00e8re de cookies ou si vous souhaitez exercer vos droits :<br\/>\ud83d\udce7 <strong><a>info@lighthouselocarno.ch<\/a><\/strong><\/p>\n","protected":false},"excerpt":{"rendered":"<p>Accessoires pour pharesDerni\u00e8re mise \u00e0 jour : 1 juin 2025 Le site www.lighthouselocarno.ch utilise des cookies et des technologies similaires pour assurer le bon fonctionnement du site, am\u00e9liorer l&rsquo;exp\u00e9rience des utilisateurs et analyser le trafic. La pr\u00e9sente politique en mati\u00e8re de cookies explique ce que sont les cookies, comment nous les utilisons et comment vous [&hellip;]<\/p>\n","protected":false},"author":1,"featured_media":0,"parent":0,"menu_order":0,"comment_status":"closed","ping_status":"closed","template":"","meta":{"_seopress_robots_primary_cat":"","_seopress_titles_title":"","_seopress_titles_desc":"","_seopress_robots_index":"","footnotes":""},"class_list":["post-133040","page","type-page","status-publish"],"jetpack_sharing_enabled":true,"_links":{"self":[{"href":"https:\/\/lighthouselocarno.ch\/fr\/wp-json\/wp\/v2\/pages\/133040","targetHints":{"allow":["GET"]}}],"collection":[{"href":"https:\/\/lighthouselocarno.ch\/fr\/wp-json\/wp\/v2\/pages"}],"about":[{"href":"https:\/\/lighthouselocarno.ch\/fr\/wp-json\/wp\/v2\/types\/page"}],"author":[{"embeddable":true,"href":"https:\/\/lighthouselocarno.ch\/fr\/wp-json\/wp\/v2\/users\/1"}],"replies":[{"embeddable":true,"href":"https:\/\/lighthouselocarno.ch\/fr\/wp-json\/wp\/v2\/comments?post=133040"}],"version-history":[{"count":0,"href":"https:\/\/lighthouselocarno.ch\/fr\/wp-json\/wp\/v2\/pages\/133040\/revisions"}],"wp:attachment":[{"href":"https:\/\/lighthouselocarno.ch\/fr\/wp-json\/wp\/v2\/media?parent=133040"}],"curies":[{"name":"wp","href":"https:\/\/api.w.org\/{rel}","templated":true}]}}