{"id":118772,"date":"2020-03-21T11:46:57","date_gmt":"2020-03-21T11:46:57","guid":{"rendered":"https:\/\/lighthouselocarno.ch\/prodotti\/robe-foulard\/"},"modified":"2023-07-05T14:49:53","modified_gmt":"2023-07-05T14:49:53","slug":"robe-foulard","status":"publish","type":"product","link":"https:\/\/lighthouselocarno.ch\/fr\/produit\/robe-foulard\/","title":{"rendered":"Robe Foulard"},"content":{"rendered":"<p>Splendide  <b>robe d&rsquo;\u00e9t\u00e9 \u00e0 foulard. Pour des d\u00eeners romantiques au bord de la mer, en ville, en vacances.<\/b><\/p>\n","protected":false},"excerpt":{"rendered":"<p><strong>Robe en foulard<\/strong> avec d\u00e9coration de dentelle et de pierres. \u00c9paulettes doublement crois\u00e9es dans le dos.<\/p>\n<p>Tailles : 1 S-M, 2 L-XL<\/p>\n<p>Couleurs :<\/p>\n<p>Min\u00e9ral (sable), d\u00e9coration Aurora et vieil or<\/p>\n<p>D\u00e9cor noir, noir brillant et noir mat<\/p>\n<p>Tissu : 20% lin et 80% viscose naturelle<\/p>\n<p>Lavage : savon neutre, 30-40 degr\u00e9s, lavage \u00e0 la main ou en machine, programme d\u00e9licat. Centrifugeuse l\u00e9g\u00e8re !<\/p>\n<p>Disponible \u00e0 partir de fin avril 2020, dans la limite des stocks disponibles.<\/p>\n<p>&nbsp;<\/p>\n","protected":false},"featured_media":100258,"template":"","meta":{"_seopress_robots_primary_cat":"","_seopress_titles_title":"","_seopress_titles_desc":"","_seopress_robots_index":""},"product_brand":[],"product_cat":[3756],"product_tag":[3809,3830,3784],"class_list":{"0":"post-118772","1":"product","2":"type-product","3":"status-publish","4":"has-post-thumbnail","6":"product_cat-vente","7":"product_tag-robe-en-lin-fr","8":"product_tag-robe-longue","9":"product_tag-robe-pure-art","11":"first","12":"instock","13":"sale","14":"shipping-taxable","15":"purchasable","16":"product-type-variable"},"jetpack_sharing_enabled":true,"_links":{"self":[{"href":"https:\/\/lighthouselocarno.ch\/fr\/wp-json\/wp\/v2\/product\/118772","targetHints":{"allow":["GET"]}}],"collection":[{"href":"https:\/\/lighthouselocarno.ch\/fr\/wp-json\/wp\/v2\/product"}],"about":[{"href":"https:\/\/lighthouselocarno.ch\/fr\/wp-json\/wp\/v2\/types\/product"}],"wp:featuredmedia":[{"embeddable":true,"href":"https:\/\/lighthouselocarno.ch\/fr\/wp-json\/wp\/v2\/media\/100258"}],"wp:attachment":[{"href":"https:\/\/lighthouselocarno.ch\/fr\/wp-json\/wp\/v2\/media?parent=118772"}],"wp:term":[{"taxonomy":"product_brand","embeddable":true,"href":"https:\/\/lighthouselocarno.ch\/fr\/wp-json\/wp\/v2\/product_brand?post=118772"},{"taxonomy":"product_cat","embeddable":true,"href":"https:\/\/lighthouselocarno.ch\/fr\/wp-json\/wp\/v2\/product_cat?post=118772"},{"taxonomy":"product_tag","embeddable":true,"href":"https:\/\/lighthouselocarno.ch\/fr\/wp-json\/wp\/v2\/product_tag?post=118772"}],"curies":[{"name":"wp","href":"https:\/\/api.w.org\/{rel}","templated":true}]}}