{"id":118792,"date":"2020-03-09T17:17:46","date_gmt":"2020-03-09T17:17:46","guid":{"rendered":"https:\/\/lighthouselocarno.ch\/prodotti\/rideau-de-dentelle-corinthienne-120-x-300\/"},"modified":"2023-07-05T14:49:50","modified_gmt":"2023-07-05T14:49:50","slug":"tenda-corinzio-120-x-300","status":"publish","type":"product","link":"https:\/\/lighthouselocarno.ch\/fr\/produit\/tenda-corinzio-120-x-300\/","title":{"rendered":"Rideau de dentelle corinthienne 120 X 300"},"content":{"rendered":"<p>Rideau CORINZIO, collection CHEZ MOI.<\/p>\n<p>Rideau enti\u00e8rement en dentelle de Corinthe, avec une boucle et des n\u0153uds pour le suspendre \u00e0 un b\u00e2ton. Cette dentelle est tr\u00e8s raffin\u00e9e, c&rsquo;est un coton cordura brod\u00e9 sur du tulle.<\/p>\n<p>Disponible dans les couleurs Clay et Ivory.<br \/>\nDimensions : L 120 x 300 H<br \/>\nTissu : dentelle 80% nylon, 20% coton<br \/>\nD\u00e9lai de livraison : 2-3 semaines.<\/p>\n","protected":false},"excerpt":{"rendered":"<p>Rideau CORINZIO, collection CHEZ MOI<br \/>\nDIMENSIONS : L 120 x 300 H<\/p>\n","protected":false},"featured_media":100204,"template":"","meta":{"_seopress_robots_primary_cat":"81","_seopress_titles_title":"","_seopress_titles_desc":"","_seopress_robots_index":""},"product_brand":[],"product_cat":[3747,6071,7194],"product_tag":[],"class_list":{"0":"post-118792","1":"product","2":"type-product","3":"status-publish","4":"has-post-thumbnail","6":"product_cat-decoration-interieure","7":"product_cat-tentes","8":"product_cat-tentes-fr","10":"first","11":"instock","12":"shipping-taxable","13":"purchasable","14":"product-type-variable","15":"has-default-attributes"},"jetpack_sharing_enabled":true,"_links":{"self":[{"href":"https:\/\/lighthouselocarno.ch\/fr\/wp-json\/wp\/v2\/product\/118792","targetHints":{"allow":["GET"]}}],"collection":[{"href":"https:\/\/lighthouselocarno.ch\/fr\/wp-json\/wp\/v2\/product"}],"about":[{"href":"https:\/\/lighthouselocarno.ch\/fr\/wp-json\/wp\/v2\/types\/product"}],"wp:featuredmedia":[{"embeddable":true,"href":"https:\/\/lighthouselocarno.ch\/fr\/wp-json\/wp\/v2\/media\/100204"}],"wp:attachment":[{"href":"https:\/\/lighthouselocarno.ch\/fr\/wp-json\/wp\/v2\/media?parent=118792"}],"wp:term":[{"taxonomy":"product_brand","embeddable":true,"href":"https:\/\/lighthouselocarno.ch\/fr\/wp-json\/wp\/v2\/product_brand?post=118792"},{"taxonomy":"product_cat","embeddable":true,"href":"https:\/\/lighthouselocarno.ch\/fr\/wp-json\/wp\/v2\/product_cat?post=118792"},{"taxonomy":"product_tag","embeddable":true,"href":"https:\/\/lighthouselocarno.ch\/fr\/wp-json\/wp\/v2\/product_tag?post=118792"}],"curies":[{"name":"wp","href":"https:\/\/api.w.org\/{rel}","templated":true}]}}