{"id":118831,"date":"2020-03-09T15:22:40","date_gmt":"2020-03-09T15:22:40","guid":{"rendered":"https:\/\/lighthouselocarno.ch\/prodotti\/paire-de-serviettes-de-bain-corinthiennes\/"},"modified":"2023-08-24T10:52:13","modified_gmt":"2023-08-24T10:52:13","slug":"paire-serviettes-de-bain-corinthe","status":"publish","type":"product","link":"https:\/\/lighthouselocarno.ch\/fr\/produit\/paire-serviettes-de-bain-corinthe\/","title":{"rendered":"Paire de serviettes de bain corinthiennes."},"content":{"rendered":"<p>PAIRE DE BAIGNOIRES CORINTHIENNES<br \/>\nDouceur de l&rsquo;\u00e9ponge et finesse de la dentelle pour cette paire de bain raffin\u00e9e et confortable. Fabriqu\u00e9 en Italie. Disponible en blanc, argile, ivoire, b\u00e9ton et couleurs vintage<br \/>\n100% coton.<br \/>\nDimensions : serviette de toilette 100 x 60, serviette d&rsquo;invit\u00e9 40 x 60 cm.<br \/>\nD\u00e9lai de livraison : 2-3 semaines.<\/p>\n","protected":false},"excerpt":{"rendered":"<p>PAIRE DE SERVIETTES DE BAIN CORINTHIENNES<br \/>\nTissu \u00e9ponge doux et dentelle fine.<br \/>\n100% coton.<\/p>\n","protected":false},"featured_media":100228,"template":"","meta":{"_seopress_robots_primary_cat":"none","_seopress_titles_title":"","_seopress_titles_desc":"","_seopress_robots_index":""},"product_brand":[],"product_cat":[3747,3883,6039],"product_tag":[3774,3885,3889],"class_list":{"0":"post-118831","1":"product","2":"type-product","3":"status-publish","4":"has-post-thumbnail","6":"product_cat-decoration-interieure","7":"product_cat-salle-de-bains","8":"product_cat-serviettes-fr","9":"product_tag-minable","10":"product_tag-paire-de-serviettes","11":"product_tag-serviettes-avec-dentelle","13":"first","14":"instock","15":"shipping-taxable","16":"purchasable","17":"product-type-variable","18":"has-default-attributes"},"jetpack_sharing_enabled":true,"_links":{"self":[{"href":"https:\/\/lighthouselocarno.ch\/fr\/wp-json\/wp\/v2\/product\/118831","targetHints":{"allow":["GET"]}}],"collection":[{"href":"https:\/\/lighthouselocarno.ch\/fr\/wp-json\/wp\/v2\/product"}],"about":[{"href":"https:\/\/lighthouselocarno.ch\/fr\/wp-json\/wp\/v2\/types\/product"}],"wp:featuredmedia":[{"embeddable":true,"href":"https:\/\/lighthouselocarno.ch\/fr\/wp-json\/wp\/v2\/media\/100228"}],"wp:attachment":[{"href":"https:\/\/lighthouselocarno.ch\/fr\/wp-json\/wp\/v2\/media?parent=118831"}],"wp:term":[{"taxonomy":"product_brand","embeddable":true,"href":"https:\/\/lighthouselocarno.ch\/fr\/wp-json\/wp\/v2\/product_brand?post=118831"},{"taxonomy":"product_cat","embeddable":true,"href":"https:\/\/lighthouselocarno.ch\/fr\/wp-json\/wp\/v2\/product_cat?post=118831"},{"taxonomy":"product_tag","embeddable":true,"href":"https:\/\/lighthouselocarno.ch\/fr\/wp-json\/wp\/v2\/product_tag?post=118831"}],"curies":[{"name":"wp","href":"https:\/\/api.w.org\/{rel}","templated":true}]}}