{"id":118961,"date":"2020-03-09T15:03:32","date_gmt":"2020-03-09T15:03:32","guid":{"rendered":"https:\/\/lighthouselocarno.ch\/prodotti\/set-de-table-eden\/"},"modified":"2023-07-05T14:59:34","modified_gmt":"2023-07-05T14:59:34","slug":"napperon-american-eden-by-chez-moi","status":"publish","type":"product","link":"https:\/\/lighthouselocarno.ch\/fr\/produit\/napperon-american-eden-by-chez-moi\/","title":{"rendered":"Set de table Eden"},"content":{"rendered":"<p>EDEN AMERICAN TABLET, collection CHEZ MOI.<\/p>\n<p>Napperon am\u00e9ricain en pur lin, recouvert de dentelle macram\u00e9e Eden. Fabriqu\u00e9 en Italie.<\/p>\n<p>Disponible en couleurs :<br \/>\nBlanc optique, argile, ivoire et ciment.<br \/>\nDimensions : 40 x 50 cm.<br \/>\nTissu : 100% lin dentelle 100% coton<br \/>\nD\u00e9lai de livraison : 2-3 semaines.<\/p>\n","protected":false},"excerpt":{"rendered":"<p>EDEN AMERICAN TABLET, collection CHEZ MOI.<br \/>\nDimensions : 40 x 50 cm.<br \/>\nTissu : 100% lin, 100% dentelle de coton.<\/p>\n","protected":false},"featured_media":100222,"template":"","meta":{"_seopress_robots_primary_cat":"","_seopress_titles_title":"","_seopress_titles_desc":"","_seopress_robots_index":"","_seopress_analysis_target_kw":""},"product_brand":[],"product_cat":[3747,3757,6061],"product_tag":[3964,3966,3960],"class_list":{"0":"post-118961","1":"product","2":"type-product","3":"status-publish","4":"has-post-thumbnail","6":"product_cat-decoration-interieure","7":"product_cat-table-fr","8":"product_cat-set-de-table","9":"product_tag-napperon","10":"product_tag-napperon-fr","11":"product_tag-set-de-table","13":"first","14":"instock","15":"shipping-taxable","16":"purchasable","17":"product-type-variable","18":"has-default-attributes"},"jetpack_sharing_enabled":true,"_links":{"self":[{"href":"https:\/\/lighthouselocarno.ch\/fr\/wp-json\/wp\/v2\/product\/118961","targetHints":{"allow":["GET"]}}],"collection":[{"href":"https:\/\/lighthouselocarno.ch\/fr\/wp-json\/wp\/v2\/product"}],"about":[{"href":"https:\/\/lighthouselocarno.ch\/fr\/wp-json\/wp\/v2\/types\/product"}],"wp:featuredmedia":[{"embeddable":true,"href":"https:\/\/lighthouselocarno.ch\/fr\/wp-json\/wp\/v2\/media\/100222"}],"wp:attachment":[{"href":"https:\/\/lighthouselocarno.ch\/fr\/wp-json\/wp\/v2\/media?parent=118961"}],"wp:term":[{"taxonomy":"product_brand","embeddable":true,"href":"https:\/\/lighthouselocarno.ch\/fr\/wp-json\/wp\/v2\/product_brand?post=118961"},{"taxonomy":"product_cat","embeddable":true,"href":"https:\/\/lighthouselocarno.ch\/fr\/wp-json\/wp\/v2\/product_cat?post=118961"},{"taxonomy":"product_tag","embeddable":true,"href":"https:\/\/lighthouselocarno.ch\/fr\/wp-json\/wp\/v2\/product_tag?post=118961"}],"curies":[{"name":"wp","href":"https:\/\/api.w.org\/{rel}","templated":true}]}}