{"id":119009,"date":"2020-03-09T15:14:53","date_gmt":"2020-03-09T15:14:53","guid":{"rendered":"https:\/\/lighthouselocarno.ch\/prodotti\/chemin-de-roulement-en-dentelle-de-corinthe\/"},"modified":"2023-09-11T12:39:49","modified_gmt":"2023-09-11T12:39:49","slug":"runner-in-lace-corinthian-by-chez-moi","status":"publish","type":"product","link":"https:\/\/lighthouselocarno.ch\/fr\/produit\/runner-in-lace-corinthian-by-chez-moi\/","title":{"rendered":"Chemin de roulement en dentelle de Corinthe"},"content":{"rendered":"<p>RUNNER IN CORINTIC PIZZA, collection CHEZ MOI.<\/p>\n<p>Bande de table enti\u00e8rement r\u00e9alis\u00e9e en dentelle de Corinthe, id\u00e9ale pour d\u00e9corer la table et pour superposer les nappes pendant les repas.<br \/>\n\u00c9galement disponible dans des tailles personnalis\u00e9es.<br \/>\nPour ce service, veuillez me contacter directement par e-mail !<br \/>\nFabriqu\u00e9 en Italie.<\/p>\n<p>Disponible en blanc, ivoire, argile, poudre, menthe et ciment.<br \/>\nDimensions : 60 x 120 cm, 70 x 160 cm<br \/>\nTissu : dentelle 80% nylon 20% coton<!--more--><!--more--><br \/>\nD\u00e9lai de livraison : 2-3 semaines<\/p>\n","protected":false},"excerpt":{"rendered":"<p>CORINZIO RUNNER IN LACE, collection CHEZ MOI.<br \/>\nDimensions : 60 x 120, 70 x 160<br \/>\nTissu : dentelle 80% nylon, 20% coton<\/p>\n","protected":false},"featured_media":100210,"template":"","meta":{"_seopress_robots_primary_cat":"none","_seopress_titles_title":"","_seopress_titles_desc":"","_seopress_robots_index":""},"product_brand":[],"product_cat":[6305,3747,3757],"product_tag":[3969,3968],"class_list":{"0":"post-119009","1":"product","2":"type-product","3":"status-publish","4":"has-post-thumbnail","6":"product_cat-chemin-de-table","7":"product_cat-decoration-interieure","8":"product_cat-table-fr","9":"product_tag-bande-de-dentelle","10":"product_tag-coureur","12":"first","13":"instock","14":"shipping-taxable","15":"purchasable","16":"product-type-variable","17":"has-default-attributes"},"jetpack_sharing_enabled":true,"_links":{"self":[{"href":"https:\/\/lighthouselocarno.ch\/fr\/wp-json\/wp\/v2\/product\/119009","targetHints":{"allow":["GET"]}}],"collection":[{"href":"https:\/\/lighthouselocarno.ch\/fr\/wp-json\/wp\/v2\/product"}],"about":[{"href":"https:\/\/lighthouselocarno.ch\/fr\/wp-json\/wp\/v2\/types\/product"}],"wp:featuredmedia":[{"embeddable":true,"href":"https:\/\/lighthouselocarno.ch\/fr\/wp-json\/wp\/v2\/media\/100210"}],"wp:attachment":[{"href":"https:\/\/lighthouselocarno.ch\/fr\/wp-json\/wp\/v2\/media?parent=119009"}],"wp:term":[{"taxonomy":"product_brand","embeddable":true,"href":"https:\/\/lighthouselocarno.ch\/fr\/wp-json\/wp\/v2\/product_brand?post=119009"},{"taxonomy":"product_cat","embeddable":true,"href":"https:\/\/lighthouselocarno.ch\/fr\/wp-json\/wp\/v2\/product_cat?post=119009"},{"taxonomy":"product_tag","embeddable":true,"href":"https:\/\/lighthouselocarno.ch\/fr\/wp-json\/wp\/v2\/product_tag?post=119009"}],"curies":[{"name":"wp","href":"https:\/\/api.w.org\/{rel}","templated":true}]}}