{"id":119028,"date":"2020-03-21T10:41:11","date_gmt":"2020-03-21T10:41:11","guid":{"rendered":"https:\/\/lighthouselocarno.ch\/prodotti\/long-caftan-en-lin\/"},"modified":"2025-06-12T15:28:29","modified_gmt":"2025-06-12T15:28:29","slug":"caftan-long-art-pure","status":"publish","type":"product","link":"https:\/\/lighthouselocarno.ch\/fr\/produit\/caftan-long-art-pure\/","title":{"rendered":"Long caftan en lin"},"content":{"rendered":"<p>CONSEILS DE BEAUT\u00c9<\/p>\n<p>LAVAGE<br \/>\nLavable en machine \u00e0 30-40 degr\u00e9s Celsius.<br \/>\nTous les v\u00eatements Arte Pura sont teints \u00e0 la main avec des couleurs naturelles.<br \/>\nIl est possible qu&rsquo;au cours des premiers lavages ils perdent un peu de leur couleur, donnant une teinte vintage qui est unique \u00e0 cette marque.<br \/>\nLorsque vous lavez des v\u00eatements avec des couleurs anciennes, je recommande fortement d&rsquo;ajouter 1kg de sel de mer dans la machine \u00e0 laver pour les 3-4 premiers lavages afin de bien fixer les couleurs.<\/p>\n<p>Les pigments utilis\u00e9s pour la teinture sont tous d&rsquo;origine min\u00e9rale naturelle.<br \/>\nLes couleurs sont m\u00e9lang\u00e9es dans des bains sp\u00e9ciaux o\u00f9 les v\u00eatements sont teints un par un.<\/p>\n<p>&nbsp;<\/p>\n","protected":false},"excerpt":{"rendered":"<p>Magnifique kaftan en pur lin \u00e9pais, manches longues \u00e9vas\u00e9es, collection flash d&rsquo;Arte Pura.<\/p>\n<p>D\u00e9cor\u00e9e d&rsquo;une longue bande de dentelle au centre de la face avant et d&rsquo;une bande de dentelle au centre de la face arri\u00e8re.<\/p>\n<p>c\u0153urs en perles et pierres sur la manche gauche. Fentes larges sur le devant, au dos et dans le dos.<\/p>\n<p>Couleurs :<\/p>\n<p>- blanc avec des d\u00e9corations de manches blanc-argent\u00e9.<\/p>\n<p>- min\u00e9ral\/sable avec d\u00e9corations en manchon d&rsquo;or - crystals sw<\/p>\n<p>Tissu : 100 % lin lourd.<\/p>\n<p>Lavage : savon neutre, 30-40 degr\u00e9s \u00e0 la main ou programme de lavage d\u00e9licat en machine \u00e0 faible essorage.<\/p>\n<p>Disponible \u00e0 partir de fin avril 2020 dans la limite des stocks disponibles.<\/p>\n<p>&nbsp;<\/p>\n<p>&nbsp;<\/p>\n","protected":false},"featured_media":100240,"template":"","meta":{"_seopress_robots_primary_cat":"none","_seopress_titles_title":"","_seopress_titles_desc":"","_seopress_robots_index":""},"product_brand":[],"product_cat":[3780,3773,3766],"product_tag":[3839,3975,3972],"class_list":{"0":"post-119028","1":"product","2":"type-product","3":"status-publish","4":"has-post-thumbnail","6":"product_cat-mode-femme","7":"product_cat-robes","8":"product_cat-vetements","9":"product_tag-art-pur","10":"product_tag-caftan-fr","11":"product_tag-lino-fr","12":"pa_colore-blanc-019","13":"pa_colore-retro-900-fr","14":"pa_taglia-l-fr","15":"pa_taglia-m-fr","16":"pa_taglia-xl-fr","17":"pa_taglia-xxl-fr","18":"pa_taglia-xxxl-fr","20":"first","21":"instock","22":"shipping-taxable","23":"purchasable","24":"product-type-variable"},"jetpack_sharing_enabled":true,"_links":{"self":[{"href":"https:\/\/lighthouselocarno.ch\/fr\/wp-json\/wp\/v2\/product\/119028","targetHints":{"allow":["GET"]}}],"collection":[{"href":"https:\/\/lighthouselocarno.ch\/fr\/wp-json\/wp\/v2\/product"}],"about":[{"href":"https:\/\/lighthouselocarno.ch\/fr\/wp-json\/wp\/v2\/types\/product"}],"wp:featuredmedia":[{"embeddable":true,"href":"https:\/\/lighthouselocarno.ch\/fr\/wp-json\/wp\/v2\/media\/100240"}],"wp:attachment":[{"href":"https:\/\/lighthouselocarno.ch\/fr\/wp-json\/wp\/v2\/media?parent=119028"}],"wp:term":[{"taxonomy":"product_brand","embeddable":true,"href":"https:\/\/lighthouselocarno.ch\/fr\/wp-json\/wp\/v2\/product_brand?post=119028"},{"taxonomy":"product_cat","embeddable":true,"href":"https:\/\/lighthouselocarno.ch\/fr\/wp-json\/wp\/v2\/product_cat?post=119028"},{"taxonomy":"product_tag","embeddable":true,"href":"https:\/\/lighthouselocarno.ch\/fr\/wp-json\/wp\/v2\/product_tag?post=119028"}],"curies":[{"name":"wp","href":"https:\/\/api.w.org\/{rel}","templated":true}]}}