{"id":119041,"date":"2024-04-02T15:52:19","date_gmt":"2024-04-02T15:52:19","guid":{"rendered":"https:\/\/lighthouselocarno.ch\/prodotti\/couvre-lit-atollo\/"},"modified":"2024-03-05T13:46:12","modified_gmt":"2024-03-05T13:46:12","slug":"couvre-lit-atoll-art-pure","status":"publish","type":"product","link":"https:\/\/lighthouselocarno.ch\/fr\/produit\/couvre-lit-atoll-art-pure\/","title":{"rendered":"Couvre-lit double Atollo avec broderie baroque"},"content":{"rendered":"<p>CONSEILS DE BEAUT\u00c9<\/p>\n<p>WASH<br \/>\nLavable en machine \u00e0 30-40 degr\u00e9s.<br \/>\nTous les v\u00eatements Arte Pura sont teints \u00e0 la main dans des couleurs naturelles.<br \/>\nIl est possible qu&rsquo;ils perdent un peu de leur couleur lors des premiers lavages, ce qui donne une teinte vintage propre \u00e0 cette marque.<br \/>\nLorsque vous lavez des v\u00eatements aux couleurs anciennes, je vous recommande vivement d&rsquo;ajouter 1 kg de sel de mer dans la machine \u00e0 laver pendant les 3 \u00e0 4 premiers lavages afin de bien fixer les couleurs.<\/p>\n<p>Les pigments utilis\u00e9s pour la coloration sont tous d&rsquo;origine min\u00e9rale naturelle.<br \/>\nLes couleurs sont m\u00e9lang\u00e9es dans des bains sp\u00e9ciaux o\u00f9 les v\u00eatements sont teints un par un.<\/p>\n<p>&nbsp;<\/p>\n","protected":false},"excerpt":{"rendered":"<p>Couvre-lit double en lin et mousseline de coton avec broderie baroque \u00e9lastique et volants. Dimensions 270&#215;270 cm.<\/p>\n<p>Couvre-lit fabriqu\u00e9 en Italie \u00e0 partir de 100 % de lin de haute qualit\u00e9 et rendu doux au toucher par des traitements sp\u00e9ciaux qui renforcent l&rsquo;aspect naturel.<\/p>\n<p>Ce tissu est id\u00e9al pour le lit car il est hypoallerg\u00e9nique et antibact\u00e9rien. De plus, l&rsquo;utilisation de teintures naturelles et non allerg\u00e8nes conf\u00e8re \u00e0 la fibre naturelle de l&rsquo;\u00e9clat et de la vivacit\u00e9.<\/p>\n<p>La longue dur\u00e9e de vie et la facilit\u00e9 d&rsquo;entretien ajoutent \u00e0 votre choix.<\/p>\n<p>Id\u00e9al pour embellir votre literie : seul ou associ\u00e9 \u00e0 des taies d&rsquo;oreiller et des draps color\u00e9s, pour cr\u00e9er des combinaisons originales \u00e0 chaque fois.<\/p>\n<p>Veuillez vous r\u00e9f\u00e9rer \u00e0 la section \u00abEntretien du produit\u00bb pour toutes les instructions de lavage.<\/p>\n<p>Couleur blanche, d\u00e9lai d&rsquo;attente 10 jours<br \/>\nAutres couleurs, d\u00e9lai d&rsquo;attente 8 semaines<\/p>\n<p>Photo couleur : 437 Amabile Old<br \/>\nCouleur de la taie d&rsquo;oreiller et du drap : 43 Powder Old<br \/>\n100% lin, doublure 100% coton<\/p>\n<p>Lavable en machine \u00e0 30-40 degr\u00e9s.<br \/>\nTous les v\u00eatements Arte Pura sont teints \u00e0 la main avec des couleurs min\u00e9rales naturelles.<br \/>\nIl est possible qu&rsquo;ils perdent un peu de leur couleur au cours des premiers lavages, ce qui leur conf\u00e8re une teinte vintage qui est l&rsquo;apanage et la particularit\u00e9 de cette marque.<br \/>\nLorsque vous lavez des v\u00eatements aux couleurs anciennes, je vous recommande vivement d&rsquo;ajouter 1 kg de sel de mer dans la machine \u00e0 laver pendant les 3 \u00e0 4 premiers lavages afin de bien fixer les couleurs.<\/p>\n","protected":false},"featured_media":100162,"template":"","meta":{"_seopress_robots_primary_cat":"81","_seopress_titles_title":"","_seopress_titles_desc":"","_seopress_robots_index":""},"product_brand":[],"product_cat":[6063,3747,5969],"product_tag":[3839,3990,3989],"class_list":{"0":"post-119041","1":"product","2":"type-product","3":"status-publish","4":"has-post-thumbnail","6":"product_cat-couvre-lits","7":"product_cat-decoration-interieure","8":"product_cat-le-lit","9":"product_tag-art-pur","10":"product_tag-couvre-lit-fr","11":"product_tag-lit","12":"pa_colore-ange-vieux-401","13":"pa_colore-baltique-ancien-428","14":"pa_colore-beurre-ancien-047","15":"pa_colore-blanc-019","16":"pa_colore-bonbon-vieux-429","17":"pa_colore-convivio-438-fr","18":"pa_colore-craie-ancienne-044","19":"pa_colore-douceur-de-lancienne-434","20":"pa_colore-essenza-old-409-fr","21":"pa_colore-evenement-ancien-436","22":"pa_colore-fee-vieille-405","23":"pa_colore-granit-ancien-427","24":"pa_colore-ladorable-vieille-437","25":"pa_colore-lac-440","26":"pa_colore-lac-old-440","27":"pa_colore-lava-old-037-fr","28":"pa_colore-luxe-vieux-432","29":"pa_colore-malte-ancienne-414","30":"pa_colore-mineral-old-410-fr","31":"pa_colore-noir-021","32":"pa_colore-pierre-vieille-425","33":"pa_colore-pivoine-vieille-417","34":"pa_colore-poudre-ancienne-043","35":"pa_colore-retro-900-fr","36":"pa_colore-roma-old-435-fr","37":"pa_colore-souffle-vieux-415","38":"pa_colore-vieille-argile-048","39":"pa_colore-vieille-pensee-441","40":"pa_colore-vita-old-433-fr","42":"first","43":"instock","44":"shipping-taxable","45":"purchasable","46":"product-type-variable","47":"has-default-attributes"},"jetpack_sharing_enabled":true,"_links":{"self":[{"href":"https:\/\/lighthouselocarno.ch\/fr\/wp-json\/wp\/v2\/product\/119041","targetHints":{"allow":["GET"]}}],"collection":[{"href":"https:\/\/lighthouselocarno.ch\/fr\/wp-json\/wp\/v2\/product"}],"about":[{"href":"https:\/\/lighthouselocarno.ch\/fr\/wp-json\/wp\/v2\/types\/product"}],"wp:featuredmedia":[{"embeddable":true,"href":"https:\/\/lighthouselocarno.ch\/fr\/wp-json\/wp\/v2\/media\/100162"}],"wp:attachment":[{"href":"https:\/\/lighthouselocarno.ch\/fr\/wp-json\/wp\/v2\/media?parent=119041"}],"wp:term":[{"taxonomy":"product_brand","embeddable":true,"href":"https:\/\/lighthouselocarno.ch\/fr\/wp-json\/wp\/v2\/product_brand?post=119041"},{"taxonomy":"product_cat","embeddable":true,"href":"https:\/\/lighthouselocarno.ch\/fr\/wp-json\/wp\/v2\/product_cat?post=119041"},{"taxonomy":"product_tag","embeddable":true,"href":"https:\/\/lighthouselocarno.ch\/fr\/wp-json\/wp\/v2\/product_tag?post=119041"}],"curies":[{"name":"wp","href":"https:\/\/api.w.org\/{rel}","templated":true}]}}