{"id":119085,"date":"2020-05-14T07:51:48","date_gmt":"2020-05-14T07:51:48","guid":{"rendered":"https:\/\/lighthouselocarno.ch\/prodotti\/lampe-de-table-clochette-ouverte\/"},"modified":"2025-12-09T15:44:16","modified_gmt":"2025-12-09T15:44:16","slug":"lampe-de-table-2","status":"publish","type":"product","link":"https:\/\/lighthouselocarno.ch\/fr\/produit\/lampe-de-table-2\/","title":{"rendered":"Lampe de table Clochette Ouverte"},"content":{"rendered":"<p><strong>Lampes de table design<\/strong><\/p>\n<p data-sourcepos=\"5:1-5:56\"><strong>Pourquoi choisir ces lampes de table design ?<\/strong><\/p>\n<ul data-sourcepos=\"7:1-7:41\">\n<li data-sourcepos=\"7:1-7:41\"><strong>Fabriqu\u00e9e \u00e0 la main avec soin :<\/strong> chaque lampe est fabriqu\u00e9e \u00e0 la main avec la plus grande attention aux d\u00e9tails, ce qui garantit un produit unique et de grande qualit\u00e9.<\/li>\n<li data-sourcepos=\"8:1-8:152\"><strong>Design original :<\/strong> Le design en forme de fleur ouverte est original et \u00e9l\u00e9gant, parfait pour ajouter une touche de personnalit\u00e9 \u00e0 n&rsquo;importe quel int\u00e9rieur.<\/li>\n<li data-sourcepos=\"9:1-9:154\"><strong>Une lumi\u00e8re douce et agr\u00e9able :<\/strong> Papier Organique Frois\u00e9 diffuse une lumi\u00e8re douce et agr\u00e9able, cr\u00e9ant une atmosph\u00e8re relaxante et confortable.<\/li>\n<li data-sourcepos=\"10:1-10:117\"><strong>Disponible en diff\u00e9rentes tailles :<\/strong> Choisissez la taille id\u00e9ale pour vos besoins, de T1 Small \u00e0 T4 Queen.<\/li>\n<li data-sourcepos=\"11:1-11:77\">Fabrication sur mesure <strong>:<\/strong> chaque lampe est fabriqu\u00e9e sur mesure dans l&rsquo;atelier de l&rsquo;artiste, ce qui garantit un produit exclusif et personnalis\u00e9.<\/li>\n<\/ul>\n<p data-sourcepos=\"13:1-13:21\"><strong>D\u00e9tails techniques :<\/strong><\/p>\n<ul data-sourcepos=\"15:1-24:0\">\n<li data-sourcepos=\"15:1-15:59\">Mat\u00e9riaux : Fil de fer blanc, Papier Organique Frois\u00e9<\/li>\n<li data-sourcepos=\"16:1-16:16\">Couleur : blanc<\/li>\n<li data-sourcepos=\"17:1-21:23\">Dimensions :<\/li>\n<li data-sourcepos=\"17:1-21:23\">Petite T1 : 20x20cm<\/li>\n<li data-sourcepos=\"17:1-21:23\">Moyenne T2 : 25x25cm<\/li>\n<li data-sourcepos=\"17:1-21:23\">Grande T3 : 30x30cm<\/li>\n<li data-sourcepos=\"17:1-21:23\">Queen T4 : 40x40cm<\/li>\n<\/ul>\n<p>\u00c9tant faites \u00e0 la main, les dimensions peuvent diff\u00e9rer de quelques centim\u00e8tres par rapport \u00e0 celles indiqu\u00e9es sur la fiche technique du produit.<\/p>\n<p>Toutes les lampes sont r\u00e9alis\u00e9es dans l&rsquo;atelier de l&rsquo;artiste au moment de l&rsquo;achat.<br \/>\nD\u00e9lai de livraison : environ 3-4 semaines<\/p>\n","protected":false},"excerpt":{"rendered":"<p><strong>Lampe de table<\/strong> en forme de fleur ouverte <strong>fabriqu\u00e9e artisanalement \u00e0 la main<\/strong>. Chaque lampe est une \u0153uvre d&rsquo;art, avec une structure centrale en fil m\u00e9tallique blanc qui soutient une d\u00e9licate \u00ab fleur \u00bb en Papier Organique Froiss\u00e9. Le r\u00e9sultat est un <strong>objet de d\u00e9coration raffin\u00e9 et \u00e9l\u00e9gant<\/strong> qui capte l&rsquo;attention et diffuse une lumi\u00e8re douce et chaleureuse.  <\/p>\n<p>Couleur Blanc. Le c\u00e2ble d&rsquo;alimentation est transparent et comporte un interrupteur marche\/arr\u00eat.<\/p>\n<p>Dimensions<br \/>\nPetite T1 : 20&#215;20 cm<br \/>\nMoyenne T2 : 25&#215;25 cm<br \/>\nGrande T3 : 30&#215;30 cm<br \/>\nQueen T4 : 40&#215;40 cm<\/p>\n<p>\u00c9tant faites \u00e0 la main, les dimensions peuvent diff\u00e9rer de quelques centim\u00e8tres par rapport \u00e0 celles indiqu\u00e9es sur la fiche technique du produit.<\/p>\n<p>Toutes les lampes sont r\u00e9alis\u00e9es dans l&rsquo;atelier de l&rsquo;artiste au moment de l&rsquo;achat.<br \/>\nD\u00e9lai de livraison : environ 3-4 semaines<\/p>\n","protected":false},"featured_media":100441,"template":"","meta":{"_seopress_robots_primary_cat":"none","_seopress_titles_title":"","_seopress_titles_desc":"","_seopress_robots_index":""},"product_brand":[],"product_cat":[3747,7190],"product_tag":[4050,4068,4044,4065,4061,4055,9363,9364,4034,8223],"class_list":{"0":"post-119085","1":"product","2":"type-product","3":"status-publish","4":"has-post-thumbnail","6":"product_cat-decoration-interieure","7":"product_cat-lampes","8":"product_tag-abat-jour-fr","9":"product_tag-lampadaire","10":"product_tag-lampe-fr","11":"product_tag-lampe-a-papier","12":"product_tag-lampe-artisanale","13":"product_tag-lampe-de-table","14":"product_tag-lampe-en-papier","15":"product_tag-lampe-en-papier-de-soie","16":"product_tag-shoppinglocarno-fr","17":"product_tag-tischlampe-fr","19":"first","20":"instock","21":"shipping-taxable","22":"purchasable","23":"product-type-variable"},"jetpack_sharing_enabled":true,"_links":{"self":[{"href":"https:\/\/lighthouselocarno.ch\/fr\/wp-json\/wp\/v2\/product\/119085","targetHints":{"allow":["GET"]}}],"collection":[{"href":"https:\/\/lighthouselocarno.ch\/fr\/wp-json\/wp\/v2\/product"}],"about":[{"href":"https:\/\/lighthouselocarno.ch\/fr\/wp-json\/wp\/v2\/types\/product"}],"wp:featuredmedia":[{"embeddable":true,"href":"https:\/\/lighthouselocarno.ch\/fr\/wp-json\/wp\/v2\/media\/100441"}],"wp:attachment":[{"href":"https:\/\/lighthouselocarno.ch\/fr\/wp-json\/wp\/v2\/media?parent=119085"}],"wp:term":[{"taxonomy":"product_brand","embeddable":true,"href":"https:\/\/lighthouselocarno.ch\/fr\/wp-json\/wp\/v2\/product_brand?post=119085"},{"taxonomy":"product_cat","embeddable":true,"href":"https:\/\/lighthouselocarno.ch\/fr\/wp-json\/wp\/v2\/product_cat?post=119085"},{"taxonomy":"product_tag","embeddable":true,"href":"https:\/\/lighthouselocarno.ch\/fr\/wp-json\/wp\/v2\/product_tag?post=119085"}],"curies":[{"name":"wp","href":"https:\/\/api.w.org\/{rel}","templated":true}]}}