{"id":119093,"date":"2020-05-09T19:31:16","date_gmt":"2020-05-09T19:31:16","guid":{"rendered":"https:\/\/lighthouselocarno.ch\/prodotti\/coraline-lampadaire-design-made-love\/"},"modified":"2023-07-05T14:49:52","modified_gmt":"2023-07-05T14:49:52","slug":"coraline-lampe-a-stelo-charlot-cie","status":"publish","type":"product","link":"https:\/\/lighthouselocarno.ch\/fr\/produit\/coraline-lampe-a-stelo-charlot-cie\/","title":{"rendered":"CORALINE - lampadaire design made love"},"content":{"rendered":"<p>Lampadaire made love.<\/p>\n<p>Base en m\u00e9tal vieilli.<\/p>\n<p>Chapeau en papier de soie organique pli\u00e9 \u00e0 la main<\/p>\n<p>Couleur blanche<\/p>\n<p>&nbsp;<\/p>\n","protected":false},"excerpt":{"rendered":"<p>\u00c9l\u00e9gante lampe \u00e0 tige enti\u00e8rement con\u00e7ue \u00e0 la main.<br \/>\nCompos\u00e9 d&rsquo;une base rectangulaire et d&rsquo;une tige en fer vieilli.<br \/>\nLa tige est de forme conique et enti\u00e8rement tourn\u00e9e \u00e0 la main. Sa structure sup\u00e9rieure est compos\u00e9e d&rsquo;un fin squelette en fil de fer recouvert d&rsquo;une coiffe en papier cr\u00eap\u00e9 de soie organique en forme de pi\u00e8ces multiples allong\u00e9es.<br \/>\nDimensions :<br \/>\nHauteur de la tige 150cm<br \/>\nBase de la tige : 23&#215;17 cm<br \/>\nCouleur de la tige : fer antique<br \/>\nT\u00eate : 60x60x50 cm<br \/>\nCouleur : blanc<br \/>\nToutes les lampes sont fabriqu\u00e9es dans l&rsquo;atelier de l&rsquo;artiste au moment de l&rsquo;achat.<br \/>\nD\u00e9lai de livraison : environ 3-4 semaines<\/p>\n","protected":false},"featured_media":100381,"template":"","meta":{"_seopress_robots_primary_cat":"","_seopress_titles_title":"","_seopress_titles_desc":"","_seopress_robots_index":""},"product_brand":[],"product_cat":[3747,7190],"product_tag":[4058,4041,4047,4053,4067,4062],"class_list":{"0":"post-119093","1":"product","2":"type-product","3":"status-publish","4":"has-post-thumbnail","6":"product_cat-decoration-interieure","7":"product_cat-lampes","8":"product_tag-homeinteriordesign-fr","9":"product_tag-lampe-a-pied","10":"product_tag-lampe-design","11":"product_tag-lumiere","12":"product_tag-lumiere-moderne","13":"product_tag-maisonluminaires-dinterieur","15":"first","16":"instock","17":"downloadable","18":"shipping-taxable","19":"purchasable","20":"product-type-simple"},"jetpack_sharing_enabled":true,"_links":{"self":[{"href":"https:\/\/lighthouselocarno.ch\/fr\/wp-json\/wp\/v2\/product\/119093","targetHints":{"allow":["GET"]}}],"collection":[{"href":"https:\/\/lighthouselocarno.ch\/fr\/wp-json\/wp\/v2\/product"}],"about":[{"href":"https:\/\/lighthouselocarno.ch\/fr\/wp-json\/wp\/v2\/types\/product"}],"wp:featuredmedia":[{"embeddable":true,"href":"https:\/\/lighthouselocarno.ch\/fr\/wp-json\/wp\/v2\/media\/100381"}],"wp:attachment":[{"href":"https:\/\/lighthouselocarno.ch\/fr\/wp-json\/wp\/v2\/media?parent=119093"}],"wp:term":[{"taxonomy":"product_brand","embeddable":true,"href":"https:\/\/lighthouselocarno.ch\/fr\/wp-json\/wp\/v2\/product_brand?post=119093"},{"taxonomy":"product_cat","embeddable":true,"href":"https:\/\/lighthouselocarno.ch\/fr\/wp-json\/wp\/v2\/product_cat?post=119093"},{"taxonomy":"product_tag","embeddable":true,"href":"https:\/\/lighthouselocarno.ch\/fr\/wp-json\/wp\/v2\/product_tag?post=119093"}],"curies":[{"name":"wp","href":"https:\/\/api.w.org\/{rel}","templated":true}]}}