{"id":119097,"date":"2022-05-07T12:45:03","date_gmt":"2022-05-07T12:45:03","guid":{"rendered":"https:\/\/lighthouselocarno.ch\/prodotti\/grande-bougie-torche-blanche-avec-dentelle-farnese\/"},"modified":"2025-05-23T13:44:32","modified_gmt":"2025-05-23T13:44:32","slug":"grande-bougie-blanche-avec-lace-farnese","status":"publish","type":"product","link":"https:\/\/lighthouselocarno.ch\/fr\/produit\/grande-bougie-blanche-avec-lace-farnese\/","title":{"rendered":"Grande bougie torche blanche avec dentelle Farnese"},"content":{"rendered":"","protected":false},"excerpt":{"rendered":"<p>Grande bougie torche \u00e0 essence de lin, d\u00e9cor\u00e9e de dentelle Farnese.<\/p>\n","protected":false},"featured_media":0,"template":"","meta":{"_seopress_robots_primary_cat":"","_seopress_titles_title":"","_seopress_titles_desc":"","_seopress_robots_index":""},"product_brand":[8562],"product_cat":[7125,4268,4267,3747,7316],"product_tag":[],"class_list":{"0":"post-119097","1":"product","2":"type-product","3":"status-publish","5":"product_brand-arte-pura","6":"product_cat-bougies-fr","7":"product_cat-bougies","8":"product_cat-bougies-et-parfums","9":"product_cat-decoration-interieure","10":"product_cat-parfums-et-savons","12":"first","13":"instock","14":"shipping-taxable","15":"purchasable","16":"product-type-variable"},"jetpack_sharing_enabled":true,"_links":{"self":[{"href":"https:\/\/lighthouselocarno.ch\/fr\/wp-json\/wp\/v2\/product\/119097","targetHints":{"allow":["GET"]}}],"collection":[{"href":"https:\/\/lighthouselocarno.ch\/fr\/wp-json\/wp\/v2\/product"}],"about":[{"href":"https:\/\/lighthouselocarno.ch\/fr\/wp-json\/wp\/v2\/types\/product"}],"wp:attachment":[{"href":"https:\/\/lighthouselocarno.ch\/fr\/wp-json\/wp\/v2\/media?parent=119097"}],"wp:term":[{"taxonomy":"product_brand","embeddable":true,"href":"https:\/\/lighthouselocarno.ch\/fr\/wp-json\/wp\/v2\/product_brand?post=119097"},{"taxonomy":"product_cat","embeddable":true,"href":"https:\/\/lighthouselocarno.ch\/fr\/wp-json\/wp\/v2\/product_cat?post=119097"},{"taxonomy":"product_tag","embeddable":true,"href":"https:\/\/lighthouselocarno.ch\/fr\/wp-json\/wp\/v2\/product_tag?post=119097"}],"curies":[{"name":"wp","href":"https:\/\/api.w.org\/{rel}","templated":true}]}}