{"id":119105,"date":"2020-05-09T18:28:33","date_gmt":"2020-05-09T18:28:33","guid":{"rendered":"https:\/\/lighthouselocarno.ch\/prodotti\/lampe-a-poser-petite-sorciere\/"},"modified":"2023-07-05T14:49:50","modified_gmt":"2023-07-05T14:49:50","slug":"lampe-de-table-design","status":"publish","type":"product","link":"https:\/\/lighthouselocarno.ch\/fr\/produit\/lampe-de-table-design\/","title":{"rendered":"Lampe \u00e0 poser Petite Sorci\u00e8re"},"content":{"rendered":"<p>Lampe de table faite \u00e0 la main en papier de soie organique.<\/p>\n<p>Pour le nettoyage, il suffit de le d\u00e9poussi\u00e9rer d\u00e9licatement avec un plumeau ou la brosse d&rsquo;un aspirateur.<\/p>\n<p>Fabriqu\u00e9 en France<\/p>\n","protected":false},"excerpt":{"rendered":"<p>Spectaculaire <b>lampe de table design <\/b>enti\u00e8rement fabriqu\u00e9e \u00e0 la main. Compos\u00e9 d&rsquo;une fine structure interne en fil de fer recouverte d&rsquo;un papier de soie organique frois\u00e9 enti\u00e8rement tiss\u00e9 \u00e0 la main.<\/p>\n<p>Dimensions<br \/>\n25&#215;30 cm<\/p>\n<p>Couleur : blanc<\/p>\n<p>Toutes les lampes sont fabriqu\u00e9es dans l&rsquo;atelier de l&rsquo;artiste au moment de l&rsquo;achat.<br \/>\nD\u00e9lai de livraison : environ 3-4 semaines<\/p>\n","protected":false},"featured_media":100360,"template":"","meta":{"_seopress_robots_primary_cat":"","_seopress_titles_title":"","_seopress_titles_desc":"","_seopress_robots_index":""},"product_brand":[],"product_cat":[3747,7190],"product_tag":[4050,4055,4047],"class_list":{"0":"post-119105","1":"product","2":"type-product","3":"status-publish","4":"has-post-thumbnail","6":"product_cat-decoration-interieure","7":"product_cat-lampes","8":"product_tag-abat-jour-fr","9":"product_tag-lampe-de-table","10":"product_tag-lampe-design","12":"first","13":"instock","14":"shipping-taxable","15":"purchasable","16":"product-type-simple"},"jetpack_sharing_enabled":true,"_links":{"self":[{"href":"https:\/\/lighthouselocarno.ch\/fr\/wp-json\/wp\/v2\/product\/119105","targetHints":{"allow":["GET"]}}],"collection":[{"href":"https:\/\/lighthouselocarno.ch\/fr\/wp-json\/wp\/v2\/product"}],"about":[{"href":"https:\/\/lighthouselocarno.ch\/fr\/wp-json\/wp\/v2\/types\/product"}],"wp:featuredmedia":[{"embeddable":true,"href":"https:\/\/lighthouselocarno.ch\/fr\/wp-json\/wp\/v2\/media\/100360"}],"wp:attachment":[{"href":"https:\/\/lighthouselocarno.ch\/fr\/wp-json\/wp\/v2\/media?parent=119105"}],"wp:term":[{"taxonomy":"product_brand","embeddable":true,"href":"https:\/\/lighthouselocarno.ch\/fr\/wp-json\/wp\/v2\/product_brand?post=119105"},{"taxonomy":"product_cat","embeddable":true,"href":"https:\/\/lighthouselocarno.ch\/fr\/wp-json\/wp\/v2\/product_cat?post=119105"},{"taxonomy":"product_tag","embeddable":true,"href":"https:\/\/lighthouselocarno.ch\/fr\/wp-json\/wp\/v2\/product_tag?post=119105"}],"curies":[{"name":"wp","href":"https:\/\/api.w.org\/{rel}","templated":true}]}}