{"id":119106,"date":"2022-05-07T12:45:08","date_gmt":"2022-05-07T12:45:08","guid":{"rendered":"https:\/\/lighthouselocarno.ch\/prodotti\/coussin-de-chaise-en-mousse-interieur-40x40\/"},"modified":"2025-05-23T13:44:32","modified_gmt":"2025-05-23T13:44:32","slug":"coussin-interne-pour-chaise-mousse-40x40","status":"publish","type":"product","link":"https:\/\/lighthouselocarno.ch\/fr\/produit\/coussin-interne-pour-chaise-mousse-40x40\/","title":{"rendered":"Coussin de chaise en mousse int\u00e9rieur 40&#215;40"},"content":{"rendered":"<p>Coussin de chaise en mousse \u00e0 l&rsquo;int\u00e9rieur. Taille : 40&#215;40<\/p>\n","protected":false},"excerpt":{"rendered":"<p>Coussin de chaise en mousse \u00e0 l&rsquo;int\u00e9rieur. Taille : 40&#215;40<\/p>\n","protected":false},"featured_media":0,"template":"","meta":{"_seopress_robots_primary_cat":"","_seopress_titles_title":"","_seopress_titles_desc":"","_seopress_robots_index":""},"product_brand":[8562],"product_cat":[3747,6889],"product_tag":[],"class_list":{"0":"post-119106","1":"product","2":"type-product","3":"status-publish","5":"product_brand-arte-pura","6":"product_cat-decoration-interieure","7":"product_cat-interieur-des-coussins","9":"first","10":"instock","11":"shipping-taxable","12":"purchasable","13":"product-type-simple"},"jetpack_sharing_enabled":true,"_links":{"self":[{"href":"https:\/\/lighthouselocarno.ch\/fr\/wp-json\/wp\/v2\/product\/119106","targetHints":{"allow":["GET"]}}],"collection":[{"href":"https:\/\/lighthouselocarno.ch\/fr\/wp-json\/wp\/v2\/product"}],"about":[{"href":"https:\/\/lighthouselocarno.ch\/fr\/wp-json\/wp\/v2\/types\/product"}],"wp:attachment":[{"href":"https:\/\/lighthouselocarno.ch\/fr\/wp-json\/wp\/v2\/media?parent=119106"}],"wp:term":[{"taxonomy":"product_brand","embeddable":true,"href":"https:\/\/lighthouselocarno.ch\/fr\/wp-json\/wp\/v2\/product_brand?post=119106"},{"taxonomy":"product_cat","embeddable":true,"href":"https:\/\/lighthouselocarno.ch\/fr\/wp-json\/wp\/v2\/product_cat?post=119106"},{"taxonomy":"product_tag","embeddable":true,"href":"https:\/\/lighthouselocarno.ch\/fr\/wp-json\/wp\/v2\/product_tag?post=119106"}],"curies":[{"name":"wp","href":"https:\/\/api.w.org\/{rel}","templated":true}]}}