{"id":119114,"date":"2020-05-10T08:13:04","date_gmt":"2020-05-10T08:13:04","guid":{"rendered":"https:\/\/lighthouselocarno.ch\/prodotti\/micoraline-lampe-polyvalente\/"},"modified":"2023-08-24T09:50:39","modified_gmt":"2023-08-24T09:50:39","slug":"mycoral-applique-charlot-cie","status":"publish","type":"product","link":"https:\/\/lighthouselocarno.ch\/fr\/produit\/mycoral-applique-charlot-cie\/","title":{"rendered":"MICORALINE - lampe polyvalente"},"content":{"rendered":"<p>Lampe design polyvalente.<br \/>\nPeut \u00eatre utilis\u00e9 comme lampe de table, applique murale ou plafonnier.<br \/>\nEnti\u00e8rement fait \u00e0 la main. Constitu\u00e9 d&rsquo;une fine base en fil de fer recouverte de papier cr\u00eap\u00e9 avec un jeu dense de points centraux et une base allong\u00e9e.<\/p>\n<p>Dimensions<br \/>\nGrand : 90 x 40 cm<br \/>\nPetit : 45 x 20 cm<\/p>\n<p>Couleur : blanc<\/p>\n<p>Toutes les lampes sont fabriqu\u00e9es dans l&rsquo;atelier de l&rsquo;artiste au moment de l&rsquo;achat.<br \/>\nD\u00e9lai de livraison : environ 3-4 semaines<\/p>\n","protected":false},"excerpt":{"rendered":"<p>Lampe design fabriqu\u00e9e \u00e0 la main.<\/p>\n","protected":false},"featured_media":100393,"template":"","meta":{"_seopress_robots_primary_cat":"none","_seopress_titles_title":"","_seopress_titles_desc":"","_seopress_robots_index":""},"product_brand":[],"product_cat":[3747,7190],"product_tag":[],"class_list":{"0":"post-119114","1":"product","2":"type-product","3":"status-publish","4":"has-post-thumbnail","6":"product_cat-decoration-interieure","7":"product_cat-lampes","9":"first","10":"instock","11":"shipping-taxable","12":"purchasable","13":"product-type-variable"},"jetpack_sharing_enabled":true,"_links":{"self":[{"href":"https:\/\/lighthouselocarno.ch\/fr\/wp-json\/wp\/v2\/product\/119114","targetHints":{"allow":["GET"]}}],"collection":[{"href":"https:\/\/lighthouselocarno.ch\/fr\/wp-json\/wp\/v2\/product"}],"about":[{"href":"https:\/\/lighthouselocarno.ch\/fr\/wp-json\/wp\/v2\/types\/product"}],"wp:featuredmedia":[{"embeddable":true,"href":"https:\/\/lighthouselocarno.ch\/fr\/wp-json\/wp\/v2\/media\/100393"}],"wp:attachment":[{"href":"https:\/\/lighthouselocarno.ch\/fr\/wp-json\/wp\/v2\/media?parent=119114"}],"wp:term":[{"taxonomy":"product_brand","embeddable":true,"href":"https:\/\/lighthouselocarno.ch\/fr\/wp-json\/wp\/v2\/product_brand?post=119114"},{"taxonomy":"product_cat","embeddable":true,"href":"https:\/\/lighthouselocarno.ch\/fr\/wp-json\/wp\/v2\/product_cat?post=119114"},{"taxonomy":"product_tag","embeddable":true,"href":"https:\/\/lighthouselocarno.ch\/fr\/wp-json\/wp\/v2\/product_tag?post=119114"}],"curies":[{"name":"wp","href":"https:\/\/api.w.org\/{rel}","templated":true}]}}