{"id":119163,"date":"2020-05-10T08:43:51","date_gmt":"2020-05-10T08:43:51","guid":{"rendered":"https:\/\/lighthouselocarno.ch\/prodotti\/lampe-fleur-aquatique\/"},"modified":"2023-07-05T14:49:55","modified_gmt":"2023-07-05T14:49:55","slug":"fleur-aquatique-charlot-cie","status":"publish","type":"product","link":"https:\/\/lighthouselocarno.ch\/fr\/produit\/fleur-aquatique-charlot-cie\/","title":{"rendered":"Lampe FLEUR AQUATIQUE"},"content":{"rendered":"<p>Fabriqu\u00e9 en France.<\/p>\n","protected":false},"excerpt":{"rendered":"<p>Magnifique lampe de designer.<br \/>\nElle peut \u00eatre utilis\u00e9e comme lampe de table, applique murale ou suspendue \u00e0 l&rsquo;aide d&rsquo;un fin fil transparent.<br \/>\nEnti\u00e8rement r\u00e9alis\u00e9e \u00e0 la main, la petite structure centrale en fil de fer blanc constitue le c\u0153ur de la robe en papier en forme de fleur.<\/p>\n<p>Dimensions<br \/>\nGrand : 95 x 60 cm<br \/>\nPetit : 55 x 40 cm<\/p>\n<p>Couleur : blanc<\/p>\n<p>Toutes les lampes sont fabriqu\u00e9es dans l&rsquo;atelier de l&rsquo;artiste au moment de l&rsquo;achat.<br \/>\nD\u00e9lai de livraison : environ 3-4 semaines<\/p>\n","protected":false},"featured_media":100399,"template":"","meta":{"_seopress_robots_primary_cat":"2549","_seopress_titles_title":"","_seopress_titles_desc":"","_seopress_robots_index":""},"product_brand":[],"product_cat":[3747,7190],"product_tag":[4088,4061,4047],"class_list":{"0":"post-119163","1":"product","2":"type-product","3":"status-publish","4":"has-post-thumbnail","6":"product_cat-decoration-interieure","7":"product_cat-lampes","8":"product_tag-charlotcie-fr","9":"product_tag-lampe-artisanale","10":"product_tag-lampe-design","12":"first","13":"instock","14":"shipping-taxable","15":"purchasable","16":"product-type-variable","17":"has-default-attributes"},"jetpack_sharing_enabled":true,"_links":{"self":[{"href":"https:\/\/lighthouselocarno.ch\/fr\/wp-json\/wp\/v2\/product\/119163","targetHints":{"allow":["GET"]}}],"collection":[{"href":"https:\/\/lighthouselocarno.ch\/fr\/wp-json\/wp\/v2\/product"}],"about":[{"href":"https:\/\/lighthouselocarno.ch\/fr\/wp-json\/wp\/v2\/types\/product"}],"wp:featuredmedia":[{"embeddable":true,"href":"https:\/\/lighthouselocarno.ch\/fr\/wp-json\/wp\/v2\/media\/100399"}],"wp:attachment":[{"href":"https:\/\/lighthouselocarno.ch\/fr\/wp-json\/wp\/v2\/media?parent=119163"}],"wp:term":[{"taxonomy":"product_brand","embeddable":true,"href":"https:\/\/lighthouselocarno.ch\/fr\/wp-json\/wp\/v2\/product_brand?post=119163"},{"taxonomy":"product_cat","embeddable":true,"href":"https:\/\/lighthouselocarno.ch\/fr\/wp-json\/wp\/v2\/product_cat?post=119163"},{"taxonomy":"product_tag","embeddable":true,"href":"https:\/\/lighthouselocarno.ch\/fr\/wp-json\/wp\/v2\/product_tag?post=119163"}],"curies":[{"name":"wp","href":"https:\/\/api.w.org\/{rel}","templated":true}]}}