{"id":119183,"date":"2020-05-14T07:28:57","date_gmt":"2020-05-14T07:28:57","guid":{"rendered":"https:\/\/lighthouselocarno.ch\/prodotti\/clochette-a-tige-en-levitation\/"},"modified":"2023-08-24T09:02:38","modified_gmt":"2023-08-24T09:02:38","slug":"clochette-a-tige-en-levitation-charlot-cie-copy","status":"publish","type":"product","link":"https:\/\/lighthouselocarno.ch\/fr\/produit\/clochette-a-tige-en-levitation-charlot-cie-copy\/","title":{"rendered":"Clochette \u00e0 tige en L\u00e9vitation"},"content":{"rendered":"<p>Trio \u00e9motionnel de lampes design en l\u00e9vitation.<br \/>\nVendu s\u00e9par\u00e9ment.<br \/>\nEnti\u00e8rement r\u00e9alis\u00e9e \u00e0 la main, une petite structure centrale en fil de m\u00e9tal blanc constitue le c\u0153ur de la robe en Papier Organique Frois\u00e9 en forme de fleur.<br \/>\nLa structure est suspendue par un fil synth\u00e9tique fin et transparent.<br \/>\nCouleur Blanc.<\/p>\n<p>Dimensions<br \/>\nPetit : 70x20cm<br \/>\nMediaT2 : 110x30cm<br \/>\nGrand T3 : 140x40cm<\/p>\n<p>Trois couleurs pour le cordon d&rsquo;alimentation textile :<br \/>\nBlanc, rouge, gris anthracite.<\/p>\n<p>Toutes les lampes sont fabriqu\u00e9es dans l&rsquo;atelier de l&rsquo;artiste au moment de l&rsquo;achat.<br \/>\nD\u00e9lai de livraison : environ 3-4 semaines<\/p>\n","protected":false},"excerpt":{"rendered":"<p>Lampe suspendue en forme de fleur fabriqu\u00e9e \u00e0 la main.<\/p>\n","protected":false},"featured_media":100432,"template":"","meta":{"_seopress_robots_primary_cat":"none","_seopress_titles_title":"","_seopress_titles_desc":"","_seopress_robots_index":"","_seopress_analysis_target_kw":""},"product_brand":[],"product_cat":[3747,7190],"product_tag":[4044,4092,4065,4061],"class_list":{"0":"post-119183","1":"product","2":"type-product","3":"status-publish","4":"has-post-thumbnail","6":"product_cat-decoration-interieure","7":"product_cat-lampes","8":"product_tag-lampe-fr","9":"product_tag-lampe-a-levitation","10":"product_tag-lampe-a-papier","11":"product_tag-lampe-artisanale","13":"first","14":"instock","15":"shipping-taxable","16":"purchasable","17":"product-type-variable","18":"has-default-attributes"},"jetpack_sharing_enabled":true,"_links":{"self":[{"href":"https:\/\/lighthouselocarno.ch\/fr\/wp-json\/wp\/v2\/product\/119183","targetHints":{"allow":["GET"]}}],"collection":[{"href":"https:\/\/lighthouselocarno.ch\/fr\/wp-json\/wp\/v2\/product"}],"about":[{"href":"https:\/\/lighthouselocarno.ch\/fr\/wp-json\/wp\/v2\/types\/product"}],"wp:featuredmedia":[{"embeddable":true,"href":"https:\/\/lighthouselocarno.ch\/fr\/wp-json\/wp\/v2\/media\/100432"}],"wp:attachment":[{"href":"https:\/\/lighthouselocarno.ch\/fr\/wp-json\/wp\/v2\/media?parent=119183"}],"wp:term":[{"taxonomy":"product_brand","embeddable":true,"href":"https:\/\/lighthouselocarno.ch\/fr\/wp-json\/wp\/v2\/product_brand?post=119183"},{"taxonomy":"product_cat","embeddable":true,"href":"https:\/\/lighthouselocarno.ch\/fr\/wp-json\/wp\/v2\/product_cat?post=119183"},{"taxonomy":"product_tag","embeddable":true,"href":"https:\/\/lighthouselocarno.ch\/fr\/wp-json\/wp\/v2\/product_tag?post=119183"}],"curies":[{"name":"wp","href":"https:\/\/api.w.org\/{rel}","templated":true}]}}