{"id":119185,"date":"2020-05-14T08:10:17","date_gmt":"2020-05-14T08:10:17","guid":{"rendered":"https:\/\/lighthouselocarno.ch\/prodotti\/lampe-a-poser-clochette-fermee\/"},"modified":"2024-06-27T10:44:44","modified_gmt":"2024-06-27T10:44:44","slug":"lampe-de-table","status":"publish","type":"product","link":"https:\/\/lighthouselocarno.ch\/fr\/produit\/lampe-de-table\/","title":{"rendered":"Lampe \u00e0 poser Clochette ferm\u00e9e"},"content":{"rendered":"<p><strong>Lampes de table design<\/strong><\/p>\n<p data-sourcepos=\"5:1-5:56\"><strong>Pourquoi choisir ces lampes de table design ?<\/strong><\/p>\n<ul data-sourcepos=\"7:1-7:41\">\n<li data-sourcepos=\"7:1-7:41\"><strong>Fabriqu\u00e9e \u00e0 la main avec soin :<\/strong> chaque lampe est fabriqu\u00e9e \u00e0 la main avec la plus grande attention aux d\u00e9tails, ce qui garantit un produit unique et de grande qualit\u00e9.<\/li>\n<li data-sourcepos=\"8:1-8:152\"><strong>Design original :<\/strong> Le design de la fleur ferm\u00e9e est original et \u00e9l\u00e9gant, parfait pour ajouter une touche de personnalit\u00e9 \u00e0 n&rsquo;importe quelle pi\u00e8ce.<\/li>\n<li data-sourcepos=\"9:1-9:154\"><strong>Une lumi\u00e8re douce et agr\u00e9able :<\/strong> Papier Organique Frois\u00e9 diffuse une lumi\u00e8re douce et agr\u00e9able, cr\u00e9ant une atmosph\u00e8re relaxante et confortable.<\/li>\n<li data-sourcepos=\"10:1-10:117\"><strong>Disponible en diff\u00e9rentes tailles :<\/strong> Choisissez la taille id\u00e9ale pour vos besoins, de T1 Small \u00e0 T4 Queen.<\/li>\n<li data-sourcepos=\"11:1-11:77\">Fabrication sur mesure <strong>:<\/strong> chaque lampe est fabriqu\u00e9e sur mesure dans l&rsquo;atelier de l&rsquo;artiste, ce qui garantit un produit exclusif et personnalis\u00e9.<\/li>\n<\/ul>\n<p data-sourcepos=\"13:1-13:21\"><strong>D\u00e9tails techniques :<\/strong><\/p>\n<ul data-sourcepos=\"15:1-24:0\">\n<li data-sourcepos=\"15:1-15:59\">Mat\u00e9riaux : Fil de fer blanc, Papier Organique Frois\u00e9<\/li>\n<li data-sourcepos=\"16:1-16:16\">Couleur : blanc<\/li>\n<li data-sourcepos=\"17:1-21:23\">Dimensions :\n<ul data-sourcepos=\"18:5-21:23\">\n<li data-sourcepos=\"18:5-18:25\">T1 Petit : 24x12cm<\/li>\n<li data-sourcepos=\"19:5-19:23\">T2 Moyen : 30x15cm<\/li>\n<li data-sourcepos=\"20:5-20:24\">T3 Large : 40x20cm<\/li>\n<li data-sourcepos=\"21:5-21:23\">T4 Queen : 50x25cm<\/li>\n<\/ul>\n<\/li>\n<li data-sourcepos=\"22:1-22:63\">C\u00e2ble d&rsquo;alimentation transparent avec interrupteur marche\/arr\u00eat<\/li>\n<li data-sourcepos=\"23:1-24:0\">D\u00e9lai de livraison : environ 3-4 semaines<\/li>\n<\/ul>\n<p>Toutes les lampes sont fabriqu\u00e9es dans l&rsquo;atelier de l&rsquo;artiste au moment de l&rsquo;achat.<br \/>\nD\u00e9lai de livraison : environ 3-4 semaines<\/p>\n","protected":false},"excerpt":{"rendered":"<p><strong>Lampe de table<\/strong> en forme de fleur ferm\u00e9e, <strong>fabriqu\u00e9e \u00e0 la main<\/strong>. Chaque lampe est une \u0153uvre d&rsquo;art, avec une structure centrale en fil blanc soutenant une d\u00e9licate \u00abfleur\u00bb en Papier Organique Frois\u00e9. Le r\u00e9sultat est un <strong>objet m\u00e9nager raffin\u00e9 et \u00e9l\u00e9gant<\/strong> qui attire le regard et diffuse une lumi\u00e8re douce et accueillante.<\/p>\n<p>Disponible en quatre tailles.<\/p>\n<p>Couleur blanche.<\/p>\n","protected":false},"featured_media":100447,"template":"","meta":{"_seopress_robots_primary_cat":"none","_seopress_titles_title":"","_seopress_titles_desc":"","_seopress_robots_index":""},"product_brand":[],"product_cat":[3747,7190],"product_tag":[8387,8378,8389,4068,4044,4065,4061,4055,8375,8384,8381],"class_list":{"0":"post-119185","1":"product","2":"type-product","3":"status-publish","4":"has-post-thumbnail","6":"product_cat-decoration-interieure","7":"product_cat-lampes","8":"product_tag-designer-tischlampen-fr","9":"product_tag-faites-a-la-main-fr","10":"product_tag-handgefertigt-fr","11":"product_tag-lampadaire","12":"product_tag-lampe-fr","13":"product_tag-lampe-a-papier","14":"product_tag-lampe-artisanale","15":"product_tag-lampe-de-table","16":"product_tag-lampes-de-table-design-lampes-de-table-design","17":"product_tag-lumiere-douce-fr","18":"product_tag-papier-organique-froise-fr","20":"first","21":"instock","22":"shipping-taxable","23":"purchasable","24":"product-type-variable","25":"has-default-attributes"},"jetpack_sharing_enabled":true,"_links":{"self":[{"href":"https:\/\/lighthouselocarno.ch\/fr\/wp-json\/wp\/v2\/product\/119185","targetHints":{"allow":["GET"]}}],"collection":[{"href":"https:\/\/lighthouselocarno.ch\/fr\/wp-json\/wp\/v2\/product"}],"about":[{"href":"https:\/\/lighthouselocarno.ch\/fr\/wp-json\/wp\/v2\/types\/product"}],"wp:featuredmedia":[{"embeddable":true,"href":"https:\/\/lighthouselocarno.ch\/fr\/wp-json\/wp\/v2\/media\/100447"}],"wp:attachment":[{"href":"https:\/\/lighthouselocarno.ch\/fr\/wp-json\/wp\/v2\/media?parent=119185"}],"wp:term":[{"taxonomy":"product_brand","embeddable":true,"href":"https:\/\/lighthouselocarno.ch\/fr\/wp-json\/wp\/v2\/product_brand?post=119185"},{"taxonomy":"product_cat","embeddable":true,"href":"https:\/\/lighthouselocarno.ch\/fr\/wp-json\/wp\/v2\/product_cat?post=119185"},{"taxonomy":"product_tag","embeddable":true,"href":"https:\/\/lighthouselocarno.ch\/fr\/wp-json\/wp\/v2\/product_tag?post=119185"}],"curies":[{"name":"wp","href":"https:\/\/api.w.org\/{rel}","templated":true}]}}