{"id":119224,"date":"2020-10-08T20:23:31","date_gmt":"2020-10-08T20:23:31","guid":{"rendered":"https:\/\/lighthouselocarno.ch\/prodotti\/anneau\/"},"modified":"2026-01-09T13:42:48","modified_gmt":"2026-01-09T13:42:48","slug":"anneau","status":"publish","type":"product","link":"https:\/\/lighthouselocarno.ch\/fr\/produit\/anneau\/","title":{"rendered":"Anneau"},"content":{"rendered":"","protected":false},"excerpt":{"rendered":"<p>Parce que la mer doit toujours \u00eatre pr\u00e9sente dans ma boutique !<br \/>Bague r\u00e9glable faite main.<br \/>D\u00e9coration centrale en forme de coquillage \u00e9maill\u00e9 blanc ivoire.<br \/>M\u00e9tal hypoallerg\u00e9nique.<br \/>Plaqu\u00e9 or.<\/p>\n","protected":false},"featured_media":100540,"template":"","meta":{"_seopress_robots_primary_cat":"","_seopress_titles_title":"","_seopress_titles_desc":"","_seopress_robots_index":""},"product_brand":[],"product_cat":[4117,4113,3896,3780],"product_tag":[4125,4121],"class_list":{"0":"post-119224","1":"product","2":"type-product","3":"status-publish","4":"has-post-thumbnail","6":"product_cat-bagues","7":"product_cat-bijoux-fr","8":"product_cat-chaussures-et-accessoires","9":"product_cat-mode-femme","10":"product_tag-anneau","11":"product_tag-bijoux-fr","13":"first","14":"outofstock","15":"shipping-taxable","16":"purchasable","17":"product-type-simple"},"jetpack_sharing_enabled":true,"_links":{"self":[{"href":"https:\/\/lighthouselocarno.ch\/fr\/wp-json\/wp\/v2\/product\/119224","targetHints":{"allow":["GET"]}}],"collection":[{"href":"https:\/\/lighthouselocarno.ch\/fr\/wp-json\/wp\/v2\/product"}],"about":[{"href":"https:\/\/lighthouselocarno.ch\/fr\/wp-json\/wp\/v2\/types\/product"}],"wp:featuredmedia":[{"embeddable":true,"href":"https:\/\/lighthouselocarno.ch\/fr\/wp-json\/wp\/v2\/media\/100540"}],"wp:attachment":[{"href":"https:\/\/lighthouselocarno.ch\/fr\/wp-json\/wp\/v2\/media?parent=119224"}],"wp:term":[{"taxonomy":"product_brand","embeddable":true,"href":"https:\/\/lighthouselocarno.ch\/fr\/wp-json\/wp\/v2\/product_brand?post=119224"},{"taxonomy":"product_cat","embeddable":true,"href":"https:\/\/lighthouselocarno.ch\/fr\/wp-json\/wp\/v2\/product_cat?post=119224"},{"taxonomy":"product_tag","embeddable":true,"href":"https:\/\/lighthouselocarno.ch\/fr\/wp-json\/wp\/v2\/product_tag?post=119224"}],"curies":[{"name":"wp","href":"https:\/\/api.w.org\/{rel}","templated":true}]}}