{"id":119228,"date":"2020-10-09T08:17:16","date_gmt":"2020-10-09T08:17:16","guid":{"rendered":"https:\/\/lighthouselocarno.ch\/prodotti\/bijoux-doiseaux\/"},"modified":"2024-12-17T14:16:09","modified_gmt":"2024-12-17T14:16:09","slug":"birdie-bijoux","status":"publish","type":"product","link":"https:\/\/lighthouselocarno.ch\/fr\/produit\/birdie-bijoux\/","title":{"rendered":"Bijoux d&rsquo;oiseaux"},"content":{"rendered":"","protected":false},"excerpt":{"rendered":"<p>D&rsquo;\u00e9l\u00e9gants petits oiseaux de No\u00ebl La collection Bijoux a l&rsquo;intention de prendre son envol.<br \/>  Le tout recouvert de plumes rose poudr\u00e9 et marron.<br \/>  Agr\u00e9ment\u00e9 de paillettes brillantes.<br \/>  La queue est longue et ferm\u00e9e.<br \/>  Pour vos d\u00e9corations de No\u00ebl, les inoubliables.<br \/>  Longueur 13 cm<\/p>\n","protected":false},"featured_media":100564,"template":"","meta":{"_seopress_robots_primary_cat":"","_seopress_titles_title":"","_seopress_titles_desc":"","_seopress_robots_index":""},"product_brand":[],"product_cat":[3747,4040,4137],"product_tag":[4138,4143,4148,4152],"class_list":{"0":"post-119228","1":"product","2":"type-product","3":"status-publish","4":"has-post-thumbnail","6":"product_cat-decoration-interieure","7":"product_cat-decorations-fr","8":"product_cat-decorations-de-noel","9":"product_tag-crystmasdecoration","10":"product_tag-decoration-de-noel-fr","11":"product_tag-oiseau-bijou-sur-clip","12":"product_tag-oiseau-de-noel","14":"first","15":"outofstock","16":"shipping-taxable","17":"purchasable","18":"product-type-simple"},"jetpack_sharing_enabled":true,"_links":{"self":[{"href":"https:\/\/lighthouselocarno.ch\/fr\/wp-json\/wp\/v2\/product\/119228","targetHints":{"allow":["GET"]}}],"collection":[{"href":"https:\/\/lighthouselocarno.ch\/fr\/wp-json\/wp\/v2\/product"}],"about":[{"href":"https:\/\/lighthouselocarno.ch\/fr\/wp-json\/wp\/v2\/types\/product"}],"wp:featuredmedia":[{"embeddable":true,"href":"https:\/\/lighthouselocarno.ch\/fr\/wp-json\/wp\/v2\/media\/100564"}],"wp:attachment":[{"href":"https:\/\/lighthouselocarno.ch\/fr\/wp-json\/wp\/v2\/media?parent=119228"}],"wp:term":[{"taxonomy":"product_brand","embeddable":true,"href":"https:\/\/lighthouselocarno.ch\/fr\/wp-json\/wp\/v2\/product_brand?post=119228"},{"taxonomy":"product_cat","embeddable":true,"href":"https:\/\/lighthouselocarno.ch\/fr\/wp-json\/wp\/v2\/product_cat?post=119228"},{"taxonomy":"product_tag","embeddable":true,"href":"https:\/\/lighthouselocarno.ch\/fr\/wp-json\/wp\/v2\/product_tag?post=119228"}],"curies":[{"name":"wp","href":"https:\/\/api.w.org\/{rel}","templated":true}]}}