{"id":119244,"date":"2020-10-08T22:07:41","date_gmt":"2020-10-08T22:07:41","guid":{"rendered":"https:\/\/lighthouselocarno.ch\/prodotti\/traineau-de-noel-en-or\/"},"modified":"2023-08-24T09:49:57","modified_gmt":"2023-08-24T09:49:57","slug":"promenade-en-traineau-de-noel","status":"publish","type":"product","link":"https:\/\/lighthouselocarno.ch\/fr\/produit\/promenade-en-traineau-de-noel\/","title":{"rendered":"Tra\u00eeneau de No\u00ebl en or"},"content":{"rendered":"","protected":false},"excerpt":{"rendered":"<p>Superbe tra\u00eeneau de No\u00ebl en m\u00e9tal dor\u00e9.<br \/>\nPour des d\u00e9cors de No\u00ebl \u00e9poustouflants, \u00e0 l&rsquo;int\u00e9rieur comme \u00e0 l&rsquo;ext\u00e9rieur.<br \/>\nLongueur 149cm<br \/>\nPoids maximum chargeable 100kg<\/p>\n","protected":false},"featured_media":100543,"template":"","meta":{"_seopress_robots_primary_cat":"","_seopress_titles_title":"","_seopress_titles_desc":"","_seopress_robots_index":""},"product_brand":[],"product_cat":[3747,4040,4137],"product_tag":[4178,4179,4181,4180,4182],"class_list":{"0":"post-119244","1":"product","2":"type-product","3":"status-publish","4":"has-post-thumbnail","6":"product_cat-decoration-interieure","7":"product_cat-decorations-fr","8":"product_cat-decorations-de-noel","9":"product_tag-decoration-de-noel-fr-2","10":"product_tag-decorations-de-noel","11":"product_tag-glissiere-decorative","12":"product_tag-traineau","13":"product_tag-traineau-de-noel-pour-enfants","15":"first","16":"outofstock","17":"shipping-taxable","18":"purchasable","19":"product-type-simple"},"jetpack_sharing_enabled":true,"_links":{"self":[{"href":"https:\/\/lighthouselocarno.ch\/fr\/wp-json\/wp\/v2\/product\/119244","targetHints":{"allow":["GET"]}}],"collection":[{"href":"https:\/\/lighthouselocarno.ch\/fr\/wp-json\/wp\/v2\/product"}],"about":[{"href":"https:\/\/lighthouselocarno.ch\/fr\/wp-json\/wp\/v2\/types\/product"}],"wp:featuredmedia":[{"embeddable":true,"href":"https:\/\/lighthouselocarno.ch\/fr\/wp-json\/wp\/v2\/media\/100543"}],"wp:attachment":[{"href":"https:\/\/lighthouselocarno.ch\/fr\/wp-json\/wp\/v2\/media?parent=119244"}],"wp:term":[{"taxonomy":"product_brand","embeddable":true,"href":"https:\/\/lighthouselocarno.ch\/fr\/wp-json\/wp\/v2\/product_brand?post=119244"},{"taxonomy":"product_cat","embeddable":true,"href":"https:\/\/lighthouselocarno.ch\/fr\/wp-json\/wp\/v2\/product_cat?post=119244"},{"taxonomy":"product_tag","embeddable":true,"href":"https:\/\/lighthouselocarno.ch\/fr\/wp-json\/wp\/v2\/product_tag?post=119244"}],"curies":[{"name":"wp","href":"https:\/\/api.w.org\/{rel}","templated":true}]}}