{"id":119255,"date":"2022-05-07T12:45:47","date_gmt":"2022-05-07T12:45:47","guid":{"rendered":"https:\/\/lighthouselocarno.ch\/prodotti\/serviette-de-toilette-terry-towel-blanc-019\/"},"modified":"2023-08-30T16:26:46","modified_gmt":"2023-08-30T16:26:46","slug":"serviette-dinvite-en-eponge-blanc-019","status":"publish","type":"product","link":"https:\/\/lighthouselocarno.ch\/fr\/produit\/serviette-dinvite-en-eponge-blanc-019\/","title":{"rendered":"Serviette de toilette Terry Towel - Blanc 019"},"content":{"rendered":"<p>Serviette d&rsquo;invit\u00e9 en tissu \u00e9ponge blanc avec bordure en lin m\u00e9lang\u00e9. Taille 40&#215;60 cm.<\/p>\n","protected":false},"excerpt":{"rendered":"<p>Serviette d&rsquo;invit\u00e9 en tissu \u00e9ponge blanc avec bordure en lin m\u00e9lang\u00e9. Taille 40&#215;60 cm.<\/p>\n","protected":false},"featured_media":106168,"template":"","meta":{"_seopress_robots_primary_cat":"","_seopress_titles_title":"","_seopress_titles_desc":"","_seopress_robots_index":""},"product_brand":[],"product_cat":[3747,3883,6039],"product_tag":[],"class_list":{"0":"post-119255","1":"product","2":"type-product","3":"status-publish","4":"has-post-thumbnail","6":"product_cat-decoration-interieure","7":"product_cat-salle-de-bains","8":"product_cat-serviettes-fr","10":"first","11":"instock","12":"shipping-taxable","13":"purchasable","14":"product-type-simple"},"jetpack_sharing_enabled":true,"_links":{"self":[{"href":"https:\/\/lighthouselocarno.ch\/fr\/wp-json\/wp\/v2\/product\/119255","targetHints":{"allow":["GET"]}}],"collection":[{"href":"https:\/\/lighthouselocarno.ch\/fr\/wp-json\/wp\/v2\/product"}],"about":[{"href":"https:\/\/lighthouselocarno.ch\/fr\/wp-json\/wp\/v2\/types\/product"}],"wp:featuredmedia":[{"embeddable":true,"href":"https:\/\/lighthouselocarno.ch\/fr\/wp-json\/wp\/v2\/media\/106168"}],"wp:attachment":[{"href":"https:\/\/lighthouselocarno.ch\/fr\/wp-json\/wp\/v2\/media?parent=119255"}],"wp:term":[{"taxonomy":"product_brand","embeddable":true,"href":"https:\/\/lighthouselocarno.ch\/fr\/wp-json\/wp\/v2\/product_brand?post=119255"},{"taxonomy":"product_cat","embeddable":true,"href":"https:\/\/lighthouselocarno.ch\/fr\/wp-json\/wp\/v2\/product_cat?post=119255"},{"taxonomy":"product_tag","embeddable":true,"href":"https:\/\/lighthouselocarno.ch\/fr\/wp-json\/wp\/v2\/product_tag?post=119255"}],"curies":[{"name":"wp","href":"https:\/\/api.w.org\/{rel}","templated":true}]}}