{"id":119259,"date":"2022-05-07T12:46:17","date_gmt":"2022-05-07T12:46:17","guid":{"rendered":"https:\/\/lighthouselocarno.ch\/prodotti\/bougie-poema-petit-cube-avec-dentelle\/"},"modified":"2023-08-30T16:10:04","modified_gmt":"2023-08-30T16:10:04","slug":"petit-cube-bougie-avec-poeme-2","status":"publish","type":"product","link":"https:\/\/lighthouselocarno.ch\/fr\/produit\/petit-cube-bougie-avec-poeme-2\/","title":{"rendered":"Bougie Poema petit cube avec dentelle"},"content":{"rendered":"<p>Petite bougie cubique blanche au parfum d&rsquo;essence de lin, d\u00e9cor\u00e9e d&rsquo;une dentelle de Poema.<\/p>\n","protected":false},"excerpt":{"rendered":"<p>La bougie artisanale est disponible dans toutes les couleurs d&rsquo;Arte Pura et dans deux tailles diff\u00e9rentes,<\/p>\n<p>1,3 kg et 1,6 kg.<\/p>\n<p>Disponible dans la boutique en blanc.<br \/>\nToutes les autres couleurs peuvent \u00eatre command\u00e9es dans un d\u00e9lai de 4 \u00e0 6 semaines.<\/p>\n","protected":false},"featured_media":106177,"template":"","meta":{"_seopress_robots_primary_cat":"","_seopress_titles_title":"","_seopress_titles_desc":"","_seopress_robots_index":""},"product_brand":[],"product_cat":[4268,7125,4267,3747,7316],"product_tag":[],"class_list":{"0":"post-119259","1":"product","2":"type-product","3":"status-publish","4":"has-post-thumbnail","6":"product_cat-bougies","7":"product_cat-bougies-fr","8":"product_cat-bougies-et-parfums","9":"product_cat-decoration-interieure","10":"product_cat-parfums-et-savons","12":"first","13":"instock","14":"shipping-taxable","15":"purchasable","16":"product-type-simple"},"jetpack_sharing_enabled":true,"_links":{"self":[{"href":"https:\/\/lighthouselocarno.ch\/fr\/wp-json\/wp\/v2\/product\/119259","targetHints":{"allow":["GET"]}}],"collection":[{"href":"https:\/\/lighthouselocarno.ch\/fr\/wp-json\/wp\/v2\/product"}],"about":[{"href":"https:\/\/lighthouselocarno.ch\/fr\/wp-json\/wp\/v2\/types\/product"}],"wp:featuredmedia":[{"embeddable":true,"href":"https:\/\/lighthouselocarno.ch\/fr\/wp-json\/wp\/v2\/media\/106177"}],"wp:attachment":[{"href":"https:\/\/lighthouselocarno.ch\/fr\/wp-json\/wp\/v2\/media?parent=119259"}],"wp:term":[{"taxonomy":"product_brand","embeddable":true,"href":"https:\/\/lighthouselocarno.ch\/fr\/wp-json\/wp\/v2\/product_brand?post=119259"},{"taxonomy":"product_cat","embeddable":true,"href":"https:\/\/lighthouselocarno.ch\/fr\/wp-json\/wp\/v2\/product_cat?post=119259"},{"taxonomy":"product_tag","embeddable":true,"href":"https:\/\/lighthouselocarno.ch\/fr\/wp-json\/wp\/v2\/product_tag?post=119259"}],"curies":[{"name":"wp","href":"https:\/\/api.w.org\/{rel}","templated":true}]}}