{"id":119288,"date":"2021-06-21T21:10:53","date_gmt":"2021-06-21T21:10:53","guid":{"rendered":"https:\/\/lighthouselocarno.ch\/prodotti\/short-en-lin\/"},"modified":"2023-08-29T16:11:56","modified_gmt":"2023-08-29T16:11:56","slug":"short-in-lino","status":"publish","type":"product","link":"https:\/\/lighthouselocarno.ch\/fr\/produit\/short-in-lino\/","title":{"rendered":"Short en lin"},"content":{"rendered":"","protected":false},"excerpt":{"rendered":"<p> <b> Short en lin, fait main, fabriqu\u00e9 en Italie, <\/b> avec ceinture \u00e9lastiqu\u00e9e et boucle dor\u00e9e de la s\u00e9rie Snake.<\/p>\n<p>CARACT\u00c9RISTIQUES :<\/p>\n<p>Composition : lin m\u00e9lang\u00e9<br \/>\nCouleur : blanc<\/p>\n","protected":false},"featured_media":101965,"template":"","meta":{"_seopress_robots_primary_cat":"2544","_seopress_titles_title":"","_seopress_titles_desc":"","_seopress_robots_index":""},"product_brand":[],"product_cat":[3780,4255,3766],"product_tag":[4256],"class_list":{"0":"post-119288","1":"product","2":"type-product","3":"status-publish","4":"has-post-thumbnail","6":"product_cat-mode-femme","7":"product_cat-pantalon","8":"product_cat-vetements","9":"product_tag-court","11":"first","12":"instock","13":"shipping-taxable","14":"purchasable","15":"product-type-variable"},"jetpack_sharing_enabled":true,"_links":{"self":[{"href":"https:\/\/lighthouselocarno.ch\/fr\/wp-json\/wp\/v2\/product\/119288","targetHints":{"allow":["GET"]}}],"collection":[{"href":"https:\/\/lighthouselocarno.ch\/fr\/wp-json\/wp\/v2\/product"}],"about":[{"href":"https:\/\/lighthouselocarno.ch\/fr\/wp-json\/wp\/v2\/types\/product"}],"wp:featuredmedia":[{"embeddable":true,"href":"https:\/\/lighthouselocarno.ch\/fr\/wp-json\/wp\/v2\/media\/101965"}],"wp:attachment":[{"href":"https:\/\/lighthouselocarno.ch\/fr\/wp-json\/wp\/v2\/media?parent=119288"}],"wp:term":[{"taxonomy":"product_brand","embeddable":true,"href":"https:\/\/lighthouselocarno.ch\/fr\/wp-json\/wp\/v2\/product_brand?post=119288"},{"taxonomy":"product_cat","embeddable":true,"href":"https:\/\/lighthouselocarno.ch\/fr\/wp-json\/wp\/v2\/product_cat?post=119288"},{"taxonomy":"product_tag","embeddable":true,"href":"https:\/\/lighthouselocarno.ch\/fr\/wp-json\/wp\/v2\/product_tag?post=119288"}],"curies":[{"name":"wp","href":"https:\/\/api.w.org\/{rel}","templated":true}]}}