{"id":119293,"date":"2021-08-09T18:00:29","date_gmt":"2021-08-09T18:00:29","guid":{"rendered":"https:\/\/lighthouselocarno.ch\/prodotti\/mini-robe-en-dentelle-noire\/"},"modified":"2021-08-09T18:00:29","modified_gmt":"2021-08-09T18:00:29","slug":"mini-habitat-en-noir-pho-florence","status":"publish","type":"product","link":"https:\/\/lighthouselocarno.ch\/fr\/produit\/mini-habitat-en-noir-pho-florence\/","title":{"rendered":"Mini robe en dentelle noire"},"content":{"rendered":"","protected":false},"excerpt":{"rendered":"<p>Mini robe en dentelle noire avec garnitures dor\u00e9es.<\/p>\n<p>La robe en dentelle noire est \u00e9galement id\u00e9ale comme couverture noire pour l&rsquo;\u00e9t\u00e9.<\/p>\n<p>La manche trois-quarts la rend \u00e9galement parfaite pour les soir\u00e9es de printemps, associ\u00e9e \u00e0 un pantalon skinny ou \u00e0 une mini-robe avec des leggings.<\/p>\n","protected":false},"featured_media":102085,"template":"","meta":{"_seopress_robots_primary_cat":"61","_seopress_titles_title":"","_seopress_titles_desc":"","_seopress_robots_index":""},"product_brand":[],"product_cat":[3756],"product_tag":[4260,4257],"class_list":{"0":"post-119293","1":"product","2":"type-product","3":"status-publish","4":"has-post-thumbnail","6":"product_cat-vente","7":"product_tag-cache-coeur-en-dentelle","8":"product_tag-mini-robe","10":"first","11":"outofstock","12":"sale","13":"shipping-taxable","14":"purchasable","15":"product-type-variable"},"jetpack_sharing_enabled":true,"_links":{"self":[{"href":"https:\/\/lighthouselocarno.ch\/fr\/wp-json\/wp\/v2\/product\/119293","targetHints":{"allow":["GET"]}}],"collection":[{"href":"https:\/\/lighthouselocarno.ch\/fr\/wp-json\/wp\/v2\/product"}],"about":[{"href":"https:\/\/lighthouselocarno.ch\/fr\/wp-json\/wp\/v2\/types\/product"}],"wp:featuredmedia":[{"embeddable":true,"href":"https:\/\/lighthouselocarno.ch\/fr\/wp-json\/wp\/v2\/media\/102085"}],"wp:attachment":[{"href":"https:\/\/lighthouselocarno.ch\/fr\/wp-json\/wp\/v2\/media?parent=119293"}],"wp:term":[{"taxonomy":"product_brand","embeddable":true,"href":"https:\/\/lighthouselocarno.ch\/fr\/wp-json\/wp\/v2\/product_brand?post=119293"},{"taxonomy":"product_cat","embeddable":true,"href":"https:\/\/lighthouselocarno.ch\/fr\/wp-json\/wp\/v2\/product_cat?post=119293"},{"taxonomy":"product_tag","embeddable":true,"href":"https:\/\/lighthouselocarno.ch\/fr\/wp-json\/wp\/v2\/product_tag?post=119293"}],"curies":[{"name":"wp","href":"https:\/\/api.w.org\/{rel}","templated":true}]}}