{"id":119299,"date":"2021-02-16T12:26:36","date_gmt":"2021-02-16T12:26:36","guid":{"rendered":"https:\/\/lighthouselocarno.ch\/prodotti\/sac-de-couchage-pour-bebe\/"},"modified":"2023-08-19T13:26:35","modified_gmt":"2023-08-19T13:26:35","slug":"sac-de-couchage","status":"publish","type":"product","link":"https:\/\/lighthouselocarno.ch\/fr\/produit\/sac-de-couchage\/","title":{"rendered":"Sac de couchage pour b\u00e9b\u00e9"},"content":{"rendered":"","protected":false},"excerpt":{"rendered":"<p>Sac de couchage pour b\u00e9b\u00e9 avec capuche et trous dans le dos pour l&rsquo;attacher \u00e0 divers dispositifs tels qu&rsquo;un si\u00e8ge auto.<br \/>\nBeau et pratique. Id\u00e9al pour le berceau, le landau, la sortie chez les grands-parents !<br \/>\nTissu 100% coton, rembourrage synth\u00e9tique, attaches lat\u00e9rales pour une utilisation facile.<br \/>\nCapuche boutonn\u00e9e enti\u00e8rement ouvrable.<\/p>\n","protected":false},"featured_media":101710,"template":"","meta":{"_seopress_robots_primary_cat":"79","_seopress_titles_title":"","_seopress_titles_desc":"","_seopress_robots_index":""},"product_brand":[],"product_cat":[6026,3747,5969],"product_tag":[4273,4266],"class_list":{"0":"post-119299","1":"product","2":"type-product","3":"status-publish","4":"has-post-thumbnail","6":"product_cat-couvertures","7":"product_cat-decoration-interieure","8":"product_cat-le-lit","9":"product_tag-sac-de-couchage","10":"product_tag-sac-pour-bebe","12":"first","13":"outofstock","14":"shipping-taxable","15":"purchasable","16":"product-type-simple"},"jetpack_sharing_enabled":true,"_links":{"self":[{"href":"https:\/\/lighthouselocarno.ch\/fr\/wp-json\/wp\/v2\/product\/119299","targetHints":{"allow":["GET"]}}],"collection":[{"href":"https:\/\/lighthouselocarno.ch\/fr\/wp-json\/wp\/v2\/product"}],"about":[{"href":"https:\/\/lighthouselocarno.ch\/fr\/wp-json\/wp\/v2\/types\/product"}],"wp:featuredmedia":[{"embeddable":true,"href":"https:\/\/lighthouselocarno.ch\/fr\/wp-json\/wp\/v2\/media\/101710"}],"wp:attachment":[{"href":"https:\/\/lighthouselocarno.ch\/fr\/wp-json\/wp\/v2\/media?parent=119299"}],"wp:term":[{"taxonomy":"product_brand","embeddable":true,"href":"https:\/\/lighthouselocarno.ch\/fr\/wp-json\/wp\/v2\/product_brand?post=119299"},{"taxonomy":"product_cat","embeddable":true,"href":"https:\/\/lighthouselocarno.ch\/fr\/wp-json\/wp\/v2\/product_cat?post=119299"},{"taxonomy":"product_tag","embeddable":true,"href":"https:\/\/lighthouselocarno.ch\/fr\/wp-json\/wp\/v2\/product_tag?post=119299"}],"curies":[{"name":"wp","href":"https:\/\/api.w.org\/{rel}","templated":true}]}}