{"id":119342,"date":"2022-05-21T10:35:50","date_gmt":"2022-05-21T10:35:50","guid":{"rendered":"https:\/\/lighthouselocarno.ch\/prodotti\/bougie-parfumee-elements\/"},"modified":"2023-07-26T15:50:09","modified_gmt":"2023-07-26T15:50:09","slug":"bougies-elements-parfumes","status":"publish","type":"product","link":"https:\/\/lighthouselocarno.ch\/fr\/produit\/bougies-elements-parfumes\/","title":{"rendered":"Bougie parfum\u00e9e \u00abElements"},"content":{"rendered":"<p>Choisissez l&rsquo;\u00e9l\u00e9gance pour <strong>meubler votre maison avec style<\/strong> et sophistication. Les <strong>id\u00e9es de cadeaux<\/strong> et les <strong>accessoires de<\/strong> <strong>d\u00e9coration<\/strong> que Light House propose sont des <strong>cr\u00e9ations artisanales<\/strong> uniques et originales. <strong>Total white<\/strong> et <strong>shabby chic<\/strong> sont des \u00e9l\u00e9ments de <strong>design<\/strong> qui caract\u00e9risent la philosophie et les valeurs de la marque <strong>Light House Locarno<\/strong>&#8230; Home &amp; Life Philosophy.<\/p>\n<p>&nbsp;<\/p>\n","protected":false},"excerpt":{"rendered":"<p><b>Bougies parfum\u00e9es <\/b>\u00abElements<\/p>\n<p>Bougies parfum\u00e9es romantiques de 350 g dans un \u00e9l\u00e9gant bocal en verre.<\/p>\n<p>Les bougies sont disponibles dans les senteurs suivantes, sp\u00e9cialement s\u00e9lectionn\u00e9es pour les clients de Light House Locarno :<\/p>\n<ul>\n<li style=\"font-weight: 400;\"><b>Feuilles de figuier et lierre<\/b><span style=\"font-weight: 400;\">Le parfum harmonieux de la feuille de figuier avec la f\u00e8ve tonka et le bois de santal.<\/span><\/li>\n<li style=\"font-weight: 400;\"><span style=\"font-weight: 400;\">: senteur de  <\/span><\/li>\n<li style=\"font-weight: 400;\"><b>Poivre noir et f\u00e8ve Tonka<\/b><span style=\"font-weight: 400;\">avec du poivre noir, de l&rsquo;\u00e9corce de citron, de la cannelle, de l&rsquo;ambre et des bois. Un parfum \u00e9nergique et audacieux.  <\/span><\/li>\n<li style=\"font-weight: 400;\"><b>Ambre et bois<\/b><span style=\"font-weight: 400;\">L&rsquo;ambre et le bois, associ\u00e9s aux notes de t\u00eate de la myrrhe, cr\u00e9ent un parfum surprenant.<\/span><\/li>\n<li style=\"font-weight: 400;\">\n \t<\/li>\n<li style=\"font-weight: 400;\">\n<\/li>\n<\/ul>\n","protected":false},"featured_media":101848,"template":"","meta":{"_seopress_robots_primary_cat":"79","_seopress_titles_title":"","_seopress_titles_desc":"","_seopress_robots_index":""},"product_brand":[],"product_cat":[4268,7125,4267,3747],"product_tag":[4271,4289,4274,4275],"class_list":{"0":"post-119342","1":"product","2":"type-product","3":"status-publish","4":"has-post-thumbnail","6":"product_cat-bougies","7":"product_cat-bougies-fr","8":"product_cat-bougies-et-parfums","9":"product_cat-decoration-interieure","10":"product_tag-bougie-artisanale","11":"product_tag-bougie-naturelle","12":"product_tag-bougie-parfumee","13":"product_tag-perdrix","15":"first","16":"instock","17":"shipping-taxable","18":"purchasable","19":"product-type-variable"},"jetpack_sharing_enabled":true,"_links":{"self":[{"href":"https:\/\/lighthouselocarno.ch\/fr\/wp-json\/wp\/v2\/product\/119342","targetHints":{"allow":["GET"]}}],"collection":[{"href":"https:\/\/lighthouselocarno.ch\/fr\/wp-json\/wp\/v2\/product"}],"about":[{"href":"https:\/\/lighthouselocarno.ch\/fr\/wp-json\/wp\/v2\/types\/product"}],"wp:featuredmedia":[{"embeddable":true,"href":"https:\/\/lighthouselocarno.ch\/fr\/wp-json\/wp\/v2\/media\/101848"}],"wp:attachment":[{"href":"https:\/\/lighthouselocarno.ch\/fr\/wp-json\/wp\/v2\/media?parent=119342"}],"wp:term":[{"taxonomy":"product_brand","embeddable":true,"href":"https:\/\/lighthouselocarno.ch\/fr\/wp-json\/wp\/v2\/product_brand?post=119342"},{"taxonomy":"product_cat","embeddable":true,"href":"https:\/\/lighthouselocarno.ch\/fr\/wp-json\/wp\/v2\/product_cat?post=119342"},{"taxonomy":"product_tag","embeddable":true,"href":"https:\/\/lighthouselocarno.ch\/fr\/wp-json\/wp\/v2\/product_tag?post=119342"}],"curies":[{"name":"wp","href":"https:\/\/api.w.org\/{rel}","templated":true}]}}