{"id":119351,"date":"2021-06-13T10:14:47","date_gmt":"2021-06-13T10:14:47","guid":{"rendered":"https:\/\/lighthouselocarno.ch\/prodotti\/ligne-de-bougies-garden\/"},"modified":"2023-05-19T08:38:48","modified_gmt":"2023-05-19T08:38:48","slug":"bougie-citronelle-jardin","status":"publish","type":"product","link":"https:\/\/lighthouselocarno.ch\/fr\/produit\/bougie-citronelle-jardin\/","title":{"rendered":"Ligne de bougies \u00abGarden"},"content":{"rendered":"<p>Les <strong>bougies<\/strong> sont un <strong>accessoire<\/strong> essentiel de la <strong>d\u00e9coration int\u00e9rieure<\/strong>. De toutes les couleurs, de toutes les formes, \u00e9quip\u00e9es de <a href=\"https:\/\/lighthouselocarno.ch\/prodotti\/candelabro-shabby-chic\/\"><br \/>\n  <strong>cand\u00e9labre<\/strong><br \/>\n<\/a>bougie, bougeoir ou <a href=\"https:\/\/lighthouselocarno.ch\/prodotti\/lanterna-oro-vetro\/\"><br \/>\n  <strong>lanterne<\/strong><br \/>\n<\/a> qu&rsquo;elles soient les vedettes de la <strong><br \/>\n  <em>design de l&rsquo;\u00e9clairage \u00e0 la bougie<\/em><br \/>\n<\/strong> sont des incontournables de tout foyer digne de ce nom.<\/p>\n<p style=\"text-align: left;\"><em>Et un paradoxe amusant du design : l&rsquo;utilit\u00e9 engendre la beaut\u00e9. Il y a de l&rsquo;\u00e9l\u00e9gance dans l&rsquo;efficacit\u00e9. ~ Ben Orlin~<\/em><\/p>\n<p>&#8230;Vivez une exp\u00e9rience sensorielle et \u00e9motionnelle unique&#8230; entrez dans LightHouse, la philosophie de la maison et de la vie.<br \/>\nLightHouse est un atelier cr\u00e9atif d&rsquo;architecture d&rsquo;<strong>int\u00e9rieur<\/strong> et de <strong>d\u00e9coration<\/strong> situ\u00e9 au c\u0153ur de la vieille ville, dans l&rsquo;un des plus beaux b\u00e2timents historiques de Locarno, au bord du lac Majeur, en Suisse.<br \/>\nDans la <strong>boutique en ligne<\/strong> comme dans la boutique de Locarno, vous trouverez des cr\u00e9ations uniques, originales et innovantes pour vous et votre <strong>maison<\/strong>, qui illumineront vos yeux et votre c\u0153ur.<\/p>\n<p>&nbsp;<\/p>\n<p>&nbsp;<\/p>\n","protected":false},"excerpt":{"rendered":"<p><b>Bougies<\/b> \u00abGarden\u00bb.<\/p>\n<p>Fabriqu\u00e9 \u00e0 partir de <b>cire naturelle<\/b> et d&rsquo;une m\u00e8che en coton pur \u00e0 100 %.<\/p>\n<p>Le sac est en <b>papier ignifug\u00e9<\/b>.<\/p>\n<p>Chaque bougie dure au maximum 55 heures.<\/p>\n<p>Disponible avec ou sans citronnelle.<\/p>\n","protected":false},"featured_media":101776,"template":"","meta":{"_seopress_robots_primary_cat":"79","_seopress_titles_title":"Bougies d'ext\u00e9rieur Garden line avec citronnelle en cire naturelle","_seopress_titles_desc":"Les bougies sont un accessoire essentiel de la d\u00e9coration int\u00e9rieure. De toutes les couleurs, de toutes les formes, \u00e9quip\u00e9es d'un cand\u00e9labre, d'un lampion ou d'une lanterne, les stars du design \u00e0 la bougie sont incontournables pour tout foyer digne de ce nom.  ","_seopress_robots_index":""},"product_brand":[],"product_cat":[4268,4267,3747,4040],"product_tag":[4294,4295,4297,4299],"class_list":{"0":"post-119351","1":"product","2":"type-product","3":"status-publish","4":"has-post-thumbnail","6":"product_cat-bougies","7":"product_cat-bougies-et-parfums","8":"product_cat-decoration-interieure","9":"product_cat-decorations-fr","10":"product_tag-bougie-de-jardin","11":"product_tag-bougies-anti-moustiques","12":"product_tag-bougies-dexterieur","13":"product_tag-citronnelle","15":"first","16":"instock","17":"shipping-taxable","18":"purchasable","19":"product-type-variable"},"jetpack_sharing_enabled":true,"_links":{"self":[{"href":"https:\/\/lighthouselocarno.ch\/fr\/wp-json\/wp\/v2\/product\/119351","targetHints":{"allow":["GET"]}}],"collection":[{"href":"https:\/\/lighthouselocarno.ch\/fr\/wp-json\/wp\/v2\/product"}],"about":[{"href":"https:\/\/lighthouselocarno.ch\/fr\/wp-json\/wp\/v2\/types\/product"}],"wp:featuredmedia":[{"embeddable":true,"href":"https:\/\/lighthouselocarno.ch\/fr\/wp-json\/wp\/v2\/media\/101776"}],"wp:attachment":[{"href":"https:\/\/lighthouselocarno.ch\/fr\/wp-json\/wp\/v2\/media?parent=119351"}],"wp:term":[{"taxonomy":"product_brand","embeddable":true,"href":"https:\/\/lighthouselocarno.ch\/fr\/wp-json\/wp\/v2\/product_brand?post=119351"},{"taxonomy":"product_cat","embeddable":true,"href":"https:\/\/lighthouselocarno.ch\/fr\/wp-json\/wp\/v2\/product_cat?post=119351"},{"taxonomy":"product_tag","embeddable":true,"href":"https:\/\/lighthouselocarno.ch\/fr\/wp-json\/wp\/v2\/product_tag?post=119351"}],"curies":[{"name":"wp","href":"https:\/\/api.w.org\/{rel}","templated":true}]}}