{"id":119382,"date":"2021-07-05T12:51:42","date_gmt":"2021-07-05T12:51:42","guid":{"rendered":"https:\/\/lighthouselocarno.ch\/prodotti\/kimono-en-dentelle\/"},"modified":"2023-08-29T16:11:44","modified_gmt":"2023-08-29T16:11:44","slug":"kimono-en-dentelle","status":"publish","type":"product","link":"https:\/\/lighthouselocarno.ch\/fr\/produit\/kimono-en-dentelle\/","title":{"rendered":"Kimono en dentelle"},"content":{"rendered":"<p>Long kimono avec fentes et poches lat\u00e9rales.<\/p>\n<p>La passion pour ce que nous faisons est notre valeur ajout\u00e9e.<\/p>\n<p>Amor y Odio concentre ses forces sur la s\u00e9lection de mat\u00e9riaux et d&rsquo;accessoires originaux, sur un ajustement parfait \u00e0 chaque fois et sur la qualit\u00e9 du produit final.<\/p>\n<p>MADE IN ITALY<\/p>\n","protected":false},"excerpt":{"rendered":"<p>Superbe <b>couverture kimono en dentelle pour femme<\/b>, avec de longues manches l\u00e9g\u00e8rement en forme de cloche.<\/p>\n<p>Un must fait main de ma s\u00e9lection personnelle<b>\u00abVacances de r\u00eave\u00bb<\/b>.<\/p>\n<p>Une couverture <b>fabriqu\u00e9e en Italie<\/b> qui peut \u00e9galement \u00eatre utilis\u00e9e comme un <b>cache-sexe<\/b> \u00e0 porter sur une robe fourreau courte pour un d\u00eener romantique au bord de la mer.<\/p>\n<p>Ce duster sp\u00e9cial est dot\u00e9 de deux <b>larges fentes lat\u00e9rales<\/b> qui conf\u00e8rent un grand confort et un mouvement \u00e9l\u00e9gant \u00e0 la d\u00e9marche. Il est dot\u00e9 de deux passants avec une longue ceinture et de <b>deux poches pratiques<\/b> situ\u00e9es juste au-dessus des fentes lat\u00e9rales.<\/p>\n<p>Couleurs : BLANC, NOIR<\/p>\n<p>Tissu : 70% coton 30% polyamide<\/p>\n<p>Laver d\u00e9licatement \u00e0 la main, repasser \u00e0 basse temp\u00e9rature.<\/p>\n<p>&nbsp;<\/p>\n<p>&nbsp;<\/p>\n","protected":false},"featured_media":102028,"template":"","meta":{"_seopress_robots_primary_cat":"","_seopress_titles_title":"","_seopress_titles_desc":"","_seopress_robots_index":""},"product_brand":[],"product_cat":[7338,7209,3780,7339],"product_tag":[4260,4304,4204],"class_list":{"0":"post-119382","1":"product","2":"type-product","3":"status-publish","4":"has-post-thumbnail","6":"product_cat-caftans","7":"product_cat-mode-la-plage","8":"product_cat-mode-femme","9":"product_cat-pareo-fr","10":"product_tag-cache-coeur-en-dentelle","11":"product_tag-collection-plage","12":"product_tag-vacances","14":"first","15":"instock","16":"shipping-taxable","17":"purchasable","18":"product-type-variable","19":"has-default-attributes"},"jetpack_sharing_enabled":true,"_links":{"self":[{"href":"https:\/\/lighthouselocarno.ch\/fr\/wp-json\/wp\/v2\/product\/119382","targetHints":{"allow":["GET"]}}],"collection":[{"href":"https:\/\/lighthouselocarno.ch\/fr\/wp-json\/wp\/v2\/product"}],"about":[{"href":"https:\/\/lighthouselocarno.ch\/fr\/wp-json\/wp\/v2\/types\/product"}],"wp:featuredmedia":[{"embeddable":true,"href":"https:\/\/lighthouselocarno.ch\/fr\/wp-json\/wp\/v2\/media\/102028"}],"wp:attachment":[{"href":"https:\/\/lighthouselocarno.ch\/fr\/wp-json\/wp\/v2\/media?parent=119382"}],"wp:term":[{"taxonomy":"product_brand","embeddable":true,"href":"https:\/\/lighthouselocarno.ch\/fr\/wp-json\/wp\/v2\/product_brand?post=119382"},{"taxonomy":"product_cat","embeddable":true,"href":"https:\/\/lighthouselocarno.ch\/fr\/wp-json\/wp\/v2\/product_cat?post=119382"},{"taxonomy":"product_tag","embeddable":true,"href":"https:\/\/lighthouselocarno.ch\/fr\/wp-json\/wp\/v2\/product_tag?post=119382"}],"curies":[{"name":"wp","href":"https:\/\/api.w.org\/{rel}","templated":true}]}}