{"id":119480,"date":"2022-05-07T12:42:32","date_gmt":"2022-05-07T12:42:32","guid":{"rendered":"https:\/\/lighthouselocarno.ch\/prodotti\/set-de-6-serviettes-blanc-019\/"},"modified":"2023-08-30T16:03:46","modified_gmt":"2023-08-30T16:03:46","slug":"coffret-6-romans-white-019","status":"publish","type":"product","link":"https:\/\/lighthouselocarno.ch\/fr\/produit\/coffret-6-romans-white-019\/","title":{"rendered":"Set de 6 serviettes - Blanc 019"},"content":{"rendered":"<p>Lot de 6 serviettes de table en lin \u00e9pais blanc avec logo d\u00e9coratif Arte Pura brod\u00e9. Bord avec pli. Taille 40&#215;40 cm.<\/p>\n","protected":false},"excerpt":{"rendered":"<p>Lot de 6 serviettes de table en lin \u00e9pais blanc avec logo d\u00e9coratif Arte Pura brod\u00e9. Bord avec pli. Taille 40&#215;40 cm.<\/p>\n","protected":false},"featured_media":106150,"template":"","meta":{"_seopress_robots_primary_cat":"","_seopress_titles_title":"","_seopress_titles_desc":"","_seopress_robots_index":""},"product_brand":[],"product_cat":[3747,3757,5837],"product_tag":[],"class_list":{"0":"post-119480","1":"product","2":"type-product","3":"status-publish","4":"has-post-thumbnail","6":"product_cat-decoration-interieure","7":"product_cat-table-fr","8":"product_cat-serviette-et-rond","10":"first","11":"instock","12":"shipping-taxable","13":"purchasable","14":"product-type-simple"},"jetpack_sharing_enabled":true,"_links":{"self":[{"href":"https:\/\/lighthouselocarno.ch\/fr\/wp-json\/wp\/v2\/product\/119480","targetHints":{"allow":["GET"]}}],"collection":[{"href":"https:\/\/lighthouselocarno.ch\/fr\/wp-json\/wp\/v2\/product"}],"about":[{"href":"https:\/\/lighthouselocarno.ch\/fr\/wp-json\/wp\/v2\/types\/product"}],"wp:featuredmedia":[{"embeddable":true,"href":"https:\/\/lighthouselocarno.ch\/fr\/wp-json\/wp\/v2\/media\/106150"}],"wp:attachment":[{"href":"https:\/\/lighthouselocarno.ch\/fr\/wp-json\/wp\/v2\/media?parent=119480"}],"wp:term":[{"taxonomy":"product_brand","embeddable":true,"href":"https:\/\/lighthouselocarno.ch\/fr\/wp-json\/wp\/v2\/product_brand?post=119480"},{"taxonomy":"product_cat","embeddable":true,"href":"https:\/\/lighthouselocarno.ch\/fr\/wp-json\/wp\/v2\/product_cat?post=119480"},{"taxonomy":"product_tag","embeddable":true,"href":"https:\/\/lighthouselocarno.ch\/fr\/wp-json\/wp\/v2\/product_tag?post=119480"}],"curies":[{"name":"wp","href":"https:\/\/api.w.org\/{rel}","templated":true}]}}