{"id":119506,"date":"2019-02-04T09:30:52","date_gmt":"2019-02-04T09:30:52","guid":{"rendered":"https:\/\/lighthouselocarno.ch\/prodotti\/soutien-gorge-souple-a-armatures-polisonne\/"},"modified":"2019-02-04T09:30:52","modified_gmt":"2019-02-04T09:30:52","slug":"soutien-gorge-soft-with-chanthal-thomass","status":"publish","type":"product","link":"https:\/\/lighthouselocarno.ch\/fr\/produit\/soutien-gorge-soft-with-chanthal-thomass\/","title":{"rendered":"Soutien-gorge souple \u00e0 armatures Polisonne"},"content":{"rendered":"<p>Collection de <b>soutiens-gorge \u00e0 armatures tr\u00e8s souples<\/b><br \/>\nPOLISONNE CHANTAL THOMASS.<br \/>\nTissu : Polyester Polyamid.<br \/>\nCouleur : Ivoire Noir.<\/p>\n","protected":false},"excerpt":{"rendered":"<p>Soutien-gorge \u00e0 balconnet souple.<br \/>\nCollection Polisonne Chantal Thomass.<\/p>\n","protected":false},"featured_media":99640,"template":"","meta":{"_seopress_robots_primary_cat":"","_seopress_titles_title":"","_seopress_titles_desc":"","_seopress_robots_index":""},"product_brand":[],"product_cat":[3756],"product_tag":[4378,4373,4376,4377],"class_list":{"0":"post-119506","1":"product","2":"type-product","3":"status-publish","4":"has-post-thumbnail","6":"product_cat-vente","7":"product_tag-lingerie-fr","8":"product_tag-soutien-gorge","9":"product_tag-soutien-gorge-a-balconnet","10":"product_tag-soutien-gorge-chantal-thomass","12":"first","13":"instock","14":"sale","15":"shipping-taxable","16":"purchasable","17":"product-type-variable","18":"has-default-attributes"},"jetpack_sharing_enabled":true,"_links":{"self":[{"href":"https:\/\/lighthouselocarno.ch\/fr\/wp-json\/wp\/v2\/product\/119506","targetHints":{"allow":["GET"]}}],"collection":[{"href":"https:\/\/lighthouselocarno.ch\/fr\/wp-json\/wp\/v2\/product"}],"about":[{"href":"https:\/\/lighthouselocarno.ch\/fr\/wp-json\/wp\/v2\/types\/product"}],"wp:featuredmedia":[{"embeddable":true,"href":"https:\/\/lighthouselocarno.ch\/fr\/wp-json\/wp\/v2\/media\/99640"}],"wp:attachment":[{"href":"https:\/\/lighthouselocarno.ch\/fr\/wp-json\/wp\/v2\/media?parent=119506"}],"wp:term":[{"taxonomy":"product_brand","embeddable":true,"href":"https:\/\/lighthouselocarno.ch\/fr\/wp-json\/wp\/v2\/product_brand?post=119506"},{"taxonomy":"product_cat","embeddable":true,"href":"https:\/\/lighthouselocarno.ch\/fr\/wp-json\/wp\/v2\/product_cat?post=119506"},{"taxonomy":"product_tag","embeddable":true,"href":"https:\/\/lighthouselocarno.ch\/fr\/wp-json\/wp\/v2\/product_tag?post=119506"}],"curies":[{"name":"wp","href":"https:\/\/api.w.org\/{rel}","templated":true}]}}