{"id":119552,"date":"2020-06-02T14:00:10","date_gmt":"2020-06-02T14:00:10","guid":{"rendered":"https:\/\/lighthouselocarno.ch\/prodotti\/sandale-etincelante-de-couleur-nude\/"},"modified":"2023-08-24T09:50:04","modified_gmt":"2023-08-24T09:50:04","slug":"sandale-etincelante-nude","status":"publish","type":"product","link":"https:\/\/lighthouselocarno.ch\/fr\/produit\/sandale-etincelante-nude\/","title":{"rendered":"Sandale \u00e9tincelante de couleur nude"},"content":{"rendered":"<p>La Sparkly <b>Collection est la sandale phare de la collection<\/b>. El\u00e9gante, elle se d\u00e9cline en trois couleurs tendance.<\/p>\n<p>Le <b>style est tr\u00e8s f\u00e9minin<\/b> et permet d&rsquo;associer les sandales \u00e0 un jean, un pantalon classique ou une jolie petite robe noire. Les couleurs claires sont parfaites pour les journ\u00e9es d&rsquo;\u00e9t\u00e9 et les mariages. La gamme plus fonc\u00e9e convient sans aucun doute \u00e0 une tenue de soir\u00e9e !<\/p>\n<p class=\"font_8\"><strong>3 Couleurs<\/strong>: Champagne \u00e9tincelant - Bronze \u00e9tincelant - Bleu \u00e9tincelant<\/p>\n<p class=\"font_8\">La collection \u00e9tincelante est un best-seller, elle scintille avec \u00e9l\u00e9gance et est disponible en six couleurs pour s&rsquo;adapter \u00e0 tous les ensembles.<\/p>\n<p>Le style est tr\u00e8s f\u00e9minin, ce qui permet d&rsquo;associer les sandales \u00e0 un jean, un pantalon ou une petite robe noire. Les couleurs claires conviennent parfaitement aux journ\u00e9es d&rsquo;\u00e9t\u00e9 ou m\u00eame aux mariages et les couleurs plus fonc\u00e9es apportent sans effort une finition chic \u00e0 votre tenue de soir\u00e9e.<\/p>\n<p class=\"font_8\"><strong>3Couleurs<\/strong>: Champagne \u00e9tincelant - Bronze \u00e9tincelant - Bleu \u00e9tincelant<\/p>\n<p>Les <strong>sandales sont de taille petite<\/strong>, n&rsquo;h\u00e9sitez pas \u00e0 prendre une taille au-dessus !<\/p>\n<p class=\"font_8\"><strong>LA TAILLE DES SABLES EST TR\u00c8S PETITE<\/strong>, n&rsquo;h\u00e9sitez pas \u00e0 acheter un num\u00e9ro suppl\u00e9mentaire !<\/p>\n","protected":false},"excerpt":{"rendered":"<p><b>Sandales<\/b> confortables et <b>\u00e9l\u00e9gantes<\/b>.<br \/>\n100% cuir et strass.<br \/>\nTalon 1 cm.<br \/>\nLes sandales sont de taille petite, n&rsquo;h\u00e9sitez pas \u00e0 prendre une taille au-dessus !<\/p>\n","protected":false},"featured_media":99574,"template":"","meta":{"_seopress_robots_primary_cat":"","_seopress_titles_title":"","_seopress_titles_desc":"","_seopress_robots_index":""},"product_brand":[],"product_cat":[4349,3896,3780,3756],"product_tag":[4351,4356,4395,4361],"class_list":{"0":"post-119552","1":"product","2":"type-product","3":"status-publish","4":"has-post-thumbnail","6":"product_cat-chaussures","7":"product_cat-chaussures-et-accessoires","8":"product_cat-mode-femme","9":"product_cat-vente","10":"product_tag-bois-de-santal","11":"product_tag-sables","12":"product_tag-sandales-avec-strass","13":"product_tag-whit-my-sands-fr","15":"first","16":"instock","17":"sale","18":"shipping-taxable","19":"purchasable","20":"product-type-variable","21":"has-default-attributes"},"jetpack_sharing_enabled":true,"_links":{"self":[{"href":"https:\/\/lighthouselocarno.ch\/fr\/wp-json\/wp\/v2\/product\/119552","targetHints":{"allow":["GET"]}}],"collection":[{"href":"https:\/\/lighthouselocarno.ch\/fr\/wp-json\/wp\/v2\/product"}],"about":[{"href":"https:\/\/lighthouselocarno.ch\/fr\/wp-json\/wp\/v2\/types\/product"}],"wp:featuredmedia":[{"embeddable":true,"href":"https:\/\/lighthouselocarno.ch\/fr\/wp-json\/wp\/v2\/media\/99574"}],"wp:attachment":[{"href":"https:\/\/lighthouselocarno.ch\/fr\/wp-json\/wp\/v2\/media?parent=119552"}],"wp:term":[{"taxonomy":"product_brand","embeddable":true,"href":"https:\/\/lighthouselocarno.ch\/fr\/wp-json\/wp\/v2\/product_brand?post=119552"},{"taxonomy":"product_cat","embeddable":true,"href":"https:\/\/lighthouselocarno.ch\/fr\/wp-json\/wp\/v2\/product_cat?post=119552"},{"taxonomy":"product_tag","embeddable":true,"href":"https:\/\/lighthouselocarno.ch\/fr\/wp-json\/wp\/v2\/product_tag?post=119552"}],"curies":[{"name":"wp","href":"https:\/\/api.w.org\/{rel}","templated":true}]}}