{"id":119557,"date":"2020-05-09T17:22:47","date_gmt":"2020-05-09T17:22:47","guid":{"rendered":"https:\/\/lighthouselocarno.ch\/prodotti\/alleluia-lampadaire\/"},"modified":"2023-07-05T14:49:50","modified_gmt":"2023-07-05T14:49:50","slug":"lampe-terre-ou-suspendue","status":"publish","type":"product","link":"https:\/\/lighthouselocarno.ch\/fr\/produit\/lampe-terre-ou-suspendue\/","title":{"rendered":"ALL\u00c9LUIA Lampadaire"},"content":{"rendered":"<p>Dimensions<br \/>\nGrand : 160&#215;55 cm<br \/>\nPetit : 105&#215;45 cm<\/p>\n<p>Couleur : blanc<\/p>\n<p>Toutes les lampes sont fabriqu\u00e9es dans l&rsquo;atelier de l&rsquo;artiste au moment de l&rsquo;achat.<br \/>\nD\u00e9lai de livraison : environ 3-4 semaines<\/p>\n","protected":false},"excerpt":{"rendered":"<p>Spectaculaire <b>lampe sur pied fabriqu\u00e9e enti\u00e8rement \u00e0 la main<\/b>. Compos\u00e9 d&rsquo;une fine base en fil de fer recouverte de fleurs cylindriques en papier cr\u00eap\u00e9 de soie biologique enti\u00e8rement r\u00e9alis\u00e9 \u00e0 la main en technique frois\u00e9e.<\/p>\n<p>Dimensions<br \/>\nGrand : 160\u00d755 cm<br \/>\nPetit : 105\u00d745 cm<\/p>\n<p>Couleur : blanc<\/p>\n<p>Toutes les lampes sont fabriqu\u00e9es dans l&rsquo;atelier de l&rsquo;artiste au moment de l&rsquo;achat.<br \/>\nD\u00e9lai de livraison : environ 3-4 semaines<\/p>\n","protected":false},"featured_media":99604,"template":"","meta":{"_seopress_robots_primary_cat":"","_seopress_titles_title":"","_seopress_titles_desc":"","_seopress_robots_index":""},"product_brand":[],"product_cat":[3747,7190],"product_tag":[4044,4041,4047,4396,4053],"class_list":{"0":"post-119557","1":"product","2":"type-product","3":"status-publish","4":"has-post-thumbnail","6":"product_cat-decoration-interieure","7":"product_cat-lampes","8":"product_tag-lampe-fr","9":"product_tag-lampe-a-pied","10":"product_tag-lampe-design","11":"product_tag-lumiere-fr","12":"product_tag-lumiere","14":"first","15":"instock","16":"shipping-taxable","17":"purchasable","18":"product-type-variable","19":"has-default-attributes"},"jetpack_sharing_enabled":true,"_links":{"self":[{"href":"https:\/\/lighthouselocarno.ch\/fr\/wp-json\/wp\/v2\/product\/119557","targetHints":{"allow":["GET"]}}],"collection":[{"href":"https:\/\/lighthouselocarno.ch\/fr\/wp-json\/wp\/v2\/product"}],"about":[{"href":"https:\/\/lighthouselocarno.ch\/fr\/wp-json\/wp\/v2\/types\/product"}],"wp:featuredmedia":[{"embeddable":true,"href":"https:\/\/lighthouselocarno.ch\/fr\/wp-json\/wp\/v2\/media\/99604"}],"wp:attachment":[{"href":"https:\/\/lighthouselocarno.ch\/fr\/wp-json\/wp\/v2\/media?parent=119557"}],"wp:term":[{"taxonomy":"product_brand","embeddable":true,"href":"https:\/\/lighthouselocarno.ch\/fr\/wp-json\/wp\/v2\/product_brand?post=119557"},{"taxonomy":"product_cat","embeddable":true,"href":"https:\/\/lighthouselocarno.ch\/fr\/wp-json\/wp\/v2\/product_cat?post=119557"},{"taxonomy":"product_tag","embeddable":true,"href":"https:\/\/lighthouselocarno.ch\/fr\/wp-json\/wp\/v2\/product_tag?post=119557"}],"curies":[{"name":"wp","href":"https:\/\/api.w.org\/{rel}","templated":true}]}}