{"id":119558,"date":"2021-08-09T19:00:10","date_gmt":"2021-08-09T19:00:10","guid":{"rendered":"https:\/\/lighthouselocarno.ch\/prodotti\/sandale-en-cuir-tan-naturel\/"},"modified":"2021-08-09T19:00:10","modified_gmt":"2021-08-09T19:00:10","slug":"cuir-naturel","status":"publish","type":"product","link":"https:\/\/lighthouselocarno.ch\/fr\/produit\/cuir-naturel\/","title":{"rendered":"Sandale en cuir Tan naturel"},"content":{"rendered":"<p>Sandale en cuir v\u00e9ritable.<\/p>\n","protected":false},"excerpt":{"rendered":"<p>Sandale minimale et extr\u00eamement simple \u00e0 porter avec n&rsquo;importe quelle tenue. Disponible dans une couleur cl\u00e9, le camel, pour un look parfait. Magnifique avec des robes blanches !<br \/>\nLes sandales sont de taille petite, n&rsquo;h\u00e9sitez pas \u00e0 prendre une taille au dessus de la v\u00f4tre !<\/p>\n<p>100% cuir.<br \/>\nTalon 1 cm.<\/p>\n","protected":false},"featured_media":99586,"template":"","meta":{"_seopress_robots_primary_cat":"61","_seopress_titles_title":"","_seopress_titles_desc":"","_seopress_robots_index":""},"product_brand":[],"product_cat":[3756],"product_tag":[4351,4356,4374,4361],"class_list":{"0":"post-119558","1":"product","2":"type-product","3":"status-publish","4":"has-post-thumbnail","6":"product_cat-vente","7":"product_tag-bois-de-santal","8":"product_tag-sables","9":"product_tag-sandales","10":"product_tag-whit-my-sands-fr","12":"first","13":"instock","14":"sale","15":"shipping-taxable","16":"purchasable","17":"product-type-variable"},"jetpack_sharing_enabled":true,"_links":{"self":[{"href":"https:\/\/lighthouselocarno.ch\/fr\/wp-json\/wp\/v2\/product\/119558","targetHints":{"allow":["GET"]}}],"collection":[{"href":"https:\/\/lighthouselocarno.ch\/fr\/wp-json\/wp\/v2\/product"}],"about":[{"href":"https:\/\/lighthouselocarno.ch\/fr\/wp-json\/wp\/v2\/types\/product"}],"wp:featuredmedia":[{"embeddable":true,"href":"https:\/\/lighthouselocarno.ch\/fr\/wp-json\/wp\/v2\/media\/99586"}],"wp:attachment":[{"href":"https:\/\/lighthouselocarno.ch\/fr\/wp-json\/wp\/v2\/media?parent=119558"}],"wp:term":[{"taxonomy":"product_brand","embeddable":true,"href":"https:\/\/lighthouselocarno.ch\/fr\/wp-json\/wp\/v2\/product_brand?post=119558"},{"taxonomy":"product_cat","embeddable":true,"href":"https:\/\/lighthouselocarno.ch\/fr\/wp-json\/wp\/v2\/product_cat?post=119558"},{"taxonomy":"product_tag","embeddable":true,"href":"https:\/\/lighthouselocarno.ch\/fr\/wp-json\/wp\/v2\/product_tag?post=119558"}],"curies":[{"name":"wp","href":"https:\/\/api.w.org\/{rel}","templated":true}]}}