{"id":119572,"date":"2021-08-09T19:00:15","date_gmt":"2021-08-09T19:00:15","guid":{"rendered":"https:\/\/lighthouselocarno.ch\/prodotti\/sandales-en-argent-metallise\/"},"modified":"2023-08-04T15:20:53","modified_gmt":"2023-08-04T15:20:53","slug":"sandale-metallique-argent","status":"publish","type":"product","link":"https:\/\/lighthouselocarno.ch\/fr\/produit\/sandale-metallique-argent\/","title":{"rendered":"Sandales en argent m\u00e9tallis\u00e9"},"content":{"rendered":"<p>Sandale en cuir v\u00e9ritable.<\/p>\n","protected":false},"excerpt":{"rendered":"<p>Metallic Collection est une collection minimale et extr\u00eamement simple qui peut \u00eatre port\u00e9e avec n&rsquo;importe quelle tenue. Disponible dans les couleurs principales pour un look parfait. Magnifique avec des robes blanches !<br \/>\nLes sandales sont de taille petite, n&rsquo;h\u00e9sitez pas \u00e0 prendre une taille au dessus de la v\u00f4tre !<\/p>\n","protected":false},"featured_media":99568,"template":"","meta":{"_seopress_robots_primary_cat":"none","_seopress_titles_title":"","_seopress_titles_desc":"","_seopress_robots_index":""},"product_brand":[],"product_cat":[3756],"product_tag":[4351,4356,4374,4361],"class_list":{"0":"post-119572","1":"product","2":"type-product","3":"status-publish","4":"has-post-thumbnail","6":"product_cat-vente","7":"product_tag-bois-de-santal","8":"product_tag-sables","9":"product_tag-sandales","10":"product_tag-whit-my-sands-fr","12":"first","13":"instock","14":"sale","15":"shipping-taxable","16":"purchasable","17":"product-type-variable","18":"has-default-attributes"},"jetpack_sharing_enabled":true,"_links":{"self":[{"href":"https:\/\/lighthouselocarno.ch\/fr\/wp-json\/wp\/v2\/product\/119572","targetHints":{"allow":["GET"]}}],"collection":[{"href":"https:\/\/lighthouselocarno.ch\/fr\/wp-json\/wp\/v2\/product"}],"about":[{"href":"https:\/\/lighthouselocarno.ch\/fr\/wp-json\/wp\/v2\/types\/product"}],"wp:featuredmedia":[{"embeddable":true,"href":"https:\/\/lighthouselocarno.ch\/fr\/wp-json\/wp\/v2\/media\/99568"}],"wp:attachment":[{"href":"https:\/\/lighthouselocarno.ch\/fr\/wp-json\/wp\/v2\/media?parent=119572"}],"wp:term":[{"taxonomy":"product_brand","embeddable":true,"href":"https:\/\/lighthouselocarno.ch\/fr\/wp-json\/wp\/v2\/product_brand?post=119572"},{"taxonomy":"product_cat","embeddable":true,"href":"https:\/\/lighthouselocarno.ch\/fr\/wp-json\/wp\/v2\/product_cat?post=119572"},{"taxonomy":"product_tag","embeddable":true,"href":"https:\/\/lighthouselocarno.ch\/fr\/wp-json\/wp\/v2\/product_tag?post=119572"}],"curies":[{"name":"wp","href":"https:\/\/api.w.org\/{rel}","templated":true}]}}