{"id":119594,"date":"2021-08-24T10:00:06","date_gmt":"2021-08-24T10:00:06","guid":{"rendered":"https:\/\/lighthouselocarno.ch\/prodotti\/sandale-star-bronze\/"},"modified":"2021-08-24T10:00:06","modified_gmt":"2021-08-24T10:00:06","slug":"etincelant-bronze-2","status":"publish","type":"product","link":"https:\/\/lighthouselocarno.ch\/fr\/produit\/etincelant-bronze-2\/","title":{"rendered":"Sandale Star Bronze"},"content":{"rendered":"<p>Sandale en cuir v\u00e9ritable d\u00e9cor\u00e9e de perles.<\/p>\n","protected":false},"excerpt":{"rendered":"<p>La Star Collection est la sandale phare de la collection. \u00c9l\u00e9gant, disponible en trois couleurs \u00e0 la mode.<\/p>\n<p>Le style est tr\u00e8s f\u00e9minin et permet d&rsquo;associer les sandales \u00e0 un jean, un pantalon classique ou une jolie petite robe noire. Les couleurs claires sont parfaites pour les journ\u00e9es d&rsquo;\u00e9t\u00e9 et les mariages. La gamme plus fonc\u00e9e convient sans aucun doute \u00e0 une tenue de soir\u00e9e !<\/p>\n<p> <strong> Couleurs<\/strong>: Star Black - Star Bronze -<\/p>\n<p>Les <strong>sandales sont de taille petite<\/strong>, n&rsquo;h\u00e9sitez pas \u00e0 prendre une taille au-dessus !<\/p>\n<p class=\"font_8\">\n","protected":false},"featured_media":99694,"template":"","meta":{"_seopress_robots_primary_cat":"","_seopress_titles_title":"","_seopress_titles_desc":"","_seopress_robots_index":""},"product_brand":[],"product_cat":[3756],"product_tag":[4351,4356,4374,4361],"class_list":{"0":"post-119594","1":"product","2":"type-product","3":"status-publish","4":"has-post-thumbnail","6":"product_cat-vente","7":"product_tag-bois-de-santal","8":"product_tag-sables","9":"product_tag-sandales","10":"product_tag-whit-my-sands-fr","12":"first","13":"instock","14":"sale","15":"shipping-taxable","16":"purchasable","17":"product-type-variable","18":"has-default-attributes"},"jetpack_sharing_enabled":true,"_links":{"self":[{"href":"https:\/\/lighthouselocarno.ch\/fr\/wp-json\/wp\/v2\/product\/119594","targetHints":{"allow":["GET"]}}],"collection":[{"href":"https:\/\/lighthouselocarno.ch\/fr\/wp-json\/wp\/v2\/product"}],"about":[{"href":"https:\/\/lighthouselocarno.ch\/fr\/wp-json\/wp\/v2\/types\/product"}],"wp:featuredmedia":[{"embeddable":true,"href":"https:\/\/lighthouselocarno.ch\/fr\/wp-json\/wp\/v2\/media\/99694"}],"wp:attachment":[{"href":"https:\/\/lighthouselocarno.ch\/fr\/wp-json\/wp\/v2\/media?parent=119594"}],"wp:term":[{"taxonomy":"product_brand","embeddable":true,"href":"https:\/\/lighthouselocarno.ch\/fr\/wp-json\/wp\/v2\/product_brand?post=119594"},{"taxonomy":"product_cat","embeddable":true,"href":"https:\/\/lighthouselocarno.ch\/fr\/wp-json\/wp\/v2\/product_cat?post=119594"},{"taxonomy":"product_tag","embeddable":true,"href":"https:\/\/lighthouselocarno.ch\/fr\/wp-json\/wp\/v2\/product_tag?post=119594"}],"curies":[{"name":"wp","href":"https:\/\/api.w.org\/{rel}","templated":true}]}}