{"id":119621,"date":"2021-08-09T19:00:15","date_gmt":"2021-08-09T19:00:15","guid":{"rendered":"https:\/\/lighthouselocarno.ch\/prodotti\/sandale-nomad-camel\/"},"modified":"2021-08-09T19:00:15","modified_gmt":"2021-08-09T19:00:15","slug":"sandale-nomad-camel","status":"publish","type":"product","link":"https:\/\/lighthouselocarno.ch\/fr\/produit\/sandale-nomad-camel\/","title":{"rendered":"Sandale Nomad Camel"},"content":{"rendered":"<p>Sandales en cuir v\u00e9ritable<\/p>\n","protected":false},"excerpt":{"rendered":"<p>Vivez une exp\u00e9rience romantique et aventureuse tout en \u00e9tant \u00e0 la mode,<br \/>\navec la collection New Nomad Whit My Sands.<br \/>\nLes nouvelles sandales inspir\u00e9es des voyages nomades sont dot\u00e9es d&rsquo;une double bride \u00e9l\u00e9gante qui soutient la cheville lors de la d\u00e9couverte du monde.<\/p>\n<p>LES SANDALES SONT COUP\u00c9ES PETIT. N&rsquo;h\u00e9sitez pas \u00e0 acheter un nombre sup\u00e9rieur au v\u00f4tre !<\/p>\n<p>talon de 1 cm.<\/p>\n<p>&nbsp;<\/p>\n","protected":false},"featured_media":99724,"template":"","meta":{"_seopress_robots_primary_cat":"61","_seopress_titles_title":"","_seopress_titles_desc":"","_seopress_robots_index":""},"product_brand":[],"product_cat":[3756],"product_tag":[],"class_list":{"0":"post-119621","1":"product","2":"type-product","3":"status-publish","4":"has-post-thumbnail","6":"product_cat-vente","8":"first","9":"instock","10":"sale","11":"shipping-taxable","12":"purchasable","13":"product-type-variable","14":"has-default-attributes"},"jetpack_sharing_enabled":true,"_links":{"self":[{"href":"https:\/\/lighthouselocarno.ch\/fr\/wp-json\/wp\/v2\/product\/119621","targetHints":{"allow":["GET"]}}],"collection":[{"href":"https:\/\/lighthouselocarno.ch\/fr\/wp-json\/wp\/v2\/product"}],"about":[{"href":"https:\/\/lighthouselocarno.ch\/fr\/wp-json\/wp\/v2\/types\/product"}],"wp:featuredmedia":[{"embeddable":true,"href":"https:\/\/lighthouselocarno.ch\/fr\/wp-json\/wp\/v2\/media\/99724"}],"wp:attachment":[{"href":"https:\/\/lighthouselocarno.ch\/fr\/wp-json\/wp\/v2\/media?parent=119621"}],"wp:term":[{"taxonomy":"product_brand","embeddable":true,"href":"https:\/\/lighthouselocarno.ch\/fr\/wp-json\/wp\/v2\/product_brand?post=119621"},{"taxonomy":"product_cat","embeddable":true,"href":"https:\/\/lighthouselocarno.ch\/fr\/wp-json\/wp\/v2\/product_cat?post=119621"},{"taxonomy":"product_tag","embeddable":true,"href":"https:\/\/lighthouselocarno.ch\/fr\/wp-json\/wp\/v2\/product_tag?post=119621"}],"curies":[{"name":"wp","href":"https:\/\/api.w.org\/{rel}","templated":true}]}}