{"id":119643,"date":"2019-02-09T10:56:06","date_gmt":"2019-02-09T10:56:06","guid":{"rendered":"https:\/\/lighthouselocarno.ch\/prodotti\/pantalon-en-coton-fagiani\/"},"modified":"2023-08-24T10:20:10","modified_gmt":"2023-08-24T10:20:10","slug":"pantalon-beans-by-max-mara-leisure","status":"publish","type":"product","link":"https:\/\/lighthouselocarno.ch\/fr\/produit\/pantalon-beans-by-max-mara-leisure\/","title":{"rendered":"Pantalon en coton Max Mara"},"content":{"rendered":"<p>100% coton<\/p>\n<p>Lavable \u00e0 30-40 degr\u00e9s avec un savon doux, \u00e0 la main ou en machine \u00e0 laver<\/p>\n","protected":false},"excerpt":{"rendered":"<p>Pantalon Fagiani Max Mara Collection Loisirs.<br \/>\nBelle, \u00e9l\u00e9gante et sportive \u00e0 la fois.<\/p>\n<p>Disponible en rouge ou en blanc.<br \/>\nExcellente tenue.<br \/>\nTous les v\u00eatements de la collection Leisure sont marqu\u00e9s d&rsquo;un c\u00f4ne Swarowsky dans le dos.<br \/>\nUne touche de classe !<\/p>\n","protected":false},"featured_media":0,"template":"","meta":{"_seopress_robots_primary_cat":"none","_seopress_titles_title":"","_seopress_titles_desc":"","_seopress_robots_index":""},"product_brand":[],"product_cat":[3756],"product_tag":[4437,4441,4443,4447],"class_list":{"0":"post-119643","1":"product","2":"type-product","3":"status-publish","5":"product_cat-vente","6":"product_tag-max-mara-fr","7":"product_tag-max-mara-loisirs","8":"product_tag-pantalon","9":"product_tag-pantalon-fr","11":"first","12":"outofstock","13":"sale","14":"shipping-taxable","15":"purchasable","16":"product-type-variable"},"jetpack_sharing_enabled":true,"_links":{"self":[{"href":"https:\/\/lighthouselocarno.ch\/fr\/wp-json\/wp\/v2\/product\/119643","targetHints":{"allow":["GET"]}}],"collection":[{"href":"https:\/\/lighthouselocarno.ch\/fr\/wp-json\/wp\/v2\/product"}],"about":[{"href":"https:\/\/lighthouselocarno.ch\/fr\/wp-json\/wp\/v2\/types\/product"}],"wp:attachment":[{"href":"https:\/\/lighthouselocarno.ch\/fr\/wp-json\/wp\/v2\/media?parent=119643"}],"wp:term":[{"taxonomy":"product_brand","embeddable":true,"href":"https:\/\/lighthouselocarno.ch\/fr\/wp-json\/wp\/v2\/product_brand?post=119643"},{"taxonomy":"product_cat","embeddable":true,"href":"https:\/\/lighthouselocarno.ch\/fr\/wp-json\/wp\/v2\/product_cat?post=119643"},{"taxonomy":"product_tag","embeddable":true,"href":"https:\/\/lighthouselocarno.ch\/fr\/wp-json\/wp\/v2\/product_tag?post=119643"}],"curies":[{"name":"wp","href":"https:\/\/api.w.org\/{rel}","templated":true}]}}