{"id":119698,"date":"2021-08-24T10:00:08","date_gmt":"2021-08-24T10:00:08","guid":{"rendered":"https:\/\/lighthouselocarno.ch\/prodotti\/star-black-elegante-sandale\/"},"modified":"2021-08-24T10:00:08","modified_gmt":"2021-08-24T10:00:08","slug":"sandale-elegant-noir","status":"publish","type":"product","link":"https:\/\/lighthouselocarno.ch\/fr\/produit\/sandale-elegant-noir\/","title":{"rendered":"Star Black \u00e9l\u00e9gante sandale"},"content":{"rendered":"<p>Sandale en cuir v\u00e9ritable d\u00e9cor\u00e9e de perles.<\/p>\n","protected":false},"excerpt":{"rendered":"<p>La Star Collection est la sandale phare de la collection.<\/p>\n<p>Le style \u00e9l\u00e9gant est tr\u00e8s f\u00e9minin et permet d&rsquo;associer les sandales \u00e0 un jean, un pantalon classique ou une jolie petite robe noire. Les couleurs claires sont parfaites pour les journ\u00e9es d&rsquo;\u00e9t\u00e9 et les mariages. La gamme plus fonc\u00e9e convient sans aucun doute \u00e0 une tenue de soir\u00e9e !<\/p>\n<p class=\"font_8\"><strong>3 Couleurs<\/strong>: Noir \u00e9toil\u00e9 - Bronze \u00e9toil\u00e9 - Bleu \u00e9toil\u00e9<\/p>\n<p class=\"font_8\">La collection Star est un best-seller, ils scintillent avec \u00e9l\u00e9gance et sont disponibles en six couleurs pour s&rsquo;adapter \u00e0 tous les ensembles.<\/p>\n<p>Le style est tr\u00e8s f\u00e9minin, ce qui permet d&rsquo;associer les sandales \u00e0 un jean, un pantalon ou une petite robe noire. Les couleurs claires conviennent parfaitement aux journ\u00e9es d&rsquo;\u00e9t\u00e9 ou m\u00eame aux mariages, tandis que les couleurs plus fonc\u00e9es apportent sans effort une touche chic \u00e0 votre tenue de soir\u00e9e.<\/p>\n<p class=\"font_8\"><strong>3Couleurs<\/strong>: Star Black - Star Bronze - Star Blue<\/p>\n<p>Les <strong>sandales sont de taille petite<\/strong>, n&rsquo;h\u00e9sitez pas \u00e0 prendre une taille au-dessus !<\/p>\n<p class=\"font_8\"><strong>LA TAILLE DES SABLES EST TR\u00c8S PETITE<\/strong>, n&rsquo;h\u00e9sitez pas \u00e0 acheter un num\u00e9ro suppl\u00e9mentaire !<\/p>\n<p>&nbsp;<\/p>\n","protected":false},"featured_media":99703,"template":"","meta":{"_seopress_robots_primary_cat":"61","_seopress_titles_title":"","_seopress_titles_desc":"","_seopress_robots_index":""},"product_brand":[],"product_cat":[3756],"product_tag":[4466,4464,4468,4356,4374],"class_list":{"0":"post-119698","1":"product","2":"type-product","3":"status-publish","4":"has-post-thumbnail","6":"product_cat-vente","7":"product_tag-chaussures-fr","8":"product_tag-chaussures","9":"product_tag-lete","10":"product_tag-sables","11":"product_tag-sandales","13":"first","14":"instock","15":"sale","16":"shipping-taxable","17":"purchasable","18":"product-type-variable","19":"has-default-attributes"},"jetpack_sharing_enabled":true,"_links":{"self":[{"href":"https:\/\/lighthouselocarno.ch\/fr\/wp-json\/wp\/v2\/product\/119698","targetHints":{"allow":["GET"]}}],"collection":[{"href":"https:\/\/lighthouselocarno.ch\/fr\/wp-json\/wp\/v2\/product"}],"about":[{"href":"https:\/\/lighthouselocarno.ch\/fr\/wp-json\/wp\/v2\/types\/product"}],"wp:featuredmedia":[{"embeddable":true,"href":"https:\/\/lighthouselocarno.ch\/fr\/wp-json\/wp\/v2\/media\/99703"}],"wp:attachment":[{"href":"https:\/\/lighthouselocarno.ch\/fr\/wp-json\/wp\/v2\/media?parent=119698"}],"wp:term":[{"taxonomy":"product_brand","embeddable":true,"href":"https:\/\/lighthouselocarno.ch\/fr\/wp-json\/wp\/v2\/product_brand?post=119698"},{"taxonomy":"product_cat","embeddable":true,"href":"https:\/\/lighthouselocarno.ch\/fr\/wp-json\/wp\/v2\/product_cat?post=119698"},{"taxonomy":"product_tag","embeddable":true,"href":"https:\/\/lighthouselocarno.ch\/fr\/wp-json\/wp\/v2\/product_tag?post=119698"}],"curies":[{"name":"wp","href":"https:\/\/api.w.org\/{rel}","templated":true}]}}