{"id":119706,"date":"2021-08-09T19:00:26","date_gmt":"2021-08-09T19:00:26","guid":{"rendered":"https:\/\/lighthouselocarno.ch\/prodotti\/sandale-nomad-choco\/"},"modified":"2025-08-18T11:56:09","modified_gmt":"2025-08-18T11:56:09","slug":"sandale-nomad-choco","status":"publish","type":"product","link":"https:\/\/lighthouselocarno.ch\/fr\/produit\/sandale-nomad-choco\/","title":{"rendered":"Sandale Nomad Choco"},"content":{"rendered":"<p>Sandale en cuir v\u00e9ritable.<\/p>\n","protected":false},"excerpt":{"rendered":"<p>Vivez une exp\u00e9rience romantique et aventureuse tout en \u00e9tant \u00e0 la mode,<br \/>\navec la collection New Nomad Whit My Sands.<br \/>\nLes nouvelles sandales Nomad inspir\u00e9es du voyage sont dot\u00e9es d&rsquo;une double bride \u00e9l\u00e9gante qui offre un soutien \u00e0 la cheville lorsque vous d\u00e9couvrez le monde.<\/p>\n<p>LES SANDALES SONT DE PETITE TAILLE. N&rsquo;h\u00e9sitez pas \u00e0 acheter un nombre sup\u00e9rieur au v\u00f4tre !<\/p>\n","protected":false},"featured_media":99736,"template":"","meta":{"_seopress_robots_primary_cat":"61","_seopress_titles_title":"","_seopress_titles_desc":"","_seopress_robots_index":""},"product_brand":[],"product_cat":[3756],"product_tag":[],"class_list":{"0":"post-119706","1":"product","2":"type-product","3":"status-publish","4":"has-post-thumbnail","6":"product_cat-vente","8":"first","9":"instock","10":"sale","11":"shipping-taxable","12":"purchasable","13":"product-type-variable","14":"has-default-attributes"},"jetpack_sharing_enabled":true,"_links":{"self":[{"href":"https:\/\/lighthouselocarno.ch\/fr\/wp-json\/wp\/v2\/product\/119706","targetHints":{"allow":["GET"]}}],"collection":[{"href":"https:\/\/lighthouselocarno.ch\/fr\/wp-json\/wp\/v2\/product"}],"about":[{"href":"https:\/\/lighthouselocarno.ch\/fr\/wp-json\/wp\/v2\/types\/product"}],"wp:featuredmedia":[{"embeddable":true,"href":"https:\/\/lighthouselocarno.ch\/fr\/wp-json\/wp\/v2\/media\/99736"}],"wp:attachment":[{"href":"https:\/\/lighthouselocarno.ch\/fr\/wp-json\/wp\/v2\/media?parent=119706"}],"wp:term":[{"taxonomy":"product_brand","embeddable":true,"href":"https:\/\/lighthouselocarno.ch\/fr\/wp-json\/wp\/v2\/product_brand?post=119706"},{"taxonomy":"product_cat","embeddable":true,"href":"https:\/\/lighthouselocarno.ch\/fr\/wp-json\/wp\/v2\/product_cat?post=119706"},{"taxonomy":"product_tag","embeddable":true,"href":"https:\/\/lighthouselocarno.ch\/fr\/wp-json\/wp\/v2\/product_tag?post=119706"}],"curies":[{"name":"wp","href":"https:\/\/api.w.org\/{rel}","templated":true}]}}