{"id":119713,"date":"2021-08-09T19:00:09","date_gmt":"2021-08-09T19:00:09","guid":{"rendered":"https:\/\/lighthouselocarno.ch\/prodotti\/dolce-vita-black-studs-cross-sandal\/"},"modified":"2023-08-19T13:59:12","modified_gmt":"2023-08-19T13:59:12","slug":"sandale-sweet-life-noir-pointes","status":"publish","type":"product","link":"https:\/\/lighthouselocarno.ch\/fr\/produit\/sandale-sweet-life-noir-pointes\/","title":{"rendered":"Dolce Vita Black Studs Cross Sandal"},"content":{"rendered":"<p>Sandales en cuir v\u00e9ritable.<\/p>\n","protected":false},"excerpt":{"rendered":"<p>R\u00e9veillez la fashionista qui sommeille en vous avec la collection Dolce Vita. C&rsquo;est une sandale chic et polyvalente \u00e0 l&rsquo;esprit italien qui se pr\u00eate aussi bien \u00e0 la ville qu&rsquo;\u00e0 la plage ou \u00e0 la journ\u00e9e qu&rsquo;\u00e0 la soir\u00e9e. Disponible en trois mod\u00e8les \u00e0 porter : cuir naturel, daim ou clout\u00e9.<\/p>\n<p>Les sandales sont tr\u00e8s petites, n&rsquo;h\u00e9sitez pas \u00e0 prendre une taille au-dessus !<\/p>\n","protected":false},"featured_media":99763,"template":"","meta":{"_seopress_robots_primary_cat":"61","_seopress_titles_title":"","_seopress_titles_desc":"","_seopress_robots_index":""},"product_brand":[],"product_cat":[3756],"product_tag":[4351,4356,4440,4361],"class_list":{"0":"post-119713","1":"product","2":"type-product","3":"status-publish","4":"has-post-thumbnail","6":"product_cat-vente","7":"product_tag-bois-de-santal","8":"product_tag-sables","9":"product_tag-tongs","10":"product_tag-whit-my-sands-fr","12":"first","13":"instock","14":"sale","15":"shipping-taxable","16":"purchasable","17":"product-type-variable"},"jetpack_sharing_enabled":true,"_links":{"self":[{"href":"https:\/\/lighthouselocarno.ch\/fr\/wp-json\/wp\/v2\/product\/119713","targetHints":{"allow":["GET"]}}],"collection":[{"href":"https:\/\/lighthouselocarno.ch\/fr\/wp-json\/wp\/v2\/product"}],"about":[{"href":"https:\/\/lighthouselocarno.ch\/fr\/wp-json\/wp\/v2\/types\/product"}],"wp:featuredmedia":[{"embeddable":true,"href":"https:\/\/lighthouselocarno.ch\/fr\/wp-json\/wp\/v2\/media\/99763"}],"wp:attachment":[{"href":"https:\/\/lighthouselocarno.ch\/fr\/wp-json\/wp\/v2\/media?parent=119713"}],"wp:term":[{"taxonomy":"product_brand","embeddable":true,"href":"https:\/\/lighthouselocarno.ch\/fr\/wp-json\/wp\/v2\/product_brand?post=119713"},{"taxonomy":"product_cat","embeddable":true,"href":"https:\/\/lighthouselocarno.ch\/fr\/wp-json\/wp\/v2\/product_cat?post=119713"},{"taxonomy":"product_tag","embeddable":true,"href":"https:\/\/lighthouselocarno.ch\/fr\/wp-json\/wp\/v2\/product_tag?post=119713"}],"curies":[{"name":"wp","href":"https:\/\/api.w.org\/{rel}","templated":true}]}}