{"id":119789,"date":"2019-11-20T18:57:12","date_gmt":"2019-11-20T18:57:12","guid":{"rendered":"https:\/\/lighthouselocarno.ch\/prodotti\/boite-a-pain-avec-swarovski\/"},"modified":"2019-11-20T18:57:12","modified_gmt":"2019-11-20T18:57:12","slug":"support-avec-swarovski","status":"publish","type":"product","link":"https:\/\/lighthouselocarno.ch\/fr\/produit\/support-avec-swarovski\/","title":{"rendered":"Bo\u00eete \u00e0 pain avec Swarovski"},"content":{"rendered":"<p>CONSEILS DE BEAUT\u00c9<\/p>\n<p>WASH<br \/>\nLavable en machine \u00e0 30-40 degr\u00e9s.<br \/>\nTous les v\u00eatements Arte Pura sont teints \u00e0 la main dans des couleurs naturelles.<br \/>\nIl est possible qu&rsquo;ils perdent un peu de leur couleur lors des premiers lavages, ce qui donne une teinte vintage propre \u00e0 cette marque.<br \/>\nLorsque vous lavez des v\u00eatements aux couleurs anciennes, je vous recommande vivement d&rsquo;ajouter 1 kg de sel de mer dans la machine \u00e0 laver pendant les 3 \u00e0 4 premiers lavages afin de bien fixer les couleurs.<\/p>\n<p>Les pigments utilis\u00e9s pour la coloration sont tous d&rsquo;origine min\u00e9rale naturelle.<br \/>\nLes couleurs sont m\u00e9lang\u00e9es dans des bains sp\u00e9ciaux o\u00f9 les v\u00eatements sont teints un par un.<\/p>\n","protected":false},"excerpt":{"rendered":"<p><strong>Corbeille \u00e0 pain <\/strong>en toile d\u00e9cor\u00e9e de cristaux <strong>Swarovski<\/strong>.<\/p>\n<p>Id\u00e9al pour la <b>mise en place <\/b>de votre table.<\/p>\n<p>Il peut \u00e9galement \u00eatre utilis\u00e9 comme <b>panier de rangement dans la salle de bains<\/b>.<\/p>\n<p>Diam\u00e8tre 15 h 23 cm et 12 h 10 cm<\/p>\n","protected":false},"featured_media":99853,"template":"","meta":{"_seopress_robots_primary_cat":"79","_seopress_titles_title":"","_seopress_titles_desc":"","_seopress_robots_index":""},"product_brand":[],"product_cat":[3958,3747,3757],"product_tag":[4419,3774,4453,4485,4414],"class_list":{"0":"post-119789","1":"product","2":"type-product","3":"status-publish","4":"has-post-thumbnail","6":"product_cat-cuisine","7":"product_cat-decoration-interieure","8":"product_cat-table-fr","9":"product_tag-boite-a-pain","10":"product_tag-minable","11":"product_tag-shabbychic-fr","12":"product_tag-swarovski-fr","13":"product_tag-titulaire","15":"first","16":"instock","17":"shipping-taxable","18":"purchasable","19":"product-type-variable","20":"has-default-attributes"},"jetpack_sharing_enabled":true,"_links":{"self":[{"href":"https:\/\/lighthouselocarno.ch\/fr\/wp-json\/wp\/v2\/product\/119789","targetHints":{"allow":["GET"]}}],"collection":[{"href":"https:\/\/lighthouselocarno.ch\/fr\/wp-json\/wp\/v2\/product"}],"about":[{"href":"https:\/\/lighthouselocarno.ch\/fr\/wp-json\/wp\/v2\/types\/product"}],"wp:featuredmedia":[{"embeddable":true,"href":"https:\/\/lighthouselocarno.ch\/fr\/wp-json\/wp\/v2\/media\/99853"}],"wp:attachment":[{"href":"https:\/\/lighthouselocarno.ch\/fr\/wp-json\/wp\/v2\/media?parent=119789"}],"wp:term":[{"taxonomy":"product_brand","embeddable":true,"href":"https:\/\/lighthouselocarno.ch\/fr\/wp-json\/wp\/v2\/product_brand?post=119789"},{"taxonomy":"product_cat","embeddable":true,"href":"https:\/\/lighthouselocarno.ch\/fr\/wp-json\/wp\/v2\/product_cat?post=119789"},{"taxonomy":"product_tag","embeddable":true,"href":"https:\/\/lighthouselocarno.ch\/fr\/wp-json\/wp\/v2\/product_tag?post=119789"}],"curies":[{"name":"wp","href":"https:\/\/api.w.org\/{rel}","templated":true}]}}