{"id":119846,"date":"2022-02-13T11:30:30","date_gmt":"2022-02-13T11:30:30","guid":{"rendered":"https:\/\/lighthouselocarno.ch\/prodotti\/ballerines-en-cuir-verni-noir\/"},"modified":"2022-02-13T11:30:30","modified_gmt":"2022-02-13T11:30:30","slug":"ballerine-douleur-noir","status":"publish","type":"product","link":"https:\/\/lighthouselocarno.ch\/fr\/produit\/ballerine-douleur-noir\/","title":{"rendered":"Ballerines en cuir verni noir"},"content":{"rendered":"<p>Ballerines en cuir verni noir, 100% cuir.<br \/>\nSemelle en cuir v\u00e9ritable, talon de 5 mm en forme de goutte d&rsquo;eau. Pliable, vous pouvez toujours l&#8217;emporter avec vous &nbsp;dans votre sac dans la pochette fournie avec les ballerines.<br \/>\nFabriqu\u00e9 \u00e0 la main, origine Paris, France.<\/p>\n","protected":false},"excerpt":{"rendered":"<p><strong>Ballerines tr\u00e8s \u00e9l\u00e9gantes en cuir verni noir, int\u00e9rieur en cuir verni rouge.  <\/strong><br \/>\n100% <strong>cuir v\u00e9ritable, fait \u00e0 la main<\/strong>. Talon de 5 mm en forme de goutte d&rsquo;eau.<\/p>\n<p>Les <strong>ballerines<\/strong> sont les <strong>chaussures<\/strong> qui sortent tout droit des \u00e9coles de ballet et des grands op\u00e9ras : elles sont confortables, ont une allure \u00e9l\u00e9gante et chic et donnent \u00e0 la silhouette la gr\u00e2ce d&rsquo;une danseuse. Leur <strong>style classique et bon ton<\/strong> s&rsquo;adapte \u00e0 toutes les <strong>tenues<\/strong>. Les ballerines r\u00e9pondent au besoin de <strong>confort et de style<\/strong>, deux pr\u00e9rogatives essentielles dans la vie de tous les jours.<\/p>\n","protected":false},"featured_media":99922,"template":"","meta":{"_seopress_robots_primary_cat":"61","_seopress_titles_title":"","_seopress_titles_desc":"","_seopress_robots_index":""},"product_brand":[],"product_cat":[4349,3896,3780,3756],"product_tag":[4487,4496,4464,4466,4459,4034],"class_list":{"0":"post-119846","1":"product","2":"type-product","3":"status-publish","4":"has-post-thumbnail","6":"product_cat-chaussures","7":"product_cat-chaussures-et-accessoires","8":"product_cat-mode-femme","9":"product_cat-vente","10":"product_tag-bagllerina-fr","11":"product_tag-ballerines-en-cuir-verni","12":"product_tag-chaussures","13":"product_tag-chaussures-fr","14":"product_tag-danseurs","15":"product_tag-shoppinglocarno-fr","17":"first","18":"instock","19":"sale","20":"shipping-taxable","21":"purchasable","22":"product-type-variable","23":"has-default-attributes"},"jetpack_sharing_enabled":true,"_links":{"self":[{"href":"https:\/\/lighthouselocarno.ch\/fr\/wp-json\/wp\/v2\/product\/119846","targetHints":{"allow":["GET"]}}],"collection":[{"href":"https:\/\/lighthouselocarno.ch\/fr\/wp-json\/wp\/v2\/product"}],"about":[{"href":"https:\/\/lighthouselocarno.ch\/fr\/wp-json\/wp\/v2\/types\/product"}],"wp:featuredmedia":[{"embeddable":true,"href":"https:\/\/lighthouselocarno.ch\/fr\/wp-json\/wp\/v2\/media\/99922"}],"wp:attachment":[{"href":"https:\/\/lighthouselocarno.ch\/fr\/wp-json\/wp\/v2\/media?parent=119846"}],"wp:term":[{"taxonomy":"product_brand","embeddable":true,"href":"https:\/\/lighthouselocarno.ch\/fr\/wp-json\/wp\/v2\/product_brand?post=119846"},{"taxonomy":"product_cat","embeddable":true,"href":"https:\/\/lighthouselocarno.ch\/fr\/wp-json\/wp\/v2\/product_cat?post=119846"},{"taxonomy":"product_tag","embeddable":true,"href":"https:\/\/lighthouselocarno.ch\/fr\/wp-json\/wp\/v2\/product_tag?post=119846"}],"curies":[{"name":"wp","href":"https:\/\/api.w.org\/{rel}","templated":true}]}}