{"id":119848,"date":"2020-09-22T17:31:38","date_gmt":"2020-09-22T17:31:38","guid":{"rendered":"https:\/\/lighthouselocarno.ch\/prodotti\/top-blanc-avec-paillettes-dorees\/"},"modified":"2020-09-22T17:31:38","modified_gmt":"2020-09-22T17:31:38","slug":"top-blanc-a-paillettes-dorees","status":"publish","type":"product","link":"https:\/\/lighthouselocarno.ch\/fr\/produit\/top-blanc-a-paillettes-dorees\/","title":{"rendered":"Top blanc avec paillettes dor\u00e9es"},"content":{"rendered":"<p>100% coton gaufr\u00e9 doux, int\u00e9rieur en peluche, couleur lait comme sur l&rsquo;image. D\u00e9cor\u00e9 de paillettes dor\u00e9es sur le devant.<\/p>\n","protected":false},"excerpt":{"rendered":"<p>El\u00e9gant top en gaze 100% coton, d\u00e9cor\u00e9 de paillettes dor\u00e9es.<\/p>\n","protected":false},"featured_media":99895,"template":"","meta":{"_seopress_robots_primary_cat":"","_seopress_titles_title":"","_seopress_titles_desc":"","_seopress_robots_index":""},"product_brand":[],"product_cat":[3756],"product_tag":[4504,4505,4497,4501,4490,4506],"class_list":{"0":"post-119848","1":"product","2":"type-product","3":"status-publish","4":"has-post-thumbnail","6":"product_cat-vente","7":"product_tag-haut-de-page","8":"product_tag-haut-en-or","9":"product_tag-jour-de-lune-a-la-maison","10":"product_tag-paillettes-fr","11":"product_tag-sweatshirt","12":"product_tag-top-a-paillettes","14":"first","15":"instock","16":"sale","17":"shipping-taxable","18":"purchasable","19":"product-type-variable"},"jetpack_sharing_enabled":true,"_links":{"self":[{"href":"https:\/\/lighthouselocarno.ch\/fr\/wp-json\/wp\/v2\/product\/119848","targetHints":{"allow":["GET"]}}],"collection":[{"href":"https:\/\/lighthouselocarno.ch\/fr\/wp-json\/wp\/v2\/product"}],"about":[{"href":"https:\/\/lighthouselocarno.ch\/fr\/wp-json\/wp\/v2\/types\/product"}],"wp:featuredmedia":[{"embeddable":true,"href":"https:\/\/lighthouselocarno.ch\/fr\/wp-json\/wp\/v2\/media\/99895"}],"wp:attachment":[{"href":"https:\/\/lighthouselocarno.ch\/fr\/wp-json\/wp\/v2\/media?parent=119848"}],"wp:term":[{"taxonomy":"product_brand","embeddable":true,"href":"https:\/\/lighthouselocarno.ch\/fr\/wp-json\/wp\/v2\/product_brand?post=119848"},{"taxonomy":"product_cat","embeddable":true,"href":"https:\/\/lighthouselocarno.ch\/fr\/wp-json\/wp\/v2\/product_cat?post=119848"},{"taxonomy":"product_tag","embeddable":true,"href":"https:\/\/lighthouselocarno.ch\/fr\/wp-json\/wp\/v2\/product_tag?post=119848"}],"curies":[{"name":"wp","href":"https:\/\/api.w.org\/{rel}","templated":true}]}}