{"id":119856,"date":"2020-01-04T11:31:41","date_gmt":"2020-01-04T11:31:41","guid":{"rendered":"https:\/\/lighthouselocarno.ch\/prodotti\/meuble-bar-canova\/"},"modified":"2023-08-18T07:56:25","modified_gmt":"2023-08-18T07:56:25","slug":"mobile-bar-canova-arte-pura","status":"publish","type":"product","link":"https:\/\/lighthouselocarno.ch\/fr\/produit\/mobile-bar-canova-arte-pura\/","title":{"rendered":"Meuble bar Canova"},"content":{"rendered":"<p>Cadre en noyer.<br \/>\n\u00c9quip\u00e9 de 4 roues, de deux portes, d&rsquo;\u00e9tag\u00e8res et de tiroirs pratiques avec des boutons d\u00e9coratifs en m\u00e9tal Arte Pura.<br \/>\nPeint \u00e0 la main, blanc antique, acrylique.<br \/>\nLivr\u00e9 assembl\u00e9.<br \/>\nD\u00e9lai de livraison : environ 3 semaines.<\/p>\n","protected":false},"excerpt":{"rendered":"<p>Spectaculaire meuble bar fait \u00e0 la main.<br \/>\nConvient \u00e9galement comme console de cuisine ou de salle de bains.<br \/>\nCadre en noyer de Tanganyika, en partie massif et en partie plaqu\u00e9.<br \/>\n\u00c9quip\u00e9 de 4 roues.<br \/>\n5 tiroirs avec bouton en m\u00e9tal.<br \/>\n2 portes pliantes.<br \/>\nPeint \u00e0 la main, blanc antique, acrylique.<\/p>\n","protected":false},"featured_media":99937,"template":"","meta":{"_seopress_robots_primary_cat":"2553","_seopress_titles_title":"","_seopress_titles_desc":"","_seopress_robots_index":""},"product_brand":[],"product_cat":[3747,4109],"product_tag":[4509,3839,4514,3774,4511,4453],"class_list":{"0":"post-119856","1":"product","2":"type-product","3":"status-publish","4":"has-post-thumbnail","6":"product_cat-decoration-interieure","7":"product_cat-mobilier","8":"product_tag-armoire","9":"product_tag-art-pur","10":"product_tag-bar-mobile","11":"product_tag-minable","12":"product_tag-placard","13":"product_tag-shabbychic-fr","15":"first","16":"instock","17":"shipping-taxable","18":"purchasable","19":"product-type-simple"},"jetpack_sharing_enabled":true,"_links":{"self":[{"href":"https:\/\/lighthouselocarno.ch\/fr\/wp-json\/wp\/v2\/product\/119856","targetHints":{"allow":["GET"]}}],"collection":[{"href":"https:\/\/lighthouselocarno.ch\/fr\/wp-json\/wp\/v2\/product"}],"about":[{"href":"https:\/\/lighthouselocarno.ch\/fr\/wp-json\/wp\/v2\/types\/product"}],"wp:featuredmedia":[{"embeddable":true,"href":"https:\/\/lighthouselocarno.ch\/fr\/wp-json\/wp\/v2\/media\/99937"}],"wp:attachment":[{"href":"https:\/\/lighthouselocarno.ch\/fr\/wp-json\/wp\/v2\/media?parent=119856"}],"wp:term":[{"taxonomy":"product_brand","embeddable":true,"href":"https:\/\/lighthouselocarno.ch\/fr\/wp-json\/wp\/v2\/product_brand?post=119856"},{"taxonomy":"product_cat","embeddable":true,"href":"https:\/\/lighthouselocarno.ch\/fr\/wp-json\/wp\/v2\/product_cat?post=119856"},{"taxonomy":"product_tag","embeddable":true,"href":"https:\/\/lighthouselocarno.ch\/fr\/wp-json\/wp\/v2\/product_tag?post=119856"}],"curies":[{"name":"wp","href":"https:\/\/api.w.org\/{rel}","templated":true}]}}