{"id":119863,"date":"2022-02-13T11:25:55","date_gmt":"2022-02-13T11:25:55","guid":{"rendered":"https:\/\/lighthouselocarno.ch\/prodotti\/ballerines-en-cuir-verni-rouge-avec-fourrure\/"},"modified":"2022-02-13T11:25:55","modified_gmt":"2022-02-13T11:25:55","slug":"danseuses-vert-rouge-2","status":"publish","type":"product","link":"https:\/\/lighthouselocarno.ch\/fr\/produit\/danseuses-vert-rouge-2\/","title":{"rendered":"Ballerines en cuir verni rouge avec fourrure"},"content":{"rendered":"<p>Ballerines en cuir verni rouge, int\u00e9rieur en agneau v\u00e9ritable, talon de 1 cm.<br \/>\nMod\u00e8le quotidien couvrant la bo\u00eete \u00e0 orteils.<br \/>\n100% cuir v\u00e9ritable.<\/p>\n","protected":false},"excerpt":{"rendered":"<p><b>Chaussures de ballet en cuir verni rouge v\u00e9ritable<\/b>, tr\u00e8s chaudes car l&rsquo;<b>int\u00e9rieur est doubl\u00e9 de v\u00e9ritable peau d&rsquo;agneau<\/b>.<br \/>\nMod\u00e8le quotidien.<\/p>\n<p><strong>Fabriqu\u00e9es \u00e0 la main<\/strong>, <strong>semelle en cuir pliable<\/strong> unique et originale, talon en forme de goutte de 1 cm. <strong>Bagllerina Paris<\/strong>.<\/p>\n<p>Couleur <b>rouge<\/b>. <b>Mod\u00e8le polyvalent, id\u00e9al avec une tenue sport chic pour aller au bureau ou sous une robe de soir\u00e9e noire pour aller au th\u00e9\u00e2tre lors des froides soir\u00e9es d&rsquo;hiver. <\/b> <\/p>\n<p>En resserrant le n\u0153ud sur la pointe, vous pouvez r\u00e9duire votre ballerine d&rsquo;une demi-taille. Id\u00e9al pour ceux qui ont des probl\u00e8mes avec les demi-mesures ! Vous trouverez avec vos ballerines une <strong>\u00e9l\u00e9gante pochette<\/strong> du m\u00eame cuir pour les ranger dans votre sac.<\/p>\n","protected":false},"featured_media":99901,"template":"","meta":{"_seopress_robots_primary_cat":"61","_seopress_titles_title":"","_seopress_titles_desc":"","_seopress_robots_index":""},"product_brand":[],"product_cat":[4349,3896,3780,3756],"product_tag":[4487,4517,4516,4459,4519],"class_list":{"0":"post-119863","1":"product","2":"type-product","3":"status-publish","4":"has-post-thumbnail","6":"product_cat-chaussures","7":"product_cat-chaussures-et-accessoires","8":"product_cat-mode-femme","9":"product_cat-vente","10":"product_tag-bagllerina-fr","11":"product_tag-ballerines-dhiver","12":"product_tag-ballerines-en-cuir-verni-rouge","13":"product_tag-danseurs","14":"product_tag-danseuses-rouges","16":"first","17":"instock","18":"sale","19":"shipping-taxable","20":"purchasable","21":"product-type-variable","22":"has-default-attributes"},"jetpack_sharing_enabled":true,"_links":{"self":[{"href":"https:\/\/lighthouselocarno.ch\/fr\/wp-json\/wp\/v2\/product\/119863","targetHints":{"allow":["GET"]}}],"collection":[{"href":"https:\/\/lighthouselocarno.ch\/fr\/wp-json\/wp\/v2\/product"}],"about":[{"href":"https:\/\/lighthouselocarno.ch\/fr\/wp-json\/wp\/v2\/types\/product"}],"wp:featuredmedia":[{"embeddable":true,"href":"https:\/\/lighthouselocarno.ch\/fr\/wp-json\/wp\/v2\/media\/99901"}],"wp:attachment":[{"href":"https:\/\/lighthouselocarno.ch\/fr\/wp-json\/wp\/v2\/media?parent=119863"}],"wp:term":[{"taxonomy":"product_brand","embeddable":true,"href":"https:\/\/lighthouselocarno.ch\/fr\/wp-json\/wp\/v2\/product_brand?post=119863"},{"taxonomy":"product_cat","embeddable":true,"href":"https:\/\/lighthouselocarno.ch\/fr\/wp-json\/wp\/v2\/product_cat?post=119863"},{"taxonomy":"product_tag","embeddable":true,"href":"https:\/\/lighthouselocarno.ch\/fr\/wp-json\/wp\/v2\/product_tag?post=119863"}],"curies":[{"name":"wp","href":"https:\/\/api.w.org\/{rel}","templated":true}]}}