{"id":119868,"date":"2020-01-05T12:04:01","date_gmt":"2020-01-05T12:04:01","guid":{"rendered":"https:\/\/lighthouselocarno.ch\/prodotti\/buffet-pisanello\/"},"modified":"2023-08-24T10:50:30","modified_gmt":"2023-08-24T10:50:30","slug":"buffet-pisanello-art-pura","status":"publish","type":"product","link":"https:\/\/lighthouselocarno.ch\/fr\/produit\/buffet-pisanello-art-pura\/","title":{"rendered":"Buffet Pisanello"},"content":{"rendered":"<p>Buffet de style shabby fait \u00e0 la main avec dosseret.<br \/>\nFinement d\u00e9cor\u00e9e avec des boutons en m\u00e9tal Arte Pura.<\/p>\n<p>Equip\u00e9 de 4 roues, 2 portes, 2 \u00e9tag\u00e8res, 3 tiroirs, 1 rail lat\u00e9ral.<\/p>\n<p>Livr\u00e9 assembl\u00e9.<br \/>\nDimensions 65x40x170 cm.<br \/>\nCouleur blanc antique, acrylique.<\/p>\n<p>D\u00e9lai de livraison : environ 3 semaines.<\/p>\n","protected":false},"excerpt":{"rendered":"<p>Buffet fait main avec dosseret de style shabby de la collection Arte Pura.<br \/>\nFinition soign\u00e9e avec des boutons en m\u00e9tal Arte Pura.<br \/>\n\u00c9quip\u00e9 de 4 roues.<br \/>\nCouleur blanc antique, acrylique.<\/p>\n","protected":false},"featured_media":99955,"template":"","meta":{"_seopress_robots_primary_cat":"","_seopress_titles_title":"","_seopress_titles_desc":"","_seopress_robots_index":""},"product_brand":[],"product_cat":[3747,4109],"product_tag":[4526,3839,4529,4453,4523],"class_list":{"0":"post-119868","1":"product","2":"type-product","3":"status-publish","4":"has-post-thumbnail","6":"product_cat-decoration-interieure","7":"product_cat-mobilier","8":"product_tag-art-pauvre","9":"product_tag-art-pur","10":"product_tag-buffet","11":"product_tag-shabbychic-fr","12":"product_tag-vintage-fr","14":"first","15":"instock","16":"shipping-taxable","17":"purchasable","18":"product-type-variable"},"jetpack_sharing_enabled":true,"_links":{"self":[{"href":"https:\/\/lighthouselocarno.ch\/fr\/wp-json\/wp\/v2\/product\/119868","targetHints":{"allow":["GET"]}}],"collection":[{"href":"https:\/\/lighthouselocarno.ch\/fr\/wp-json\/wp\/v2\/product"}],"about":[{"href":"https:\/\/lighthouselocarno.ch\/fr\/wp-json\/wp\/v2\/types\/product"}],"wp:featuredmedia":[{"embeddable":true,"href":"https:\/\/lighthouselocarno.ch\/fr\/wp-json\/wp\/v2\/media\/99955"}],"wp:attachment":[{"href":"https:\/\/lighthouselocarno.ch\/fr\/wp-json\/wp\/v2\/media?parent=119868"}],"wp:term":[{"taxonomy":"product_brand","embeddable":true,"href":"https:\/\/lighthouselocarno.ch\/fr\/wp-json\/wp\/v2\/product_brand?post=119868"},{"taxonomy":"product_cat","embeddable":true,"href":"https:\/\/lighthouselocarno.ch\/fr\/wp-json\/wp\/v2\/product_cat?post=119868"},{"taxonomy":"product_tag","embeddable":true,"href":"https:\/\/lighthouselocarno.ch\/fr\/wp-json\/wp\/v2\/product_tag?post=119868"}],"curies":[{"name":"wp","href":"https:\/\/api.w.org\/{rel}","templated":true}]}}