{"id":119881,"date":"2020-01-04T11:25:34","date_gmt":"2020-01-04T11:25:34","guid":{"rendered":"https:\/\/lighthouselocarno.ch\/prodotti\/table-guttuso\/"},"modified":"2024-12-16T09:47:25","modified_gmt":"2024-12-16T09:47:25","slug":"table-art-pure","status":"publish","type":"product","link":"https:\/\/lighthouselocarno.ch\/fr\/produit\/table-art-pure\/","title":{"rendered":"Table Guttuso"},"content":{"rendered":"<p>Table fabriqu\u00e9e \u00e0 la main, collection Dress Your Space - Arte Pura. Pied central, plateau rabattable. Cette pi\u00e8ce est id\u00e9ale pour \u00eatre utilis\u00e9e seule ou accompagn\u00e9e de deux chaises. Enti\u00e8rement fabriqu\u00e9e \u00e0 la main.<\/p>\n<p>Couleur : laque acrylique mate blanc antique. Mat\u00e9riau : bois de peuplier massif et contreplaqu\u00e9. Dimensions : 70 x 70 x 72 Poids : 7kg Livr\u00e9e assembl\u00e9e. Le produit ne peut \u00eatre fourni que sur commande. D\u00e9lai d&rsquo;attente : environ 3 semaines.<\/p>\n","protected":false},"excerpt":{"rendered":"<p>Table avec plateau inclinable - Arte Pura. Le plateau est pliable. Peint \u00e0 la main, acrylique blanc antique mat.<\/p>\n","protected":false},"featured_media":99928,"template":"","meta":{"_seopress_robots_primary_cat":"none","_seopress_titles_title":"","_seopress_titles_desc":"","_seopress_robots_index":""},"product_brand":[],"product_cat":[3747,4109],"product_tag":[3839,3774,4533,4536,4523],"class_list":{"0":"post-119881","1":"product","2":"type-product","3":"status-publish","4":"has-post-thumbnail","6":"product_cat-decoration-interieure","7":"product_cat-mobilier","8":"product_tag-art-pur","9":"product_tag-minable","10":"product_tag-table-fr","11":"product_tag-tableau","12":"product_tag-vintage-fr","14":"first","15":"instock","16":"shipping-taxable","17":"purchasable","18":"product-type-variable"},"jetpack_sharing_enabled":true,"_links":{"self":[{"href":"https:\/\/lighthouselocarno.ch\/fr\/wp-json\/wp\/v2\/product\/119881","targetHints":{"allow":["GET"]}}],"collection":[{"href":"https:\/\/lighthouselocarno.ch\/fr\/wp-json\/wp\/v2\/product"}],"about":[{"href":"https:\/\/lighthouselocarno.ch\/fr\/wp-json\/wp\/v2\/types\/product"}],"wp:featuredmedia":[{"embeddable":true,"href":"https:\/\/lighthouselocarno.ch\/fr\/wp-json\/wp\/v2\/media\/99928"}],"wp:attachment":[{"href":"https:\/\/lighthouselocarno.ch\/fr\/wp-json\/wp\/v2\/media?parent=119881"}],"wp:term":[{"taxonomy":"product_brand","embeddable":true,"href":"https:\/\/lighthouselocarno.ch\/fr\/wp-json\/wp\/v2\/product_brand?post=119881"},{"taxonomy":"product_cat","embeddable":true,"href":"https:\/\/lighthouselocarno.ch\/fr\/wp-json\/wp\/v2\/product_cat?post=119881"},{"taxonomy":"product_tag","embeddable":true,"href":"https:\/\/lighthouselocarno.ch\/fr\/wp-json\/wp\/v2\/product_tag?post=119881"}],"curies":[{"name":"wp","href":"https:\/\/api.w.org\/{rel}","templated":true}]}}