{"id":119900,"date":"2020-01-05T12:17:24","date_gmt":"2020-01-05T12:17:24","guid":{"rendered":"https:\/\/lighthouselocarno.ch\/prodotti\/michelangelo-150-garde-robe\/"},"modified":"2023-08-24T10:50:24","modified_gmt":"2023-08-24T10:50:24","slug":"cabinet-michelangelo-150-pure-art","status":"publish","type":"product","link":"https:\/\/lighthouselocarno.ch\/fr\/produit\/cabinet-michelangelo-150-pure-art\/","title":{"rendered":"Michelangelo 150 garde-robe"},"content":{"rendered":"<p>Armoire de style Shabby de Pure Art.<br \/>\nCouleur blanc antique, acrylique.<br \/>\nLivr\u00e9 d\u00e9j\u00e0 assembl\u00e9.<br \/>\nEquip\u00e9 de 4 roues, 4 \u00e9tag\u00e8res finement finies \u00e0 la main, 2 portemanteaux.<br \/>\nCadre en noyer Tanganyika, en partie massif et en partie plaqu\u00e9.<br \/>\nDimensions 145x40x185 cm<br \/>\nPoids 60kg<br \/>\nD\u00e9lai de livraison : environ 3 semaines.<\/p>\n","protected":false},"excerpt":{"rendered":"<p>Le style de la garde-robe de la collection Dress our Spade d&rsquo;Arte Pura est magnifique et distinctif.<br \/>\nCompl\u00e8tement ouvert, il est mont\u00e9 sur des roulettes qui permettent de le d\u00e9placer o\u00f9 l&rsquo;on veut, m\u00eame lorsqu&rsquo;il est plein !<br \/>\nL&rsquo;armoire se compose de deux compartiments s\u00e9par\u00e9s, de quatre \u00e9tag\u00e8res qui peuvent \u00eatre d\u00e9plac\u00e9es \u00e0 votre guise et d&rsquo;une tringle \u00e0 v\u00eatements.<br \/>\nCouleur blanc antique, acrylique.<br \/>\nL&rsquo;armoire est livr\u00e9e pr\u00eate \u00e0 l&#8217;emploi !<\/p>\n","protected":false},"featured_media":99967,"template":"","meta":{"_seopress_robots_primary_cat":"","_seopress_titles_title":"","_seopress_titles_desc":"","_seopress_robots_index":""},"product_brand":[],"product_cat":[3747,4109],"product_tag":[4509,4526,4453,4549,4523],"class_list":{"0":"post-119900","1":"product","2":"type-product","3":"status-publish","4":"has-post-thumbnail","6":"product_cat-decoration-interieure","7":"product_cat-mobilier","8":"product_tag-armoire","9":"product_tag-art-pauvre","10":"product_tag-shabbychic-fr","11":"product_tag-sont-purs","12":"product_tag-vintage-fr","14":"first","15":"instock","16":"shipping-taxable","17":"purchasable","18":"product-type-simple"},"jetpack_sharing_enabled":true,"_links":{"self":[{"href":"https:\/\/lighthouselocarno.ch\/fr\/wp-json\/wp\/v2\/product\/119900","targetHints":{"allow":["GET"]}}],"collection":[{"href":"https:\/\/lighthouselocarno.ch\/fr\/wp-json\/wp\/v2\/product"}],"about":[{"href":"https:\/\/lighthouselocarno.ch\/fr\/wp-json\/wp\/v2\/types\/product"}],"wp:featuredmedia":[{"embeddable":true,"href":"https:\/\/lighthouselocarno.ch\/fr\/wp-json\/wp\/v2\/media\/99967"}],"wp:attachment":[{"href":"https:\/\/lighthouselocarno.ch\/fr\/wp-json\/wp\/v2\/media?parent=119900"}],"wp:term":[{"taxonomy":"product_brand","embeddable":true,"href":"https:\/\/lighthouselocarno.ch\/fr\/wp-json\/wp\/v2\/product_brand?post=119900"},{"taxonomy":"product_cat","embeddable":true,"href":"https:\/\/lighthouselocarno.ch\/fr\/wp-json\/wp\/v2\/product_cat?post=119900"},{"taxonomy":"product_tag","embeddable":true,"href":"https:\/\/lighthouselocarno.ch\/fr\/wp-json\/wp\/v2\/product_tag?post=119900"}],"curies":[{"name":"wp","href":"https:\/\/api.w.org\/{rel}","templated":true}]}}