{"id":119902,"date":"2020-01-04T21:27:33","date_gmt":"2020-01-04T21:27:33","guid":{"rendered":"https:\/\/lighthouselocarno.ch\/prodotti\/librairie-secretaire-donatello\/"},"modified":"2023-08-24T10:38:56","modified_gmt":"2023-08-24T10:38:56","slug":"librairie-secretaire-donatello-arte-pura","status":"publish","type":"product","link":"https:\/\/lighthouselocarno.ch\/fr\/produit\/librairie-secretaire-donatello-arte-pura\/","title":{"rendered":"Librairie Secr\u00e9taire Donatello"},"content":{"rendered":"<p>Biblioth\u00e8que secr\u00e9taire dans le style Arte Povera.<br \/>\n\u00c9quip\u00e9 de 4 roues, de 2 \u00e9tag\u00e8res, d&rsquo;un abattant et de 2 tiroirs.<br \/>\nDimensions 88x46x190 cm.<br \/>\nPoids 60 kg<br \/>\n\u00c9pic\u00e9a et peuplier massifs et multicouches.<br \/>\nCouleur blanc antique mat, acrylique.<br \/>\nLivr\u00e9 assembl\u00e9.<br \/>\nD\u00e9lai de livraison : environ 3 semaines.<\/p>\n","protected":false},"excerpt":{"rendered":"<p>Biblioth\u00e8que Secr\u00e9taire, collection Arte Pura.<br \/>\n\u00c9quip\u00e9 de 4 roues, de 2 \u00e9tag\u00e8res, d&rsquo;un abattant et de 2 tiroirs.<br \/>\nCouleur blanc antique mat, acrylique.<\/p>\n","protected":false},"featured_media":99946,"template":"","meta":{"_seopress_robots_primary_cat":"none","_seopress_titles_title":"","_seopress_titles_desc":"","_seopress_robots_index":""},"product_brand":[],"product_cat":[3747,4109],"product_tag":[3839,4551,4554,4548,4555],"class_list":{"0":"post-119902","1":"product","2":"type-product","3":"status-publish","4":"has-post-thumbnail","6":"product_cat-decoration-interieure","7":"product_cat-mobilier","8":"product_tag-art-pur","9":"product_tag-bibliotheque-shabby","10":"product_tag-bureau","11":"product_tag-librairie","12":"product_tag-secretaire-fr","14":"first","15":"instock","16":"shipping-taxable","17":"purchasable","18":"product-type-variable"},"jetpack_sharing_enabled":true,"_links":{"self":[{"href":"https:\/\/lighthouselocarno.ch\/fr\/wp-json\/wp\/v2\/product\/119902","targetHints":{"allow":["GET"]}}],"collection":[{"href":"https:\/\/lighthouselocarno.ch\/fr\/wp-json\/wp\/v2\/product"}],"about":[{"href":"https:\/\/lighthouselocarno.ch\/fr\/wp-json\/wp\/v2\/types\/product"}],"wp:featuredmedia":[{"embeddable":true,"href":"https:\/\/lighthouselocarno.ch\/fr\/wp-json\/wp\/v2\/media\/99946"}],"wp:attachment":[{"href":"https:\/\/lighthouselocarno.ch\/fr\/wp-json\/wp\/v2\/media?parent=119902"}],"wp:term":[{"taxonomy":"product_brand","embeddable":true,"href":"https:\/\/lighthouselocarno.ch\/fr\/wp-json\/wp\/v2\/product_brand?post=119902"},{"taxonomy":"product_cat","embeddable":true,"href":"https:\/\/lighthouselocarno.ch\/fr\/wp-json\/wp\/v2\/product_cat?post=119902"},{"taxonomy":"product_tag","embeddable":true,"href":"https:\/\/lighthouselocarno.ch\/fr\/wp-json\/wp\/v2\/product_tag?post=119902"}],"curies":[{"name":"wp","href":"https:\/\/api.w.org\/{rel}","templated":true}]}}