{"id":119903,"date":"2020-06-02T10:10:27","date_gmt":"2020-06-02T10:10:27","guid":{"rendered":"https:\/\/lighthouselocarno.ch\/prodotti\/sandale-doree-etincelante\/"},"modified":"2023-08-24T10:11:05","modified_gmt":"2023-08-24T10:11:05","slug":"sandale-etincelante-or","status":"publish","type":"product","link":"https:\/\/lighthouselocarno.ch\/fr\/produit\/sandale-etincelante-or\/","title":{"rendered":"Sandale dor\u00e9e \u00e9tincelante"},"content":{"rendered":"<p>La Sparkly Collection est la sandale phare de la collection. El\u00e9gant, disponible en trois couleurs \u00e0 la mode.<\/p>\n<p>Le style est tr\u00e8s f\u00e9minin et permet d&rsquo;associer les sandales \u00e0 un jean, un pantalon classique ou une jolie petite robe noire. Les couleurs claires sont parfaites pour les journ\u00e9es d&rsquo;\u00e9t\u00e9 et les mariages. La gamme plus fonc\u00e9e convient sans aucun doute \u00e0 une tenue de soir\u00e9e !<\/p>\n<p class=\"font_8\"><strong>3 Couleurs<\/strong>: Nude \u00e9tincelant - Bronze \u00e9tincelant - Bleu \u00e9tincelant<\/p>\n<p class=\"font_8\">La collection \u00e9tincelante est un best-seller, elle scintille avec \u00e9l\u00e9gance et est disponible en six couleurs pour s&rsquo;adapter \u00e0 tous les ensembles.<\/p>\n<p>Le style est tr\u00e8s f\u00e9minin, ce qui permet d&rsquo;associer les sandales \u00e0 un jean, un pantalon ou une petite robe noire. Les couleurs claires conviennent parfaitement aux journ\u00e9es d&rsquo;\u00e9t\u00e9 ou m\u00eame aux mariages et les couleurs plus fonc\u00e9es apportent sans effort une finition chic \u00e0 votre tenue de soir\u00e9e.<\/p>\n<p class=\"font_8\"><strong>3Couleurs<\/strong>: Champagne \u00e9tincelant - Bronze \u00e9tincelant - Bleu \u00e9tincelant<\/p>\n<p>Les <strong>sandales sont de taille petite<\/strong>, n&rsquo;h\u00e9sitez pas \u00e0 prendre une taille au-dessus !<\/p>\n<p class=\"font_8\"><strong>LA TAILLE DES SABLES EST TR\u00c8S PETITE<\/strong>, n&rsquo;h\u00e9sitez pas \u00e0 acheter un num\u00e9ro suppl\u00e9mentaire !<\/p>\n","protected":false},"excerpt":{"rendered":"<p>Sandales confortables et \u00e9l\u00e9gantes.<br \/>\n100% cuir v\u00e9ritable et strass. Talon 1 cm.<br \/>\nLes sandales sont de taille petite, n&rsquo;h\u00e9sitez pas \u00e0 prendre une taille au-dessus !<\/p>\n","protected":false},"featured_media":99898,"template":"","meta":{"_seopress_robots_primary_cat":"","_seopress_titles_title":"","_seopress_titles_desc":"","_seopress_robots_index":""},"product_brand":[],"product_cat":[4349,3896,3780,3756],"product_tag":[4351,4547,4550],"class_list":{"0":"post-119903","1":"product","2":"type-product","3":"status-publish","4":"has-post-thumbnail","6":"product_cat-chaussures","7":"product_cat-chaussures-et-accessoires","8":"product_cat-mode-femme","9":"product_cat-vente","10":"product_tag-bois-de-santal","11":"product_tag-sandales-elegantes","12":"product_tag-sandales-en-strass-dore","14":"first","15":"instock","16":"sale","17":"shipping-taxable","18":"purchasable","19":"product-type-variable","20":"has-default-attributes"},"jetpack_sharing_enabled":true,"_links":{"self":[{"href":"https:\/\/lighthouselocarno.ch\/fr\/wp-json\/wp\/v2\/product\/119903","targetHints":{"allow":["GET"]}}],"collection":[{"href":"https:\/\/lighthouselocarno.ch\/fr\/wp-json\/wp\/v2\/product"}],"about":[{"href":"https:\/\/lighthouselocarno.ch\/fr\/wp-json\/wp\/v2\/types\/product"}],"wp:featuredmedia":[{"embeddable":true,"href":"https:\/\/lighthouselocarno.ch\/fr\/wp-json\/wp\/v2\/media\/99898"}],"wp:attachment":[{"href":"https:\/\/lighthouselocarno.ch\/fr\/wp-json\/wp\/v2\/media?parent=119903"}],"wp:term":[{"taxonomy":"product_brand","embeddable":true,"href":"https:\/\/lighthouselocarno.ch\/fr\/wp-json\/wp\/v2\/product_brand?post=119903"},{"taxonomy":"product_cat","embeddable":true,"href":"https:\/\/lighthouselocarno.ch\/fr\/wp-json\/wp\/v2\/product_cat?post=119903"},{"taxonomy":"product_tag","embeddable":true,"href":"https:\/\/lighthouselocarno.ch\/fr\/wp-json\/wp\/v2\/product_tag?post=119903"}],"curies":[{"name":"wp","href":"https:\/\/api.w.org\/{rel}","templated":true}]}}